{"id":1727,"date":"2026-01-13T10:20:08","date_gmt":"2026-01-13T10:20:08","guid":{"rendered":"http:\/\/tentenwerk.nl\/?post_type=product&#038;p=1727"},"modified":"2026-01-13T13:16:33","modified_gmt":"2026-01-13T13:16:33","slug":"huur-ivory-tent-transparant-14x25m","status":"publish","type":"product","link":"https:\/\/tentenwerk.nl\/de\/produkt\/huur-ivory-tent-transparant-14x25m\/","title":{"rendered":"Ivory-Zelt mieten \u2013 transparent \u2013 14 \u00d7 25 m"},"content":{"rendered":"<p>Wirklich die allersch\u00f6nste aller Zelte! Dieses superstylische, transparente Sailcloth-Zelt strahlt Ihnen entgegen. Mit Beleuchtung schaffen Sie am Abend eine stimmungsvolle Location, und tags\u00fcber wirkt das Zelt wie ein luxuri\u00f6ses Gew\u00e4chshaus.<\/p>\n<p>In verschiedenen Gr\u00f6\u00dfen erh\u00e4ltlich (mit 1, 2 oder 3 Mittelmasten) und optional mit transparenten oder wei\u00dfen Seitenw\u00e4nden. Es handelt sich hierbei um:<\/p>\n<p>14 \u00d7 25 m: 3 Mittelmasten, ca. 275 G\u00e4ste (sitzend), 307 m\u00b2 Fl\u00e4che, 344 m\u00b2 Boden (optional), 22 Seitenw\u00e4nde (optional)<\/p>","protected":false},"excerpt":{"rendered":"<p>Echt de \u00e1llermooiste van alle tenten! Deze superstijlvolle, transparante sailcloth tent gloeit je tegemoet. Met verlichting bouw je een sfeervolle [&hellip;]<\/p>\n","protected":false},"featured_media":22,"template":"","meta":{"_uag_custom_page_level_css":"","site-sidebar-layout":"default","site-content-layout":"","ast-site-content-layout":"default","site-content-style":"default","site-sidebar-style":"default","ast-global-header-display":"","ast-banner-title-visibility":"","ast-main-header-display":"","ast-hfb-above-header-display":"","ast-hfb-below-header-display":"","ast-hfb-mobile-header-display":"","site-post-title":"","ast-breadcrumbs-content":"","ast-featured-img":"","footer-sml-layout":"","ast-disable-related-posts":"","theme-transparent-header-meta":"default","adv-header-id-meta":"","stick-header-meta":"","header-above-stick-meta":"","header-main-stick-meta":"","header-below-stick-meta":"","astra-migrate-meta-layouts":"set","ast-page-background-enabled":"default","ast-page-background-meta":{"desktop":{"background-color":"var(--ast-global-color-4)","background-image":"","background-repeat":"repeat","background-position":"center center","background-size":"auto","background-attachment":"scroll","background-type":"","background-media":"","overlay-type":"","overlay-color":"","overlay-opacity":"","overlay-gradient":""},"tablet":{"background-color":"","background-image":"","background-repeat":"repeat","background-position":"center center","background-size":"auto","background-attachment":"scroll","background-type":"","background-media":"","overlay-type":"","overlay-color":"","overlay-opacity":"","overlay-gradient":""},"mobile":{"background-color":"","background-image":"","background-repeat":"repeat","background-position":"center center","background-size":"auto","background-attachment":"scroll","background-type":"","background-media":"","overlay-type":"","overlay-color":"","overlay-opacity":"","overlay-gradient":""}},"ast-content-background-meta":{"desktop":{"background-color":"var(--ast-global-color-5)","background-image":"","background-repeat":"repeat","background-position":"center center","background-size":"auto","background-attachment":"scroll","background-type":"","background-media":"","overlay-type":"","overlay-color":"","overlay-opacity":"","overlay-gradient":""},"tablet":{"background-color":"var(--ast-global-color-5)","background-image":"","background-repeat":"repeat","background-position":"center center","background-size":"auto","background-attachment":"scroll","background-type":"","background-media":"","overlay-type":"","overlay-color":"","overlay-opacity":"","overlay-gradient":""},"mobile":{"background-color":"var(--ast-global-color-5)","background-image":"","background-repeat":"repeat","background-position":"center center","background-size":"auto","background-attachment":"scroll","background-type":"","background-media":"","overlay-type":"","overlay-color":"","overlay-opacity":"","overlay-gradient":""}}},"product_brand":[],"product_cat":[46,19],"product_tag":[],"class_list":{"0":"post-1727","1":"product","2":"type-product","3":"status-publish","4":"has-post-thumbnail","6":"product_cat-sailcloth-ivory-tenten","7":"product_cat-tenten","8":"desktop-align-left","9":"tablet-align-left","10":"mobile-align-left","12":"first","13":"instock","14":"taxable","15":"shipping-taxable","16":"purchasable","17":"product-type-simple"},"yoast_head":"<!-- This site is optimized with the Yoast SEO plugin v27.4 - https:\/\/yoast.com\/product\/yoast-seo-wordpress\/ -->\n<title>Huur ivory tent - transparant - 14x25m - Tentenwerk<\/title>\n<meta name=\"robots\" content=\"index, follow, max-snippet:-1, max-image-preview:large, max-video-preview:-1\" \/>\n<link rel=\"canonical\" href=\"https:\/\/tentenwerk.nl\/de\/produkt\/huur-ivory-tent-transparant-14x25m\/\" \/>\n<meta property=\"og:locale\" content=\"de_DE\" \/>\n<meta property=\"og:type\" content=\"article\" \/>\n<meta property=\"og:title\" content=\"Huur ivory tent - transparant - 14x25m - Tentenwerk\" \/>\n<meta property=\"og:description\" content=\"Echt de \u00e1llermooiste van alle tenten! Deze superstijlvolle, transparante sailcloth tent gloeit je tegemoet. Met verlichting bouw je een sfeervolle [&hellip;]\" \/>\n<meta property=\"og:url\" content=\"https:\/\/tentenwerk.nl\/de\/produkt\/huur-ivory-tent-transparant-14x25m\/\" \/>\n<meta property=\"og:site_name\" content=\"Tentenwerk\" \/>\n<meta property=\"article:publisher\" content=\"https:\/\/www.facebook.com\/tentenwerk\" \/>\n<meta property=\"article:modified_time\" content=\"2026-01-13T13:16:33+00:00\" \/>\n<meta property=\"og:image\" content=\"https:\/\/tentenwerk.nl\/wp-content\/uploads\/2025\/09\/Tentenwerk-transparante-ivory-sailcloth-tent-14x25m-scaled.jpeg\" \/>\n\t<meta property=\"og:image:width\" content=\"2560\" \/>\n\t<meta property=\"og:image:height\" content=\"1920\" \/>\n\t<meta property=\"og:image:type\" content=\"image\/jpeg\" \/>\n<meta name=\"twitter:card\" content=\"summary_large_image\" \/>\n<meta name=\"twitter:label1\" content=\"Gesch\u00e4tzte Lesezeit\" \/>\n\t<meta name=\"twitter:data1\" content=\"1\u00a0Minute\" \/>\n<script type=\"application\/ld+json\" class=\"yoast-schema-graph\">{\"@context\":\"https:\\\/\\\/schema.org\",\"@graph\":[{\"@type\":\"WebPage\",\"@id\":\"https:\\\/\\\/tentenwerk.nl\\\/product\\\/huur-ivory-tent-transparant-14x25m\\\/\",\"url\":\"https:\\\/\\\/tentenwerk.nl\\\/product\\\/huur-ivory-tent-transparant-14x25m\\\/\",\"name\":\"Huur ivory tent - transparant - 14x25m - Tentenwerk\",\"isPartOf\":{\"@id\":\"https:\\\/\\\/tentenwerk.nl\\\/#website\"},\"primaryImageOfPage\":{\"@id\":\"https:\\\/\\\/tentenwerk.nl\\\/product\\\/huur-ivory-tent-transparant-14x25m\\\/#primaryimage\"},\"image\":{\"@id\":\"https:\\\/\\\/tentenwerk.nl\\\/product\\\/huur-ivory-tent-transparant-14x25m\\\/#primaryimage\"},\"thumbnailUrl\":\"https:\\\/\\\/tentenwerk.nl\\\/wp-content\\\/uploads\\\/2025\\\/09\\\/Tentenwerk-transparante-ivory-sailcloth-tent-14x25m-scaled.jpeg\",\"datePublished\":\"2026-01-13T10:20:08+00:00\",\"dateModified\":\"2026-01-13T13:16:33+00:00\",\"breadcrumb\":{\"@id\":\"https:\\\/\\\/tentenwerk.nl\\\/product\\\/huur-ivory-tent-transparant-14x25m\\\/#breadcrumb\"},\"inLanguage\":\"de\",\"potentialAction\":[{\"@type\":\"ReadAction\",\"target\":[\"https:\\\/\\\/tentenwerk.nl\\\/product\\\/huur-ivory-tent-transparant-14x25m\\\/\"]}]},{\"@type\":\"ImageObject\",\"inLanguage\":\"de\",\"@id\":\"https:\\\/\\\/tentenwerk.nl\\\/product\\\/huur-ivory-tent-transparant-14x25m\\\/#primaryimage\",\"url\":\"https:\\\/\\\/tentenwerk.nl\\\/wp-content\\\/uploads\\\/2025\\\/09\\\/Tentenwerk-transparante-ivory-sailcloth-tent-14x25m-scaled.jpeg\",\"contentUrl\":\"https:\\\/\\\/tentenwerk.nl\\\/wp-content\\\/uploads\\\/2025\\\/09\\\/Tentenwerk-transparante-ivory-sailcloth-tent-14x25m-scaled.jpeg\",\"width\":2560,\"height\":1920},{\"@type\":\"BreadcrumbList\",\"@id\":\"https:\\\/\\\/tentenwerk.nl\\\/product\\\/huur-ivory-tent-transparant-14x25m\\\/#breadcrumb\",\"itemListElement\":[{\"@type\":\"ListItem\",\"position\":1,\"name\":\"Home\",\"item\":\"https:\\\/\\\/tentenwerk.nl\\\/\"},{\"@type\":\"ListItem\",\"position\":2,\"name\":\"offerteaanvraag\",\"item\":\"https:\\\/\\\/tentenwerk.nl\\\/offerteaanvraag-2\\\/\"},{\"@type\":\"ListItem\",\"position\":3,\"name\":\"Huur ivory tent &#8211; transparant &#8211; 14x25m\"}]},{\"@type\":\"WebSite\",\"@id\":\"https:\\\/\\\/tentenwerk.nl\\\/#website\",\"url\":\"https:\\\/\\\/tentenwerk.nl\\\/\",\"name\":\"Tentenwerk\",\"description\":\"verhuur van stijlvolle tenten en toebehoren\",\"publisher\":{\"@id\":\"https:\\\/\\\/tentenwerk.nl\\\/#organization\"},\"potentialAction\":[{\"@type\":\"SearchAction\",\"target\":{\"@type\":\"EntryPoint\",\"urlTemplate\":\"https:\\\/\\\/tentenwerk.nl\\\/?s={search_term_string}\"},\"query-input\":{\"@type\":\"PropertyValueSpecification\",\"valueRequired\":true,\"valueName\":\"search_term_string\"}}],\"inLanguage\":\"de\"},{\"@type\":\"Organization\",\"@id\":\"https:\\\/\\\/tentenwerk.nl\\\/#organization\",\"name\":\"Tentenwerk\",\"url\":\"https:\\\/\\\/tentenwerk.nl\\\/\",\"logo\":{\"@type\":\"ImageObject\",\"inLanguage\":\"de\",\"@id\":\"https:\\\/\\\/tentenwerk.nl\\\/#\\\/schema\\\/logo\\\/image\\\/\",\"url\":\"https:\\\/\\\/tentenwerk.nl\\\/wp-content\\\/uploads\\\/2025\\\/09\\\/cropped-Tentenwerk-logo.png\",\"contentUrl\":\"https:\\\/\\\/tentenwerk.nl\\\/wp-content\\\/uploads\\\/2025\\\/09\\\/cropped-Tentenwerk-logo.png\",\"width\":369,\"height\":299,\"caption\":\"Tentenwerk\"},\"image\":{\"@id\":\"https:\\\/\\\/tentenwerk.nl\\\/#\\\/schema\\\/logo\\\/image\\\/\"},\"sameAs\":[\"https:\\\/\\\/www.facebook.com\\\/tentenwerk\",\"https:\\\/\\\/www.instagram.com\\\/tentenwerk\",\"https:\\\/\\\/www.linkedin.com\\\/company\\\/tentenwerk\"]}]}<\/script>\n<!-- \/ Yoast SEO plugin. -->","yoast_head_json":{"title":"Huur ivory tent - transparant - 14x25m - Tentenwerk","robots":{"index":"index","follow":"follow","max-snippet":"max-snippet:-1","max-image-preview":"max-image-preview:large","max-video-preview":"max-video-preview:-1"},"canonical":"https:\/\/tentenwerk.nl\/de\/produkt\/huur-ivory-tent-transparant-14x25m\/","og_locale":"de_DE","og_type":"article","og_title":"Huur ivory tent - transparant - 14x25m - Tentenwerk","og_description":"Echt de \u00e1llermooiste van alle tenten! Deze superstijlvolle, transparante sailcloth tent gloeit je tegemoet. Met verlichting bouw je een sfeervolle [&hellip;]","og_url":"https:\/\/tentenwerk.nl\/de\/produkt\/huur-ivory-tent-transparant-14x25m\/","og_site_name":"Tentenwerk","article_publisher":"https:\/\/www.facebook.com\/tentenwerk","article_modified_time":"2026-01-13T13:16:33+00:00","og_image":[{"width":2560,"height":1920,"url":"https:\/\/tentenwerk.nl\/wp-content\/uploads\/2025\/09\/Tentenwerk-transparante-ivory-sailcloth-tent-14x25m-scaled.jpeg","type":"image\/jpeg"}],"twitter_card":"summary_large_image","twitter_misc":{"Gesch\u00e4tzte Lesezeit":"1\u00a0Minute"},"schema":{"@context":"https:\/\/schema.org","@graph":[{"@type":"WebPage","@id":"https:\/\/tentenwerk.nl\/product\/huur-ivory-tent-transparant-14x25m\/","url":"https:\/\/tentenwerk.nl\/product\/huur-ivory-tent-transparant-14x25m\/","name":"Huur ivory tent - transparant - 14x25m - Tentenwerk","isPartOf":{"@id":"https:\/\/tentenwerk.nl\/#website"},"primaryImageOfPage":{"@id":"https:\/\/tentenwerk.nl\/product\/huur-ivory-tent-transparant-14x25m\/#primaryimage"},"image":{"@id":"https:\/\/tentenwerk.nl\/product\/huur-ivory-tent-transparant-14x25m\/#primaryimage"},"thumbnailUrl":"https:\/\/tentenwerk.nl\/wp-content\/uploads\/2025\/09\/Tentenwerk-transparante-ivory-sailcloth-tent-14x25m-scaled.jpeg","datePublished":"2026-01-13T10:20:08+00:00","dateModified":"2026-01-13T13:16:33+00:00","breadcrumb":{"@id":"https:\/\/tentenwerk.nl\/product\/huur-ivory-tent-transparant-14x25m\/#breadcrumb"},"inLanguage":"de","potentialAction":[{"@type":"ReadAction","target":["https:\/\/tentenwerk.nl\/product\/huur-ivory-tent-transparant-14x25m\/"]}]},{"@type":"ImageObject","inLanguage":"de","@id":"https:\/\/tentenwerk.nl\/product\/huur-ivory-tent-transparant-14x25m\/#primaryimage","url":"https:\/\/tentenwerk.nl\/wp-content\/uploads\/2025\/09\/Tentenwerk-transparante-ivory-sailcloth-tent-14x25m-scaled.jpeg","contentUrl":"https:\/\/tentenwerk.nl\/wp-content\/uploads\/2025\/09\/Tentenwerk-transparante-ivory-sailcloth-tent-14x25m-scaled.jpeg","width":2560,"height":1920},{"@type":"BreadcrumbList","@id":"https:\/\/tentenwerk.nl\/product\/huur-ivory-tent-transparant-14x25m\/#breadcrumb","itemListElement":[{"@type":"ListItem","position":1,"name":"Home","item":"https:\/\/tentenwerk.nl\/"},{"@type":"ListItem","position":2,"name":"offerteaanvraag","item":"https:\/\/tentenwerk.nl\/offerteaanvraag-2\/"},{"@type":"ListItem","position":3,"name":"Huur ivory tent &#8211; transparant &#8211; 14x25m"}]},{"@type":"WebSite","@id":"https:\/\/tentenwerk.nl\/#website","url":"https:\/\/tentenwerk.nl\/","name":"Tentenwerk","description":"verhuur van stijlvolle tenten en toebehoren","publisher":{"@id":"https:\/\/tentenwerk.nl\/#organization"},"potentialAction":[{"@type":"SearchAction","target":{"@type":"EntryPoint","urlTemplate":"https:\/\/tentenwerk.nl\/?s={search_term_string}"},"query-input":{"@type":"PropertyValueSpecification","valueRequired":true,"valueName":"search_term_string"}}],"inLanguage":"de"},{"@type":"Organization","@id":"https:\/\/tentenwerk.nl\/#organization","name":"Tentenwerk","url":"https:\/\/tentenwerk.nl\/","logo":{"@type":"ImageObject","inLanguage":"de","@id":"https:\/\/tentenwerk.nl\/#\/schema\/logo\/image\/","url":"https:\/\/tentenwerk.nl\/wp-content\/uploads\/2025\/09\/cropped-Tentenwerk-logo.png","contentUrl":"https:\/\/tentenwerk.nl\/wp-content\/uploads\/2025\/09\/cropped-Tentenwerk-logo.png","width":369,"height":299,"caption":"Tentenwerk"},"image":{"@id":"https:\/\/tentenwerk.nl\/#\/schema\/logo\/image\/"},"sameAs":["https:\/\/www.facebook.com\/tentenwerk","https:\/\/www.instagram.com\/tentenwerk","https:\/\/www.linkedin.com\/company\/tentenwerk"]}]}},"uagb_featured_image_src":{"full":["https:\/\/tentenwerk.nl\/wp-content\/uploads\/2025\/09\/Tentenwerk-transparante-ivory-sailcloth-tent-14x25m-scaled.jpeg",2560,1920,false],"thumbnail":["https:\/\/tentenwerk.nl\/wp-content\/uploads\/2025\/09\/Tentenwerk-transparante-ivory-sailcloth-tent-14x25m-150x150.jpeg",150,150,true],"medium":["https:\/\/tentenwerk.nl\/wp-content\/uploads\/2025\/09\/Tentenwerk-transparante-ivory-sailcloth-tent-14x25m-300x225.jpeg",300,225,true],"medium_large":["https:\/\/tentenwerk.nl\/wp-content\/uploads\/2025\/09\/Tentenwerk-transparante-ivory-sailcloth-tent-14x25m-768x576.jpeg",768,576,true],"large":["https:\/\/tentenwerk.nl\/wp-content\/uploads\/2025\/09\/Tentenwerk-transparante-ivory-sailcloth-tent-14x25m-1024x768.jpeg",1024,768,true],"1536x1536":["https:\/\/tentenwerk.nl\/wp-content\/uploads\/2025\/09\/Tentenwerk-transparante-ivory-sailcloth-tent-14x25m-1536x1152.jpeg",1536,1152,true],"2048x2048":["https:\/\/tentenwerk.nl\/wp-content\/uploads\/2025\/09\/Tentenwerk-transparante-ivory-sailcloth-tent-14x25m-2048x1536.jpeg",2048,1536,true],"trp-custom-language-flag":["https:\/\/tentenwerk.nl\/wp-content\/uploads\/2025\/09\/Tentenwerk-transparante-ivory-sailcloth-tent-14x25m-scaled.jpeg",16,12,false],"mailpoet_newsletter_max":["https:\/\/tentenwerk.nl\/wp-content\/uploads\/2025\/09\/Tentenwerk-transparante-ivory-sailcloth-tent-14x25m-scaled.jpeg",1320,990,false],"woocommerce_thumbnail":["https:\/\/tentenwerk.nl\/wp-content\/uploads\/2025\/09\/Tentenwerk-transparante-ivory-sailcloth-tent-14x25m-scaled-300x300.jpeg",300,300,true],"woocommerce_single":["https:\/\/tentenwerk.nl\/wp-content\/uploads\/2025\/09\/Tentenwerk-transparante-ivory-sailcloth-tent-14x25m-scaled-600x450.jpeg",600,450,true],"woocommerce_gallery_thumbnail":["https:\/\/tentenwerk.nl\/wp-content\/uploads\/2025\/09\/Tentenwerk-transparante-ivory-sailcloth-tent-14x25m-scaled-100x100.jpeg",100,100,true]},"uagb_author_info":{"display_name":"admin","author_link":"https:\/\/tentenwerk.nl\/de\/author\/"},"uagb_comment_info":0,"uagb_excerpt":"Echt de \u00e1llermooiste van alle tenten! Deze superstijlvolle, transparante sailcloth tent gloeit je tegemoet. Met verlichting bouw je een sfeervolle [&hellip;]","_links":{"self":[{"href":"https:\/\/tentenwerk.nl\/de\/wp-json\/wp\/v2\/product\/1727","targetHints":{"allow":["GET"]}}],"collection":[{"href":"https:\/\/tentenwerk.nl\/de\/wp-json\/wp\/v2\/product"}],"about":[{"href":"https:\/\/tentenwerk.nl\/de\/wp-json\/wp\/v2\/types\/product"}],"wp:featuredmedia":[{"embeddable":true,"href":"https:\/\/tentenwerk.nl\/de\/wp-json\/wp\/v2\/media\/22"}],"wp:attachment":[{"href":"https:\/\/tentenwerk.nl\/de\/wp-json\/wp\/v2\/media?parent=1727"}],"wp:term":[{"taxonomy":"product_brand","embeddable":true,"href":"https:\/\/tentenwerk.nl\/de\/wp-json\/wp\/v2\/product_brand?post=1727"},{"taxonomy":"product_cat","embeddable":true,"href":"https:\/\/tentenwerk.nl\/de\/wp-json\/wp\/v2\/product_cat?post=1727"},{"taxonomy":"product_tag","embeddable":true,"href":"https:\/\/tentenwerk.nl\/de\/wp-json\/wp\/v2\/product_tag?post=1727"}],"curies":[{"name":"wp","href":"https:\/\/api.w.org\/{rel}","templated":true}]}}