{"id":1605,"date":"2026-01-12T18:45:05","date_gmt":"2026-01-12T18:45:05","guid":{"rendered":"http:\/\/tentenwerk.nl\/?post_type=product&#038;p=1605"},"modified":"2026-01-13T16:43:43","modified_gmt":"2026-01-13T16:43:43","slug":"huur-houten-vlondervloer-1m2-waterpas-gelegd","status":"publish","type":"product","link":"https:\/\/tentenwerk.nl\/de\/produkt\/huur-houten-vlondervloer-1m2-waterpas-gelegd\/","title":{"rendered":"Holz-Podestboden (1 m\u00b2), nivelliert verlegt mieten"},"content":{"rendered":"<p>Dieser Boden passt perfekt unter unsere Zelte, insbesondere wenn der Untergrund zu uneben ist. Mit unserem System f\u00fcr eine waagerecht verlegte Terrassenbodenfl\u00e4che k\u00f6nnen wir ein Gef\u00e4lle von 50 cm bis 100 cm \u00fcberbr\u00fccken.<\/p>\n<p>Die Douglas-Holzdielen sind 5 Meter lang und 40 Zentimeter breit und lassen sich sauber ineinanderschieben, sodass eine durchgehende Fl\u00e4che entsteht.<\/p>\n<p>Ist der Untergrund ausreichend eben? Dann miete unsere <a href=\"https:\/\/tentenwerk.nl\/de\/produkt\/huur-houten-vlondervloer\/\">Holz-Podestboden<\/a> die wir ohne Nivelliersystem auf den Boden verlegen.<\/p>","protected":false},"excerpt":{"rendered":"<p>Deze vloer past perfect onder onze tenten, zeker wanneer de oppervlakte te hobbelig \/ ongelijk is. We kunnen met ons [&hellip;]<\/p>\n","protected":false},"featured_media":1289,"template":"","meta":{"_uag_custom_page_level_css":"","site-sidebar-layout":"default","site-content-layout":"","ast-site-content-layout":"default","site-content-style":"default","site-sidebar-style":"default","ast-global-header-display":"","ast-banner-title-visibility":"","ast-main-header-display":"","ast-hfb-above-header-display":"","ast-hfb-below-header-display":"","ast-hfb-mobile-header-display":"","site-post-title":"","ast-breadcrumbs-content":"","ast-featured-img":"","footer-sml-layout":"","ast-disable-related-posts":"","theme-transparent-header-meta":"","adv-header-id-meta":"","stick-header-meta":"","header-above-stick-meta":"","header-main-stick-meta":"","header-below-stick-meta":"","astra-migrate-meta-layouts":"default","ast-page-background-enabled":"default","ast-page-background-meta":{"desktop":{"background-color":"var(--ast-global-color-4)","background-image":"","background-repeat":"repeat","background-position":"center center","background-size":"auto","background-attachment":"scroll","background-type":"","background-media":"","overlay-type":"","overlay-color":"","overlay-opacity":"","overlay-gradient":""},"tablet":{"background-color":"","background-image":"","background-repeat":"repeat","background-position":"center center","background-size":"auto","background-attachment":"scroll","background-type":"","background-media":"","overlay-type":"","overlay-color":"","overlay-opacity":"","overlay-gradient":""},"mobile":{"background-color":"","background-image":"","background-repeat":"repeat","background-position":"center center","background-size":"auto","background-attachment":"scroll","background-type":"","background-media":"","overlay-type":"","overlay-color":"","overlay-opacity":"","overlay-gradient":""}},"ast-content-background-meta":{"desktop":{"background-color":"var(--ast-global-color-5)","background-image":"","background-repeat":"repeat","background-position":"center center","background-size":"auto","background-attachment":"scroll","background-type":"","background-media":"","overlay-type":"","overlay-color":"","overlay-opacity":"","overlay-gradient":""},"tablet":{"background-color":"var(--ast-global-color-5)","background-image":"","background-repeat":"repeat","background-position":"center center","background-size":"auto","background-attachment":"scroll","background-type":"","background-media":"","overlay-type":"","overlay-color":"","overlay-opacity":"","overlay-gradient":""},"mobile":{"background-color":"var(--ast-global-color-5)","background-image":"","background-repeat":"repeat","background-position":"center center","background-size":"auto","background-attachment":"scroll","background-type":"","background-media":"","overlay-type":"","overlay-color":"","overlay-opacity":"","overlay-gradient":""}}},"product_brand":[],"product_cat":[37,55],"product_tag":[],"class_list":{"0":"post-1605","1":"product","2":"type-product","3":"status-publish","4":"has-post-thumbnail","6":"product_cat-vloeren","7":"product_cat-waterpas-zwaarlast-vloeren","8":"desktop-align-left","9":"tablet-align-left","10":"mobile-align-left","12":"first","13":"instock","14":"taxable","15":"shipping-taxable","16":"purchasable","17":"product-type-simple"},"yoast_head":"<!-- This site is optimized with the Yoast SEO plugin v27.4 - https:\/\/yoast.com\/product\/yoast-seo-wordpress\/ -->\n<title>Huur houten vlondervloer (1m2), waterpas gelegd - Tentenwerk<\/title>\n<meta name=\"robots\" content=\"index, follow, max-snippet:-1, max-image-preview:large, max-video-preview:-1\" \/>\n<link rel=\"canonical\" href=\"https:\/\/tentenwerk.nl\/de\/produkt\/huur-houten-vlondervloer-1m2-waterpas-gelegd\/\" \/>\n<meta property=\"og:locale\" content=\"de_DE\" \/>\n<meta property=\"og:type\" content=\"article\" \/>\n<meta property=\"og:title\" content=\"Huur houten vlondervloer (1m2), waterpas gelegd - Tentenwerk\" \/>\n<meta property=\"og:description\" content=\"Deze vloer past perfect onder onze tenten, zeker wanneer de oppervlakte te hobbelig \/ ongelijk is. We kunnen met ons [&hellip;]\" \/>\n<meta property=\"og:url\" content=\"https:\/\/tentenwerk.nl\/de\/produkt\/huur-houten-vlondervloer-1m2-waterpas-gelegd\/\" \/>\n<meta property=\"og:site_name\" content=\"Tentenwerk\" \/>\n<meta property=\"article:publisher\" content=\"https:\/\/www.facebook.com\/tentenwerk\" \/>\n<meta property=\"article:modified_time\" content=\"2026-01-13T16:43:43+00:00\" \/>\n<meta property=\"og:image\" content=\"https:\/\/tentenwerk.nl\/wp-content\/uploads\/2026\/01\/85D78B85-973D-422D-9E15-0F30880D5F14_1_105_c-e1672756859334.jpeg\" \/>\n\t<meta property=\"og:image:width\" content=\"615\" \/>\n\t<meta property=\"og:image:height\" content=\"591\" \/>\n\t<meta property=\"og:image:type\" content=\"image\/jpeg\" \/>\n<meta name=\"twitter:card\" content=\"summary_large_image\" \/>\n<script type=\"application\/ld+json\" class=\"yoast-schema-graph\">{\"@context\":\"https:\\\/\\\/schema.org\",\"@graph\":[{\"@type\":\"WebPage\",\"@id\":\"https:\\\/\\\/tentenwerk.nl\\\/product\\\/huur-houten-vlondervloer-1m2-waterpas-gelegd\\\/\",\"url\":\"https:\\\/\\\/tentenwerk.nl\\\/product\\\/huur-houten-vlondervloer-1m2-waterpas-gelegd\\\/\",\"name\":\"Huur houten vlondervloer (1m2), waterpas gelegd - Tentenwerk\",\"isPartOf\":{\"@id\":\"https:\\\/\\\/tentenwerk.nl\\\/#website\"},\"primaryImageOfPage\":{\"@id\":\"https:\\\/\\\/tentenwerk.nl\\\/product\\\/huur-houten-vlondervloer-1m2-waterpas-gelegd\\\/#primaryimage\"},\"image\":{\"@id\":\"https:\\\/\\\/tentenwerk.nl\\\/product\\\/huur-houten-vlondervloer-1m2-waterpas-gelegd\\\/#primaryimage\"},\"thumbnailUrl\":\"https:\\\/\\\/tentenwerk.nl\\\/wp-content\\\/uploads\\\/2026\\\/01\\\/85D78B85-973D-422D-9E15-0F30880D5F14_1_105_c-e1672756859334.jpeg\",\"datePublished\":\"2026-01-12T18:45:05+00:00\",\"dateModified\":\"2026-01-13T16:43:43+00:00\",\"breadcrumb\":{\"@id\":\"https:\\\/\\\/tentenwerk.nl\\\/product\\\/huur-houten-vlondervloer-1m2-waterpas-gelegd\\\/#breadcrumb\"},\"inLanguage\":\"de\",\"potentialAction\":[{\"@type\":\"ReadAction\",\"target\":[\"https:\\\/\\\/tentenwerk.nl\\\/product\\\/huur-houten-vlondervloer-1m2-waterpas-gelegd\\\/\"]}]},{\"@type\":\"ImageObject\",\"inLanguage\":\"de\",\"@id\":\"https:\\\/\\\/tentenwerk.nl\\\/product\\\/huur-houten-vlondervloer-1m2-waterpas-gelegd\\\/#primaryimage\",\"url\":\"https:\\\/\\\/tentenwerk.nl\\\/wp-content\\\/uploads\\\/2026\\\/01\\\/85D78B85-973D-422D-9E15-0F30880D5F14_1_105_c-e1672756859334.jpeg\",\"contentUrl\":\"https:\\\/\\\/tentenwerk.nl\\\/wp-content\\\/uploads\\\/2026\\\/01\\\/85D78B85-973D-422D-9E15-0F30880D5F14_1_105_c-e1672756859334.jpeg\",\"width\":615,\"height\":591,\"caption\":\"huur stretchtent 10x10 meter\"},{\"@type\":\"BreadcrumbList\",\"@id\":\"https:\\\/\\\/tentenwerk.nl\\\/product\\\/huur-houten-vlondervloer-1m2-waterpas-gelegd\\\/#breadcrumb\",\"itemListElement\":[{\"@type\":\"ListItem\",\"position\":1,\"name\":\"Home\",\"item\":\"https:\\\/\\\/tentenwerk.nl\\\/\"},{\"@type\":\"ListItem\",\"position\":2,\"name\":\"offerteaanvraag\",\"item\":\"https:\\\/\\\/tentenwerk.nl\\\/offerteaanvraag-2\\\/\"},{\"@type\":\"ListItem\",\"position\":3,\"name\":\"Huur houten vlondervloer (1m2), waterpas gelegd\"}]},{\"@type\":\"WebSite\",\"@id\":\"https:\\\/\\\/tentenwerk.nl\\\/#website\",\"url\":\"https:\\\/\\\/tentenwerk.nl\\\/\",\"name\":\"Tentenwerk\",\"description\":\"verhuur van stijlvolle tenten en toebehoren\",\"publisher\":{\"@id\":\"https:\\\/\\\/tentenwerk.nl\\\/#organization\"},\"potentialAction\":[{\"@type\":\"SearchAction\",\"target\":{\"@type\":\"EntryPoint\",\"urlTemplate\":\"https:\\\/\\\/tentenwerk.nl\\\/?s={search_term_string}\"},\"query-input\":{\"@type\":\"PropertyValueSpecification\",\"valueRequired\":true,\"valueName\":\"search_term_string\"}}],\"inLanguage\":\"de\"},{\"@type\":\"Organization\",\"@id\":\"https:\\\/\\\/tentenwerk.nl\\\/#organization\",\"name\":\"Tentenwerk\",\"url\":\"https:\\\/\\\/tentenwerk.nl\\\/\",\"logo\":{\"@type\":\"ImageObject\",\"inLanguage\":\"de\",\"@id\":\"https:\\\/\\\/tentenwerk.nl\\\/#\\\/schema\\\/logo\\\/image\\\/\",\"url\":\"https:\\\/\\\/tentenwerk.nl\\\/wp-content\\\/uploads\\\/2025\\\/09\\\/cropped-Tentenwerk-logo.png\",\"contentUrl\":\"https:\\\/\\\/tentenwerk.nl\\\/wp-content\\\/uploads\\\/2025\\\/09\\\/cropped-Tentenwerk-logo.png\",\"width\":369,\"height\":299,\"caption\":\"Tentenwerk\"},\"image\":{\"@id\":\"https:\\\/\\\/tentenwerk.nl\\\/#\\\/schema\\\/logo\\\/image\\\/\"},\"sameAs\":[\"https:\\\/\\\/www.facebook.com\\\/tentenwerk\",\"https:\\\/\\\/www.instagram.com\\\/tentenwerk\",\"https:\\\/\\\/www.linkedin.com\\\/company\\\/tentenwerk\"]}]}<\/script>\n<!-- \/ Yoast SEO plugin. -->","yoast_head_json":{"title":"Huur houten vlondervloer (1m2), waterpas gelegd - Tentenwerk","robots":{"index":"index","follow":"follow","max-snippet":"max-snippet:-1","max-image-preview":"max-image-preview:large","max-video-preview":"max-video-preview:-1"},"canonical":"https:\/\/tentenwerk.nl\/de\/produkt\/huur-houten-vlondervloer-1m2-waterpas-gelegd\/","og_locale":"de_DE","og_type":"article","og_title":"Huur houten vlondervloer (1m2), waterpas gelegd - Tentenwerk","og_description":"Deze vloer past perfect onder onze tenten, zeker wanneer de oppervlakte te hobbelig \/ ongelijk is. We kunnen met ons [&hellip;]","og_url":"https:\/\/tentenwerk.nl\/de\/produkt\/huur-houten-vlondervloer-1m2-waterpas-gelegd\/","og_site_name":"Tentenwerk","article_publisher":"https:\/\/www.facebook.com\/tentenwerk","article_modified_time":"2026-01-13T16:43:43+00:00","og_image":[{"width":615,"height":591,"url":"https:\/\/tentenwerk.nl\/wp-content\/uploads\/2026\/01\/85D78B85-973D-422D-9E15-0F30880D5F14_1_105_c-e1672756859334.jpeg","type":"image\/jpeg"}],"twitter_card":"summary_large_image","schema":{"@context":"https:\/\/schema.org","@graph":[{"@type":"WebPage","@id":"https:\/\/tentenwerk.nl\/product\/huur-houten-vlondervloer-1m2-waterpas-gelegd\/","url":"https:\/\/tentenwerk.nl\/product\/huur-houten-vlondervloer-1m2-waterpas-gelegd\/","name":"Huur houten vlondervloer (1m2), waterpas gelegd - Tentenwerk","isPartOf":{"@id":"https:\/\/tentenwerk.nl\/#website"},"primaryImageOfPage":{"@id":"https:\/\/tentenwerk.nl\/product\/huur-houten-vlondervloer-1m2-waterpas-gelegd\/#primaryimage"},"image":{"@id":"https:\/\/tentenwerk.nl\/product\/huur-houten-vlondervloer-1m2-waterpas-gelegd\/#primaryimage"},"thumbnailUrl":"https:\/\/tentenwerk.nl\/wp-content\/uploads\/2026\/01\/85D78B85-973D-422D-9E15-0F30880D5F14_1_105_c-e1672756859334.jpeg","datePublished":"2026-01-12T18:45:05+00:00","dateModified":"2026-01-13T16:43:43+00:00","breadcrumb":{"@id":"https:\/\/tentenwerk.nl\/product\/huur-houten-vlondervloer-1m2-waterpas-gelegd\/#breadcrumb"},"inLanguage":"de","potentialAction":[{"@type":"ReadAction","target":["https:\/\/tentenwerk.nl\/product\/huur-houten-vlondervloer-1m2-waterpas-gelegd\/"]}]},{"@type":"ImageObject","inLanguage":"de","@id":"https:\/\/tentenwerk.nl\/product\/huur-houten-vlondervloer-1m2-waterpas-gelegd\/#primaryimage","url":"https:\/\/tentenwerk.nl\/wp-content\/uploads\/2026\/01\/85D78B85-973D-422D-9E15-0F30880D5F14_1_105_c-e1672756859334.jpeg","contentUrl":"https:\/\/tentenwerk.nl\/wp-content\/uploads\/2026\/01\/85D78B85-973D-422D-9E15-0F30880D5F14_1_105_c-e1672756859334.jpeg","width":615,"height":591,"caption":"huur stretchtent 10x10 meter"},{"@type":"BreadcrumbList","@id":"https:\/\/tentenwerk.nl\/product\/huur-houten-vlondervloer-1m2-waterpas-gelegd\/#breadcrumb","itemListElement":[{"@type":"ListItem","position":1,"name":"Home","item":"https:\/\/tentenwerk.nl\/"},{"@type":"ListItem","position":2,"name":"offerteaanvraag","item":"https:\/\/tentenwerk.nl\/offerteaanvraag-2\/"},{"@type":"ListItem","position":3,"name":"Huur houten vlondervloer (1m2), waterpas gelegd"}]},{"@type":"WebSite","@id":"https:\/\/tentenwerk.nl\/#website","url":"https:\/\/tentenwerk.nl\/","name":"Tentenwerk","description":"verhuur van stijlvolle tenten en toebehoren","publisher":{"@id":"https:\/\/tentenwerk.nl\/#organization"},"potentialAction":[{"@type":"SearchAction","target":{"@type":"EntryPoint","urlTemplate":"https:\/\/tentenwerk.nl\/?s={search_term_string}"},"query-input":{"@type":"PropertyValueSpecification","valueRequired":true,"valueName":"search_term_string"}}],"inLanguage":"de"},{"@type":"Organization","@id":"https:\/\/tentenwerk.nl\/#organization","name":"Tentenwerk","url":"https:\/\/tentenwerk.nl\/","logo":{"@type":"ImageObject","inLanguage":"de","@id":"https:\/\/tentenwerk.nl\/#\/schema\/logo\/image\/","url":"https:\/\/tentenwerk.nl\/wp-content\/uploads\/2025\/09\/cropped-Tentenwerk-logo.png","contentUrl":"https:\/\/tentenwerk.nl\/wp-content\/uploads\/2025\/09\/cropped-Tentenwerk-logo.png","width":369,"height":299,"caption":"Tentenwerk"},"image":{"@id":"https:\/\/tentenwerk.nl\/#\/schema\/logo\/image\/"},"sameAs":["https:\/\/www.facebook.com\/tentenwerk","https:\/\/www.instagram.com\/tentenwerk","https:\/\/www.linkedin.com\/company\/tentenwerk"]}]}},"uagb_featured_image_src":{"full":["https:\/\/tentenwerk.nl\/wp-content\/uploads\/2026\/01\/85D78B85-973D-422D-9E15-0F30880D5F14_1_105_c-e1672756859334.jpeg",615,591,false],"thumbnail":["https:\/\/tentenwerk.nl\/wp-content\/uploads\/2026\/01\/85D78B85-973D-422D-9E15-0F30880D5F14_1_105_c-e1672756859334-150x150.jpeg",150,150,true],"medium":["https:\/\/tentenwerk.nl\/wp-content\/uploads\/2026\/01\/85D78B85-973D-422D-9E15-0F30880D5F14_1_105_c-e1672756859334-300x288.jpeg",300,288,true],"medium_large":["https:\/\/tentenwerk.nl\/wp-content\/uploads\/2026\/01\/85D78B85-973D-422D-9E15-0F30880D5F14_1_105_c-e1672756859334.jpeg",615,591,false],"large":["https:\/\/tentenwerk.nl\/wp-content\/uploads\/2026\/01\/85D78B85-973D-422D-9E15-0F30880D5F14_1_105_c-e1672756859334.jpeg",615,591,false],"1536x1536":["https:\/\/tentenwerk.nl\/wp-content\/uploads\/2026\/01\/85D78B85-973D-422D-9E15-0F30880D5F14_1_105_c-e1672756859334.jpeg",615,591,false],"2048x2048":["https:\/\/tentenwerk.nl\/wp-content\/uploads\/2026\/01\/85D78B85-973D-422D-9E15-0F30880D5F14_1_105_c-e1672756859334.jpeg",615,591,false],"trp-custom-language-flag":["https:\/\/tentenwerk.nl\/wp-content\/uploads\/2026\/01\/85D78B85-973D-422D-9E15-0F30880D5F14_1_105_c-e1672756859334.jpeg",12,12,false],"mailpoet_newsletter_max":["https:\/\/tentenwerk.nl\/wp-content\/uploads\/2026\/01\/85D78B85-973D-422D-9E15-0F30880D5F14_1_105_c-e1672756859334.jpeg",615,591,false],"woocommerce_thumbnail":["https:\/\/tentenwerk.nl\/wp-content\/uploads\/2026\/01\/85D78B85-973D-422D-9E15-0F30880D5F14_1_105_c-e1672756859334-300x300.jpeg",300,300,true],"woocommerce_single":["https:\/\/tentenwerk.nl\/wp-content\/uploads\/2026\/01\/85D78B85-973D-422D-9E15-0F30880D5F14_1_105_c-e1672756859334-600x577.jpeg",600,577,true],"woocommerce_gallery_thumbnail":["https:\/\/tentenwerk.nl\/wp-content\/uploads\/2026\/01\/85D78B85-973D-422D-9E15-0F30880D5F14_1_105_c-e1672756859334-100x100.jpeg",100,100,true]},"uagb_author_info":{"display_name":"admin","author_link":"https:\/\/tentenwerk.nl\/de\/author\/"},"uagb_comment_info":0,"uagb_excerpt":"Deze vloer past perfect onder onze tenten, zeker wanneer de oppervlakte te hobbelig \/ ongelijk is. We kunnen met ons [&hellip;]","_links":{"self":[{"href":"https:\/\/tentenwerk.nl\/de\/wp-json\/wp\/v2\/product\/1605","targetHints":{"allow":["GET"]}}],"collection":[{"href":"https:\/\/tentenwerk.nl\/de\/wp-json\/wp\/v2\/product"}],"about":[{"href":"https:\/\/tentenwerk.nl\/de\/wp-json\/wp\/v2\/types\/product"}],"wp:featuredmedia":[{"embeddable":true,"href":"https:\/\/tentenwerk.nl\/de\/wp-json\/wp\/v2\/media\/1289"}],"wp:attachment":[{"href":"https:\/\/tentenwerk.nl\/de\/wp-json\/wp\/v2\/media?parent=1605"}],"wp:term":[{"taxonomy":"product_brand","embeddable":true,"href":"https:\/\/tentenwerk.nl\/de\/wp-json\/wp\/v2\/product_brand?post=1605"},{"taxonomy":"product_cat","embeddable":true,"href":"https:\/\/tentenwerk.nl\/de\/wp-json\/wp\/v2\/product_cat?post=1605"},{"taxonomy":"product_tag","embeddable":true,"href":"https:\/\/tentenwerk.nl\/de\/wp-json\/wp\/v2\/product_tag?post=1605"}],"curies":[{"name":"wp","href":"https:\/\/api.w.org\/{rel}","templated":true}]}}