{"id":1564,"date":"2026-01-12T15:40:20","date_gmt":"2026-01-12T15:40:20","guid":{"rendered":"http:\/\/tentenwerk.nl\/?post_type=product&#038;p=1564"},"modified":"2026-01-13T16:46:28","modified_gmt":"2026-01-13T16:46:28","slug":"huur-houten-vlondervloer-75x12m-stretchtent","status":"publish","type":"product","link":"https:\/\/tentenwerk.nl\/de\/produkt\/huur-houten-vlondervloer-75x12m-stretchtent\/","title":{"rendered":"Holz-Podestboden f\u00fcr Stretchzelt 7,5 \u00d7 12 m mieten"},"content":{"rendered":"<p>Passender Boden f\u00fcr ein 7,5 \u00d7 12 m Stretchzelt, gefertigt aus unseren sch\u00f6nen Douglas-Holzdielen, die im Versatz verlegt werden, sodass eine stabile Fl\u00e4che entsteht. Ein einigerma\u00dfen ebener Untergrund ist erforderlich; kleinere H\u00f6henunterschiede k\u00f6nnen ausgeglichen werden.<\/p>","protected":false},"excerpt":{"rendered":"<p>Passende vloer voor een 7,5x12m stretchtent, gemaakt van onze mooie douglas vloerdelen, die verstek gelegd worden zodat een stevige vloer [&hellip;]<\/p>\n","protected":false},"featured_media":1179,"template":"","meta":{"_uag_custom_page_level_css":"","site-sidebar-layout":"default","site-content-layout":"","ast-site-content-layout":"default","site-content-style":"default","site-sidebar-style":"default","ast-global-header-display":"","ast-banner-title-visibility":"","ast-main-header-display":"","ast-hfb-above-header-display":"","ast-hfb-below-header-display":"","ast-hfb-mobile-header-display":"","site-post-title":"","ast-breadcrumbs-content":"","ast-featured-img":"","footer-sml-layout":"","ast-disable-related-posts":"","theme-transparent-header-meta":"","adv-header-id-meta":"","stick-header-meta":"","header-above-stick-meta":"","header-main-stick-meta":"","header-below-stick-meta":"","astra-migrate-meta-layouts":"default","ast-page-background-enabled":"default","ast-page-background-meta":{"desktop":{"background-color":"var(--ast-global-color-4)","background-image":"","background-repeat":"repeat","background-position":"center center","background-size":"auto","background-attachment":"scroll","background-type":"","background-media":"","overlay-type":"","overlay-color":"","overlay-opacity":"","overlay-gradient":""},"tablet":{"background-color":"","background-image":"","background-repeat":"repeat","background-position":"center center","background-size":"auto","background-attachment":"scroll","background-type":"","background-media":"","overlay-type":"","overlay-color":"","overlay-opacity":"","overlay-gradient":""},"mobile":{"background-color":"","background-image":"","background-repeat":"repeat","background-position":"center center","background-size":"auto","background-attachment":"scroll","background-type":"","background-media":"","overlay-type":"","overlay-color":"","overlay-opacity":"","overlay-gradient":""}},"ast-content-background-meta":{"desktop":{"background-color":"var(--ast-global-color-5)","background-image":"","background-repeat":"repeat","background-position":"center center","background-size":"auto","background-attachment":"scroll","background-type":"","background-media":"","overlay-type":"","overlay-color":"","overlay-opacity":"","overlay-gradient":""},"tablet":{"background-color":"var(--ast-global-color-5)","background-image":"","background-repeat":"repeat","background-position":"center center","background-size":"auto","background-attachment":"scroll","background-type":"","background-media":"","overlay-type":"","overlay-color":"","overlay-opacity":"","overlay-gradient":""},"mobile":{"background-color":"var(--ast-global-color-5)","background-image":"","background-repeat":"repeat","background-position":"center center","background-size":"auto","background-attachment":"scroll","background-type":"","background-media":"","overlay-type":"","overlay-color":"","overlay-opacity":"","overlay-gradient":""}}},"product_brand":[],"product_cat":[37,56,54],"product_tag":[],"class_list":{"0":"post-1564","1":"product","2":"type-product","3":"status-publish","4":"has-post-thumbnail","6":"product_cat-vloeren","7":"product_cat-vloeren-stretchtenten","8":"product_cat-vlondervloeren","9":"desktop-align-left","10":"tablet-align-left","11":"mobile-align-left","13":"first","14":"instock","15":"taxable","16":"shipping-taxable","17":"purchasable","18":"product-type-simple"},"yoast_head":"<!-- This site is optimized with the Yoast SEO plugin v27.4 - https:\/\/yoast.com\/product\/yoast-seo-wordpress\/ -->\n<title>Huur houten vlondervloer 7,5x12m stretchtent - Tentenwerk<\/title>\n<meta name=\"robots\" content=\"index, follow, max-snippet:-1, max-image-preview:large, max-video-preview:-1\" \/>\n<link rel=\"canonical\" href=\"https:\/\/tentenwerk.nl\/de\/produkt\/huur-houten-vlondervloer-75x12m-stretchtent\/\" \/>\n<meta property=\"og:locale\" content=\"de_DE\" \/>\n<meta property=\"og:type\" content=\"article\" \/>\n<meta property=\"og:title\" content=\"Huur houten vlondervloer 7,5x12m stretchtent - Tentenwerk\" \/>\n<meta property=\"og:description\" content=\"Passende vloer voor een 7,5x12m stretchtent, gemaakt van onze mooie douglas vloerdelen, die verstek gelegd worden zodat een stevige vloer [&hellip;]\" \/>\n<meta property=\"og:url\" content=\"https:\/\/tentenwerk.nl\/de\/produkt\/huur-houten-vlondervloer-75x12m-stretchtent\/\" \/>\n<meta property=\"og:site_name\" content=\"Tentenwerk\" \/>\n<meta property=\"article:publisher\" content=\"https:\/\/www.facebook.com\/tentenwerk\" \/>\n<meta property=\"article:modified_time\" content=\"2026-01-13T16:46:28+00:00\" \/>\n<meta property=\"og:image\" content=\"https:\/\/tentenwerk.nl\/wp-content\/uploads\/2026\/01\/vloer-stretchtent-10x15-1-scaled-e1672754910253.jpeg\" \/>\n\t<meta property=\"og:image:width\" content=\"1459\" \/>\n\t<meta property=\"og:image:height\" content=\"1414\" \/>\n\t<meta property=\"og:image:type\" content=\"image\/jpeg\" \/>\n<meta name=\"twitter:card\" content=\"summary_large_image\" \/>\n<script type=\"application\/ld+json\" class=\"yoast-schema-graph\">{\"@context\":\"https:\\\/\\\/schema.org\",\"@graph\":[{\"@type\":\"WebPage\",\"@id\":\"https:\\\/\\\/tentenwerk.nl\\\/de\\\/produkt\\\/huur-houten-vlondervloer-75x12m-stretchtent\\\/\",\"url\":\"https:\\\/\\\/tentenwerk.nl\\\/de\\\/produkt\\\/huur-houten-vlondervloer-75x12m-stretchtent\\\/\",\"name\":\"Huur houten vlondervloer 7,5x12m stretchtent - Tentenwerk\",\"isPartOf\":{\"@id\":\"https:\\\/\\\/tentenwerk.nl\\\/#website\"},\"primaryImageOfPage\":{\"@id\":\"https:\\\/\\\/tentenwerk.nl\\\/de\\\/produkt\\\/huur-houten-vlondervloer-75x12m-stretchtent\\\/#primaryimage\"},\"image\":{\"@id\":\"https:\\\/\\\/tentenwerk.nl\\\/de\\\/produkt\\\/huur-houten-vlondervloer-75x12m-stretchtent\\\/#primaryimage\"},\"thumbnailUrl\":\"https:\\\/\\\/tentenwerk.nl\\\/wp-content\\\/uploads\\\/2026\\\/01\\\/vloer-stretchtent-10x15-1-scaled-e1672754910253.jpeg\",\"datePublished\":\"2026-01-12T15:40:20+00:00\",\"dateModified\":\"2026-01-13T16:46:28+00:00\",\"breadcrumb\":{\"@id\":\"https:\\\/\\\/tentenwerk.nl\\\/de\\\/produkt\\\/huur-houten-vlondervloer-75x12m-stretchtent\\\/#breadcrumb\"},\"inLanguage\":\"de\",\"potentialAction\":[{\"@type\":\"ReadAction\",\"target\":[\"https:\\\/\\\/tentenwerk.nl\\\/de\\\/produkt\\\/huur-houten-vlondervloer-75x12m-stretchtent\\\/\"]}]},{\"@type\":\"ImageObject\",\"inLanguage\":\"de\",\"@id\":\"https:\\\/\\\/tentenwerk.nl\\\/de\\\/produkt\\\/huur-houten-vlondervloer-75x12m-stretchtent\\\/#primaryimage\",\"url\":\"https:\\\/\\\/tentenwerk.nl\\\/wp-content\\\/uploads\\\/2026\\\/01\\\/vloer-stretchtent-10x15-1-scaled-e1672754910253.jpeg\",\"contentUrl\":\"https:\\\/\\\/tentenwerk.nl\\\/wp-content\\\/uploads\\\/2026\\\/01\\\/vloer-stretchtent-10x15-1-scaled-e1672754910253.jpeg\",\"width\":1459,\"height\":1414,\"caption\":\"huur stretchtent 10x15 meter\"},{\"@type\":\"BreadcrumbList\",\"@id\":\"https:\\\/\\\/tentenwerk.nl\\\/de\\\/produkt\\\/huur-houten-vlondervloer-75x12m-stretchtent\\\/#breadcrumb\",\"itemListElement\":[{\"@type\":\"ListItem\",\"position\":1,\"name\":\"Home\",\"item\":\"https:\\\/\\\/tentenwerk.nl\\\/\"},{\"@type\":\"ListItem\",\"position\":2,\"name\":\"offerteaanvraag\",\"item\":\"https:\\\/\\\/tentenwerk.nl\\\/offerteaanvraag-2\\\/\"},{\"@type\":\"ListItem\",\"position\":3,\"name\":\"Huur houten vlondervloer 7,5x12m stretchtent\"}]},{\"@type\":\"WebSite\",\"@id\":\"https:\\\/\\\/tentenwerk.nl\\\/#website\",\"url\":\"https:\\\/\\\/tentenwerk.nl\\\/\",\"name\":\"Tentenwerk\",\"description\":\"verhuur van stijlvolle tenten en toebehoren\",\"publisher\":{\"@id\":\"https:\\\/\\\/tentenwerk.nl\\\/#organization\"},\"potentialAction\":[{\"@type\":\"SearchAction\",\"target\":{\"@type\":\"EntryPoint\",\"urlTemplate\":\"https:\\\/\\\/tentenwerk.nl\\\/?s={search_term_string}\"},\"query-input\":{\"@type\":\"PropertyValueSpecification\",\"valueRequired\":true,\"valueName\":\"search_term_string\"}}],\"inLanguage\":\"de\"},{\"@type\":\"Organization\",\"@id\":\"https:\\\/\\\/tentenwerk.nl\\\/#organization\",\"name\":\"Tentenwerk\",\"url\":\"https:\\\/\\\/tentenwerk.nl\\\/\",\"logo\":{\"@type\":\"ImageObject\",\"inLanguage\":\"de\",\"@id\":\"https:\\\/\\\/tentenwerk.nl\\\/#\\\/schema\\\/logo\\\/image\\\/\",\"url\":\"https:\\\/\\\/tentenwerk.nl\\\/wp-content\\\/uploads\\\/2025\\\/09\\\/cropped-Tentenwerk-logo.png\",\"contentUrl\":\"https:\\\/\\\/tentenwerk.nl\\\/wp-content\\\/uploads\\\/2025\\\/09\\\/cropped-Tentenwerk-logo.png\",\"width\":369,\"height\":299,\"caption\":\"Tentenwerk\"},\"image\":{\"@id\":\"https:\\\/\\\/tentenwerk.nl\\\/#\\\/schema\\\/logo\\\/image\\\/\"},\"sameAs\":[\"https:\\\/\\\/www.facebook.com\\\/tentenwerk\",\"https:\\\/\\\/www.instagram.com\\\/tentenwerk\",\"https:\\\/\\\/www.linkedin.com\\\/company\\\/tentenwerk\"]}]}<\/script>\n<!-- \/ Yoast SEO plugin. -->","yoast_head_json":{"title":"Huur houten vlondervloer 7,5x12m stretchtent - Tentenwerk","robots":{"index":"index","follow":"follow","max-snippet":"max-snippet:-1","max-image-preview":"max-image-preview:large","max-video-preview":"max-video-preview:-1"},"canonical":"https:\/\/tentenwerk.nl\/de\/produkt\/huur-houten-vlondervloer-75x12m-stretchtent\/","og_locale":"de_DE","og_type":"article","og_title":"Huur houten vlondervloer 7,5x12m stretchtent - Tentenwerk","og_description":"Passende vloer voor een 7,5x12m stretchtent, gemaakt van onze mooie douglas vloerdelen, die verstek gelegd worden zodat een stevige vloer [&hellip;]","og_url":"https:\/\/tentenwerk.nl\/de\/produkt\/huur-houten-vlondervloer-75x12m-stretchtent\/","og_site_name":"Tentenwerk","article_publisher":"https:\/\/www.facebook.com\/tentenwerk","article_modified_time":"2026-01-13T16:46:28+00:00","og_image":[{"width":1459,"height":1414,"url":"https:\/\/tentenwerk.nl\/wp-content\/uploads\/2026\/01\/vloer-stretchtent-10x15-1-scaled-e1672754910253.jpeg","type":"image\/jpeg"}],"twitter_card":"summary_large_image","schema":{"@context":"https:\/\/schema.org","@graph":[{"@type":"WebPage","@id":"https:\/\/tentenwerk.nl\/de\/produkt\/huur-houten-vlondervloer-75x12m-stretchtent\/","url":"https:\/\/tentenwerk.nl\/de\/produkt\/huur-houten-vlondervloer-75x12m-stretchtent\/","name":"Huur houten vlondervloer 7,5x12m stretchtent - Tentenwerk","isPartOf":{"@id":"https:\/\/tentenwerk.nl\/#website"},"primaryImageOfPage":{"@id":"https:\/\/tentenwerk.nl\/de\/produkt\/huur-houten-vlondervloer-75x12m-stretchtent\/#primaryimage"},"image":{"@id":"https:\/\/tentenwerk.nl\/de\/produkt\/huur-houten-vlondervloer-75x12m-stretchtent\/#primaryimage"},"thumbnailUrl":"https:\/\/tentenwerk.nl\/wp-content\/uploads\/2026\/01\/vloer-stretchtent-10x15-1-scaled-e1672754910253.jpeg","datePublished":"2026-01-12T15:40:20+00:00","dateModified":"2026-01-13T16:46:28+00:00","breadcrumb":{"@id":"https:\/\/tentenwerk.nl\/de\/produkt\/huur-houten-vlondervloer-75x12m-stretchtent\/#breadcrumb"},"inLanguage":"de","potentialAction":[{"@type":"ReadAction","target":["https:\/\/tentenwerk.nl\/de\/produkt\/huur-houten-vlondervloer-75x12m-stretchtent\/"]}]},{"@type":"ImageObject","inLanguage":"de","@id":"https:\/\/tentenwerk.nl\/de\/produkt\/huur-houten-vlondervloer-75x12m-stretchtent\/#primaryimage","url":"https:\/\/tentenwerk.nl\/wp-content\/uploads\/2026\/01\/vloer-stretchtent-10x15-1-scaled-e1672754910253.jpeg","contentUrl":"https:\/\/tentenwerk.nl\/wp-content\/uploads\/2026\/01\/vloer-stretchtent-10x15-1-scaled-e1672754910253.jpeg","width":1459,"height":1414,"caption":"huur stretchtent 10x15 meter"},{"@type":"BreadcrumbList","@id":"https:\/\/tentenwerk.nl\/de\/produkt\/huur-houten-vlondervloer-75x12m-stretchtent\/#breadcrumb","itemListElement":[{"@type":"ListItem","position":1,"name":"Home","item":"https:\/\/tentenwerk.nl\/"},{"@type":"ListItem","position":2,"name":"offerteaanvraag","item":"https:\/\/tentenwerk.nl\/offerteaanvraag-2\/"},{"@type":"ListItem","position":3,"name":"Huur houten vlondervloer 7,5x12m stretchtent"}]},{"@type":"WebSite","@id":"https:\/\/tentenwerk.nl\/#website","url":"https:\/\/tentenwerk.nl\/","name":"Tentenwerk","description":"verhuur van stijlvolle tenten en toebehoren","publisher":{"@id":"https:\/\/tentenwerk.nl\/#organization"},"potentialAction":[{"@type":"SearchAction","target":{"@type":"EntryPoint","urlTemplate":"https:\/\/tentenwerk.nl\/?s={search_term_string}"},"query-input":{"@type":"PropertyValueSpecification","valueRequired":true,"valueName":"search_term_string"}}],"inLanguage":"de"},{"@type":"Organization","@id":"https:\/\/tentenwerk.nl\/#organization","name":"Tentenwerk","url":"https:\/\/tentenwerk.nl\/","logo":{"@type":"ImageObject","inLanguage":"de","@id":"https:\/\/tentenwerk.nl\/#\/schema\/logo\/image\/","url":"https:\/\/tentenwerk.nl\/wp-content\/uploads\/2025\/09\/cropped-Tentenwerk-logo.png","contentUrl":"https:\/\/tentenwerk.nl\/wp-content\/uploads\/2025\/09\/cropped-Tentenwerk-logo.png","width":369,"height":299,"caption":"Tentenwerk"},"image":{"@id":"https:\/\/tentenwerk.nl\/#\/schema\/logo\/image\/"},"sameAs":["https:\/\/www.facebook.com\/tentenwerk","https:\/\/www.instagram.com\/tentenwerk","https:\/\/www.linkedin.com\/company\/tentenwerk"]}]}},"uagb_featured_image_src":{"full":["https:\/\/tentenwerk.nl\/wp-content\/uploads\/2026\/01\/vloer-stretchtent-10x15-1-scaled-e1672754910253.jpeg",1459,1414,false],"thumbnail":["https:\/\/tentenwerk.nl\/wp-content\/uploads\/2026\/01\/vloer-stretchtent-10x15-1-scaled-e1672754910253-150x150.jpeg",150,150,true],"medium":["https:\/\/tentenwerk.nl\/wp-content\/uploads\/2026\/01\/vloer-stretchtent-10x15-1-scaled-e1672754910253-300x291.jpeg",300,291,true],"medium_large":["https:\/\/tentenwerk.nl\/wp-content\/uploads\/2026\/01\/vloer-stretchtent-10x15-1-scaled-e1672754910253-768x744.jpeg",768,744,true],"large":["https:\/\/tentenwerk.nl\/wp-content\/uploads\/2026\/01\/vloer-stretchtent-10x15-1-scaled-e1672754910253-1024x992.jpeg",1024,992,true],"1536x1536":["https:\/\/tentenwerk.nl\/wp-content\/uploads\/2026\/01\/vloer-stretchtent-10x15-1-scaled-e1672754910253.jpeg",1459,1414,false],"2048x2048":["https:\/\/tentenwerk.nl\/wp-content\/uploads\/2026\/01\/vloer-stretchtent-10x15-1-scaled-e1672754910253.jpeg",1459,1414,false],"trp-custom-language-flag":["https:\/\/tentenwerk.nl\/wp-content\/uploads\/2026\/01\/vloer-stretchtent-10x15-1-scaled-e1672754910253.jpeg",12,12,false],"mailpoet_newsletter_max":["https:\/\/tentenwerk.nl\/wp-content\/uploads\/2026\/01\/vloer-stretchtent-10x15-1-scaled-e1672754910253.jpeg",1320,1279,false],"woocommerce_thumbnail":["https:\/\/tentenwerk.nl\/wp-content\/uploads\/2026\/01\/vloer-stretchtent-10x15-1-scaled-e1672754910253-300x300.jpeg",300,300,true],"woocommerce_single":["https:\/\/tentenwerk.nl\/wp-content\/uploads\/2026\/01\/vloer-stretchtent-10x15-1-scaled-e1672754910253-600x581.jpeg",600,581,true],"woocommerce_gallery_thumbnail":["https:\/\/tentenwerk.nl\/wp-content\/uploads\/2026\/01\/vloer-stretchtent-10x15-1-scaled-e1672754910253-100x100.jpeg",100,100,true]},"uagb_author_info":{"display_name":"admin","author_link":"https:\/\/tentenwerk.nl\/de\/author\/"},"uagb_comment_info":0,"uagb_excerpt":"Passende vloer voor een 7,5x12m stretchtent, gemaakt van onze mooie douglas vloerdelen, die verstek gelegd worden zodat een stevige vloer [&hellip;]","_links":{"self":[{"href":"https:\/\/tentenwerk.nl\/de\/wp-json\/wp\/v2\/product\/1564","targetHints":{"allow":["GET"]}}],"collection":[{"href":"https:\/\/tentenwerk.nl\/de\/wp-json\/wp\/v2\/product"}],"about":[{"href":"https:\/\/tentenwerk.nl\/de\/wp-json\/wp\/v2\/types\/product"}],"wp:featuredmedia":[{"embeddable":true,"href":"https:\/\/tentenwerk.nl\/de\/wp-json\/wp\/v2\/media\/1179"}],"wp:attachment":[{"href":"https:\/\/tentenwerk.nl\/de\/wp-json\/wp\/v2\/media?parent=1564"}],"wp:term":[{"taxonomy":"product_brand","embeddable":true,"href":"https:\/\/tentenwerk.nl\/de\/wp-json\/wp\/v2\/product_brand?post=1564"},{"taxonomy":"product_cat","embeddable":true,"href":"https:\/\/tentenwerk.nl\/de\/wp-json\/wp\/v2\/product_cat?post=1564"},{"taxonomy":"product_tag","embeddable":true,"href":"https:\/\/tentenwerk.nl\/de\/wp-json\/wp\/v2\/product_tag?post=1564"}],"curies":[{"name":"wp","href":"https:\/\/api.w.org\/{rel}","templated":true}]}}