{"id":1454,"date":"2026-01-12T15:38:17","date_gmt":"2026-01-12T15:38:17","guid":{"rendered":"http:\/\/tentenwerk.nl\/?post_type=product&#038;p=1454"},"modified":"2026-01-13T16:18:17","modified_gmt":"2026-01-13T16:18:17","slug":"huur-pagodetent-6x6m-36m2","status":"publish","type":"product","link":"https:\/\/tentenwerk.nl\/de\/produkt\/huur-pagodetent-6x6m-36m2\/","title":{"rendered":"Pagodenzelt 6 \u00d7 6 m (36 m\u00b2) mieten"},"content":{"rendered":"<p>Der Klassiker unter den Zelten: ein Pagodenzelt mit 6 \u00d7 6 m. Vor allem durch sein elegantes, spitz zulaufendes Dach erkennen deine G\u00e4ste sofort, dass es etwas zu feiern gibt oder ein besonderes Event stattfindet. Dieses Zelt kann mit anderen Pagodenzelten verbunden werden; dank Regenrinnen bleiben deine G\u00e4ste dabei trocken. Ob quadratisch (mit Rinne an den vier Mittelpunkten), nebeneinander, in L- oder U-Form \u2013 ganz so, wie es dein Event erfordert!<\/p>\n<p>Das Zelt ist wei\u00df und kann erg\u00e4nzt werden mit <a href=\"https:\/\/tentenwerk.nl\/de\/produkt\/huur-zijwanden-voor-pagodes\/\">Seitenw\u00e4nde<\/a>\u00a0mit einer Rei\u00dfverschlusst\u00fcr, Fenstern oder komplett geschlossen. Es ist ein relativ winddichtes Zelt, das sich mit dem Einsatz eines \u2026 schnell erw\u00e4rmen l\u00e4sst. <a href=\"https:\/\/tentenwerk.nl\/de\/produkt\/huur-gasheater-terrasheater-heteluchtkanon\/\">Gasheizstrahler<\/a>. Mit einer sch\u00f6nen Ausstattung (zum Beispiel mit unseren wei\u00dfen M\u00f6beln und Lampions) kann das Zelt eine elegante Ausstrahlung bekommen. Denkst du auch an ein <a href=\"https:\/\/tentenwerk.nl\/de\/produkt\/huur-houten-vlondervloer-gelegd\/\">Zeltboden,<\/a>, <a href=\"https:\/\/tentenwerk.nl\/de\/produkt\/huur-houten-vlondervloer-gelegd\/\">Tanzfl\u00e4che<\/a>, <a href=\"https:\/\/tentenwerk.nl\/de\/produkt-kategorie\/verlichting\/\">Beleuchtung<\/a> und\/oder eine <a href=\"https:\/\/tentenwerk.nl\/de\/produkt\/huur-podiumdeel\/\">B\u00fchne<\/a>?<\/p>\n<p>Wir bauen das Zelt gerne gemeinsam mit dir auf. F\u00fcr dich ist es am g\u00fcnstigsten (kostenlos!), wenn du 2 bis 3 Personen f\u00fcr den Auf- und Abbau organisierst. Wir unterst\u00fctzen dich dann mit einem Zeltbauer beim Aufbau des Zeltes. Dies kannst du bei der Variante \u201ekostenlose Auf- und Abbauhilfe\u201c ausw\u00e4hlen.<\/p>\n<p>Wir k\u00f6nnen den Auf- und Abbau des Zeltes auch vollst\u00e4ndig f\u00fcr dich \u00fcbernehmen; in diesem Fall berechnen wir die angegebenen Kosten f\u00fcr den Auf- und Abbau der Zelte. Dies kannst du bei der Variante \u201eAuf- und Abbau durch Tentenwerk\u201c ausw\u00e4hlen.<\/p>\n<p>M\u00fcssen viele Zelte in kurzer Zeit aufgebaut werden und ben\u00f6tigen wir daher ein gr\u00f6\u00dferes Team? Dann denken wir gerne mit dir dar\u00fcber nach, wie wir das organisieren k\u00f6nnen. Nimm daf\u00fcr Kontakt mit uns auf.<\/p>\n<p>Achtung: Die Verankerung rund um das Zelt mit bis zu 100 cm langen Heringen muss m\u00f6glich sein! Ist dies nicht der Fall, gib uns bitte Bescheid, dann pr\u00fcfen wir, ob eine Verankerung des Zeltes an Betonbl\u00f6cken oder eine andere L\u00f6sung m\u00f6glich ist.<\/p>","protected":false},"excerpt":{"rendered":"<p>De topper onder de tenten. Een pagodetent van 6x6m, met name door zijn sierlijke, puntige dak, zorgt ervoor dat je [&hellip;]<\/p>\n","protected":false},"featured_media":1186,"template":"","meta":{"_uag_custom_page_level_css":"","site-sidebar-layout":"default","site-content-layout":"","ast-site-content-layout":"default","site-content-style":"default","site-sidebar-style":"default","ast-global-header-display":"","ast-banner-title-visibility":"","ast-main-header-display":"","ast-hfb-above-header-display":"","ast-hfb-below-header-display":"","ast-hfb-mobile-header-display":"","site-post-title":"","ast-breadcrumbs-content":"","ast-featured-img":"","footer-sml-layout":"","ast-disable-related-posts":"","theme-transparent-header-meta":"default","adv-header-id-meta":"","stick-header-meta":"","header-above-stick-meta":"","header-main-stick-meta":"","header-below-stick-meta":"","astra-migrate-meta-layouts":"set","ast-page-background-enabled":"default","ast-page-background-meta":{"desktop":{"background-color":"var(--ast-global-color-4)","background-image":"","background-repeat":"repeat","background-position":"center center","background-size":"auto","background-attachment":"scroll","background-type":"","background-media":"","overlay-type":"","overlay-color":"","overlay-opacity":"","overlay-gradient":""},"tablet":{"background-color":"","background-image":"","background-repeat":"repeat","background-position":"center center","background-size":"auto","background-attachment":"scroll","background-type":"","background-media":"","overlay-type":"","overlay-color":"","overlay-opacity":"","overlay-gradient":""},"mobile":{"background-color":"","background-image":"","background-repeat":"repeat","background-position":"center center","background-size":"auto","background-attachment":"scroll","background-type":"","background-media":"","overlay-type":"","overlay-color":"","overlay-opacity":"","overlay-gradient":""}},"ast-content-background-meta":{"desktop":{"background-color":"var(--ast-global-color-5)","background-image":"","background-repeat":"repeat","background-position":"center center","background-size":"auto","background-attachment":"scroll","background-type":"","background-media":"","overlay-type":"","overlay-color":"","overlay-opacity":"","overlay-gradient":""},"tablet":{"background-color":"var(--ast-global-color-5)","background-image":"","background-repeat":"repeat","background-position":"center center","background-size":"auto","background-attachment":"scroll","background-type":"","background-media":"","overlay-type":"","overlay-color":"","overlay-opacity":"","overlay-gradient":""},"mobile":{"background-color":"var(--ast-global-color-5)","background-image":"","background-repeat":"repeat","background-position":"center center","background-size":"auto","background-attachment":"scroll","background-type":"","background-media":"","overlay-type":"","overlay-color":"","overlay-opacity":"","overlay-gradient":""}}},"product_brand":[],"product_cat":[47,19],"product_tag":[44],"class_list":{"0":"post-1454","1":"product","2":"type-product","3":"status-publish","4":"has-post-thumbnail","6":"product_cat-pagodes","7":"product_cat-tenten","8":"product_tag-pagode","9":"desktop-align-left","10":"tablet-align-left","11":"mobile-align-left","13":"first","14":"instock","15":"taxable","16":"shipping-taxable","17":"purchasable","18":"product-type-simple"},"yoast_head":"<!-- This site is optimized with the Yoast SEO plugin v27.4 - https:\/\/yoast.com\/product\/yoast-seo-wordpress\/ -->\n<title>Huur pagodetent 6x6m (36m2) - Tentenwerk<\/title>\n<meta name=\"robots\" content=\"index, follow, max-snippet:-1, max-image-preview:large, max-video-preview:-1\" \/>\n<link rel=\"canonical\" href=\"https:\/\/tentenwerk.nl\/de\/produkt\/huur-pagodetent-6x6m-36m2\/\" \/>\n<meta property=\"og:locale\" content=\"de_DE\" \/>\n<meta property=\"og:type\" content=\"article\" \/>\n<meta property=\"og:title\" content=\"Huur pagodetent 6x6m (36m2) - Tentenwerk\" \/>\n<meta property=\"og:description\" content=\"De topper onder de tenten. Een pagodetent van 6x6m, met name door zijn sierlijke, puntige dak, zorgt ervoor dat je [&hellip;]\" \/>\n<meta property=\"og:url\" content=\"https:\/\/tentenwerk.nl\/de\/produkt\/huur-pagodetent-6x6m-36m2\/\" \/>\n<meta property=\"og:site_name\" content=\"Tentenwerk\" \/>\n<meta property=\"article:publisher\" content=\"https:\/\/www.facebook.com\/tentenwerk\" \/>\n<meta property=\"article:modified_time\" content=\"2026-01-13T16:18:17+00:00\" \/>\n<meta property=\"og:image\" content=\"https:\/\/tentenwerk.nl\/wp-content\/uploads\/2026\/01\/D93761DC-D208-4EA8-828E-C042713DC02E_1_105_c.jpeg\" \/>\n\t<meta property=\"og:image:width\" content=\"1024\" \/>\n\t<meta property=\"og:image:height\" content=\"768\" \/>\n\t<meta property=\"og:image:type\" content=\"image\/jpeg\" \/>\n<meta name=\"twitter:card\" content=\"summary_large_image\" \/>\n<meta name=\"twitter:label1\" content=\"Gesch\u00e4tzte Lesezeit\" \/>\n\t<meta name=\"twitter:data1\" content=\"2\u00a0Minuten\" \/>\n<script type=\"application\/ld+json\" class=\"yoast-schema-graph\">{\"@context\":\"https:\\\/\\\/schema.org\",\"@graph\":[{\"@type\":\"WebPage\",\"@id\":\"https:\\\/\\\/tentenwerk.nl\\\/de\\\/produkt\\\/huur-pagodetent-6x6m-36m2\\\/\",\"url\":\"https:\\\/\\\/tentenwerk.nl\\\/de\\\/produkt\\\/huur-pagodetent-6x6m-36m2\\\/\",\"name\":\"Huur pagodetent 6x6m (36m2) - Tentenwerk\",\"isPartOf\":{\"@id\":\"https:\\\/\\\/tentenwerk.nl\\\/#website\"},\"primaryImageOfPage\":{\"@id\":\"https:\\\/\\\/tentenwerk.nl\\\/de\\\/produkt\\\/huur-pagodetent-6x6m-36m2\\\/#primaryimage\"},\"image\":{\"@id\":\"https:\\\/\\\/tentenwerk.nl\\\/de\\\/produkt\\\/huur-pagodetent-6x6m-36m2\\\/#primaryimage\"},\"thumbnailUrl\":\"https:\\\/\\\/tentenwerk.nl\\\/wp-content\\\/uploads\\\/2026\\\/01\\\/D93761DC-D208-4EA8-828E-C042713DC02E_1_105_c.jpeg\",\"datePublished\":\"2026-01-12T15:38:17+00:00\",\"dateModified\":\"2026-01-13T16:18:17+00:00\",\"breadcrumb\":{\"@id\":\"https:\\\/\\\/tentenwerk.nl\\\/de\\\/produkt\\\/huur-pagodetent-6x6m-36m2\\\/#breadcrumb\"},\"inLanguage\":\"de\",\"potentialAction\":[{\"@type\":\"ReadAction\",\"target\":[\"https:\\\/\\\/tentenwerk.nl\\\/de\\\/produkt\\\/huur-pagodetent-6x6m-36m2\\\/\"]}]},{\"@type\":\"ImageObject\",\"inLanguage\":\"de\",\"@id\":\"https:\\\/\\\/tentenwerk.nl\\\/de\\\/produkt\\\/huur-pagodetent-6x6m-36m2\\\/#primaryimage\",\"url\":\"https:\\\/\\\/tentenwerk.nl\\\/wp-content\\\/uploads\\\/2026\\\/01\\\/D93761DC-D208-4EA8-828E-C042713DC02E_1_105_c.jpeg\",\"contentUrl\":\"https:\\\/\\\/tentenwerk.nl\\\/wp-content\\\/uploads\\\/2026\\\/01\\\/D93761DC-D208-4EA8-828E-C042713DC02E_1_105_c.jpeg\",\"width\":1024,\"height\":768,\"caption\":\"huur pagodetent 5x5m (25m2)\"},{\"@type\":\"BreadcrumbList\",\"@id\":\"https:\\\/\\\/tentenwerk.nl\\\/de\\\/produkt\\\/huur-pagodetent-6x6m-36m2\\\/#breadcrumb\",\"itemListElement\":[{\"@type\":\"ListItem\",\"position\":1,\"name\":\"Home\",\"item\":\"https:\\\/\\\/tentenwerk.nl\\\/\"},{\"@type\":\"ListItem\",\"position\":2,\"name\":\"offerteaanvraag\",\"item\":\"https:\\\/\\\/tentenwerk.nl\\\/offerteaanvraag-2\\\/\"},{\"@type\":\"ListItem\",\"position\":3,\"name\":\"Huur pagodetent 6x6m (36m2)\"}]},{\"@type\":\"WebSite\",\"@id\":\"https:\\\/\\\/tentenwerk.nl\\\/#website\",\"url\":\"https:\\\/\\\/tentenwerk.nl\\\/\",\"name\":\"Tentenwerk\",\"description\":\"verhuur van stijlvolle tenten en toebehoren\",\"publisher\":{\"@id\":\"https:\\\/\\\/tentenwerk.nl\\\/#organization\"},\"potentialAction\":[{\"@type\":\"SearchAction\",\"target\":{\"@type\":\"EntryPoint\",\"urlTemplate\":\"https:\\\/\\\/tentenwerk.nl\\\/?s={search_term_string}\"},\"query-input\":{\"@type\":\"PropertyValueSpecification\",\"valueRequired\":true,\"valueName\":\"search_term_string\"}}],\"inLanguage\":\"de\"},{\"@type\":\"Organization\",\"@id\":\"https:\\\/\\\/tentenwerk.nl\\\/#organization\",\"name\":\"Tentenwerk\",\"url\":\"https:\\\/\\\/tentenwerk.nl\\\/\",\"logo\":{\"@type\":\"ImageObject\",\"inLanguage\":\"de\",\"@id\":\"https:\\\/\\\/tentenwerk.nl\\\/#\\\/schema\\\/logo\\\/image\\\/\",\"url\":\"https:\\\/\\\/tentenwerk.nl\\\/wp-content\\\/uploads\\\/2025\\\/09\\\/cropped-Tentenwerk-logo.png\",\"contentUrl\":\"https:\\\/\\\/tentenwerk.nl\\\/wp-content\\\/uploads\\\/2025\\\/09\\\/cropped-Tentenwerk-logo.png\",\"width\":369,\"height\":299,\"caption\":\"Tentenwerk\"},\"image\":{\"@id\":\"https:\\\/\\\/tentenwerk.nl\\\/#\\\/schema\\\/logo\\\/image\\\/\"},\"sameAs\":[\"https:\\\/\\\/www.facebook.com\\\/tentenwerk\",\"https:\\\/\\\/www.instagram.com\\\/tentenwerk\",\"https:\\\/\\\/www.linkedin.com\\\/company\\\/tentenwerk\"]}]}<\/script>\n<!-- \/ Yoast SEO plugin. -->","yoast_head_json":{"title":"Huur pagodetent 6x6m (36m2) - Tentenwerk","robots":{"index":"index","follow":"follow","max-snippet":"max-snippet:-1","max-image-preview":"max-image-preview:large","max-video-preview":"max-video-preview:-1"},"canonical":"https:\/\/tentenwerk.nl\/de\/produkt\/huur-pagodetent-6x6m-36m2\/","og_locale":"de_DE","og_type":"article","og_title":"Huur pagodetent 6x6m (36m2) - Tentenwerk","og_description":"De topper onder de tenten. Een pagodetent van 6x6m, met name door zijn sierlijke, puntige dak, zorgt ervoor dat je [&hellip;]","og_url":"https:\/\/tentenwerk.nl\/de\/produkt\/huur-pagodetent-6x6m-36m2\/","og_site_name":"Tentenwerk","article_publisher":"https:\/\/www.facebook.com\/tentenwerk","article_modified_time":"2026-01-13T16:18:17+00:00","og_image":[{"width":1024,"height":768,"url":"https:\/\/tentenwerk.nl\/wp-content\/uploads\/2026\/01\/D93761DC-D208-4EA8-828E-C042713DC02E_1_105_c.jpeg","type":"image\/jpeg"}],"twitter_card":"summary_large_image","twitter_misc":{"Gesch\u00e4tzte Lesezeit":"2\u00a0Minuten"},"schema":{"@context":"https:\/\/schema.org","@graph":[{"@type":"WebPage","@id":"https:\/\/tentenwerk.nl\/de\/produkt\/huur-pagodetent-6x6m-36m2\/","url":"https:\/\/tentenwerk.nl\/de\/produkt\/huur-pagodetent-6x6m-36m2\/","name":"Huur pagodetent 6x6m (36m2) - Tentenwerk","isPartOf":{"@id":"https:\/\/tentenwerk.nl\/#website"},"primaryImageOfPage":{"@id":"https:\/\/tentenwerk.nl\/de\/produkt\/huur-pagodetent-6x6m-36m2\/#primaryimage"},"image":{"@id":"https:\/\/tentenwerk.nl\/de\/produkt\/huur-pagodetent-6x6m-36m2\/#primaryimage"},"thumbnailUrl":"https:\/\/tentenwerk.nl\/wp-content\/uploads\/2026\/01\/D93761DC-D208-4EA8-828E-C042713DC02E_1_105_c.jpeg","datePublished":"2026-01-12T15:38:17+00:00","dateModified":"2026-01-13T16:18:17+00:00","breadcrumb":{"@id":"https:\/\/tentenwerk.nl\/de\/produkt\/huur-pagodetent-6x6m-36m2\/#breadcrumb"},"inLanguage":"de","potentialAction":[{"@type":"ReadAction","target":["https:\/\/tentenwerk.nl\/de\/produkt\/huur-pagodetent-6x6m-36m2\/"]}]},{"@type":"ImageObject","inLanguage":"de","@id":"https:\/\/tentenwerk.nl\/de\/produkt\/huur-pagodetent-6x6m-36m2\/#primaryimage","url":"https:\/\/tentenwerk.nl\/wp-content\/uploads\/2026\/01\/D93761DC-D208-4EA8-828E-C042713DC02E_1_105_c.jpeg","contentUrl":"https:\/\/tentenwerk.nl\/wp-content\/uploads\/2026\/01\/D93761DC-D208-4EA8-828E-C042713DC02E_1_105_c.jpeg","width":1024,"height":768,"caption":"huur pagodetent 5x5m (25m2)"},{"@type":"BreadcrumbList","@id":"https:\/\/tentenwerk.nl\/de\/produkt\/huur-pagodetent-6x6m-36m2\/#breadcrumb","itemListElement":[{"@type":"ListItem","position":1,"name":"Home","item":"https:\/\/tentenwerk.nl\/"},{"@type":"ListItem","position":2,"name":"offerteaanvraag","item":"https:\/\/tentenwerk.nl\/offerteaanvraag-2\/"},{"@type":"ListItem","position":3,"name":"Huur pagodetent 6x6m (36m2)"}]},{"@type":"WebSite","@id":"https:\/\/tentenwerk.nl\/#website","url":"https:\/\/tentenwerk.nl\/","name":"Tentenwerk","description":"verhuur van stijlvolle tenten en toebehoren","publisher":{"@id":"https:\/\/tentenwerk.nl\/#organization"},"potentialAction":[{"@type":"SearchAction","target":{"@type":"EntryPoint","urlTemplate":"https:\/\/tentenwerk.nl\/?s={search_term_string}"},"query-input":{"@type":"PropertyValueSpecification","valueRequired":true,"valueName":"search_term_string"}}],"inLanguage":"de"},{"@type":"Organization","@id":"https:\/\/tentenwerk.nl\/#organization","name":"Tentenwerk","url":"https:\/\/tentenwerk.nl\/","logo":{"@type":"ImageObject","inLanguage":"de","@id":"https:\/\/tentenwerk.nl\/#\/schema\/logo\/image\/","url":"https:\/\/tentenwerk.nl\/wp-content\/uploads\/2025\/09\/cropped-Tentenwerk-logo.png","contentUrl":"https:\/\/tentenwerk.nl\/wp-content\/uploads\/2025\/09\/cropped-Tentenwerk-logo.png","width":369,"height":299,"caption":"Tentenwerk"},"image":{"@id":"https:\/\/tentenwerk.nl\/#\/schema\/logo\/image\/"},"sameAs":["https:\/\/www.facebook.com\/tentenwerk","https:\/\/www.instagram.com\/tentenwerk","https:\/\/www.linkedin.com\/company\/tentenwerk"]}]}},"uagb_featured_image_src":{"full":["https:\/\/tentenwerk.nl\/wp-content\/uploads\/2026\/01\/D93761DC-D208-4EA8-828E-C042713DC02E_1_105_c.jpeg",1024,768,false],"thumbnail":["https:\/\/tentenwerk.nl\/wp-content\/uploads\/2026\/01\/D93761DC-D208-4EA8-828E-C042713DC02E_1_105_c-150x150.jpeg",150,150,true],"medium":["https:\/\/tentenwerk.nl\/wp-content\/uploads\/2026\/01\/D93761DC-D208-4EA8-828E-C042713DC02E_1_105_c-300x225.jpeg",300,225,true],"medium_large":["https:\/\/tentenwerk.nl\/wp-content\/uploads\/2026\/01\/D93761DC-D208-4EA8-828E-C042713DC02E_1_105_c-768x576.jpeg",768,576,true],"large":["https:\/\/tentenwerk.nl\/wp-content\/uploads\/2026\/01\/D93761DC-D208-4EA8-828E-C042713DC02E_1_105_c.jpeg",1024,768,false],"1536x1536":["https:\/\/tentenwerk.nl\/wp-content\/uploads\/2026\/01\/D93761DC-D208-4EA8-828E-C042713DC02E_1_105_c.jpeg",1024,768,false],"2048x2048":["https:\/\/tentenwerk.nl\/wp-content\/uploads\/2026\/01\/D93761DC-D208-4EA8-828E-C042713DC02E_1_105_c.jpeg",1024,768,false],"trp-custom-language-flag":["https:\/\/tentenwerk.nl\/wp-content\/uploads\/2026\/01\/D93761DC-D208-4EA8-828E-C042713DC02E_1_105_c.jpeg",16,12,false],"mailpoet_newsletter_max":["https:\/\/tentenwerk.nl\/wp-content\/uploads\/2026\/01\/D93761DC-D208-4EA8-828E-C042713DC02E_1_105_c.jpeg",1024,768,false],"woocommerce_thumbnail":["https:\/\/tentenwerk.nl\/wp-content\/uploads\/2026\/01\/D93761DC-D208-4EA8-828E-C042713DC02E_1_105_c-300x300.jpeg",300,300,true],"woocommerce_single":["https:\/\/tentenwerk.nl\/wp-content\/uploads\/2026\/01\/D93761DC-D208-4EA8-828E-C042713DC02E_1_105_c-600x450.jpeg",600,450,true],"woocommerce_gallery_thumbnail":["https:\/\/tentenwerk.nl\/wp-content\/uploads\/2026\/01\/D93761DC-D208-4EA8-828E-C042713DC02E_1_105_c-100x100.jpeg",100,100,true]},"uagb_author_info":{"display_name":"admin","author_link":"https:\/\/tentenwerk.nl\/de\/author\/"},"uagb_comment_info":0,"uagb_excerpt":"De topper onder de tenten. Een pagodetent van 6x6m, met name door zijn sierlijke, puntige dak, zorgt ervoor dat je [&hellip;]","_links":{"self":[{"href":"https:\/\/tentenwerk.nl\/de\/wp-json\/wp\/v2\/product\/1454","targetHints":{"allow":["GET"]}}],"collection":[{"href":"https:\/\/tentenwerk.nl\/de\/wp-json\/wp\/v2\/product"}],"about":[{"href":"https:\/\/tentenwerk.nl\/de\/wp-json\/wp\/v2\/types\/product"}],"wp:featuredmedia":[{"embeddable":true,"href":"https:\/\/tentenwerk.nl\/de\/wp-json\/wp\/v2\/media\/1186"}],"wp:attachment":[{"href":"https:\/\/tentenwerk.nl\/de\/wp-json\/wp\/v2\/media?parent=1454"}],"wp:term":[{"taxonomy":"product_brand","embeddable":true,"href":"https:\/\/tentenwerk.nl\/de\/wp-json\/wp\/v2\/product_brand?post=1454"},{"taxonomy":"product_cat","embeddable":true,"href":"https:\/\/tentenwerk.nl\/de\/wp-json\/wp\/v2\/product_cat?post=1454"},{"taxonomy":"product_tag","embeddable":true,"href":"https:\/\/tentenwerk.nl\/de\/wp-json\/wp\/v2\/product_tag?post=1454"}],"curies":[{"name":"wp","href":"https:\/\/api.w.org\/{rel}","templated":true}]}}