{"id":1434,"date":"2026-01-12T15:37:43","date_gmt":"2026-01-12T15:37:43","guid":{"rendered":"http:\/\/tentenwerk.nl\/?post_type=product&#038;p=1434"},"modified":"2026-01-13T16:14:05","modified_gmt":"2026-01-13T16:14:05","slug":"huur-stretchtent-10x30-meter","status":"publish","type":"product","link":"https:\/\/tentenwerk.nl\/de\/produkt\/huur-stretchtent-10x30-meter\/","title":{"rendered":"Stretchzelt 10 \u00d7 30 Meter mieten (gekoppelt)"},"content":{"rendered":"<p>Ein wundersch\u00f6nes (riesiges!) Zelt \u2013 dieses Stretchzelt mit 10 \u00d7 30 Metern. Dieses Zelt besteht aus einer Verbindung von zwei unserer 10 \u00d7 15 Meter Stretchzelte. Zwischen den beiden Zelten befindet sich eine Regenrinne.<\/p>\n<p>Das Zelt ist au\u00dfen sandfarben und innen cremefarben. Die Kastanienholzpfosten und die Abspannleinen mit Eichenholz und Seil verleihen dem Zelt einen Festival-Look. Mit einer sch\u00f6nen Ausstattung (zum Beispiel mit unseren wei\u00dfen M\u00f6beln und Lampions) kann das Zelt auch eine elegante Ausstrahlung bekommen. Denkst du auch an ein <a href=\"https:\/\/tentenwerk.nl\/de\/produkt\/huur-houten-vlondervloer-gelegd\/\">Zeltboden,<\/a>, <a href=\"https:\/\/tentenwerk.nl\/de\/produkt\/huur-houten-vlondervloer-gelegd\/\">Tanzfl\u00e4che<\/a>, <a href=\"https:\/\/tentenwerk.nl\/de\/produkt-kategorie\/verlichting\/\">Beleuchtung<\/a> und\/oder eine <a href=\"https:\/\/tentenwerk.nl\/de\/produkt\/huur-podiumdeel\/\">B\u00fchne<\/a>?<\/p>\n<p>Wir bauen das Zelt gerne gemeinsam mit dir auf. F\u00fcr dich ist es am g\u00fcnstigsten (kostenlos!), wenn du (f\u00fcr diese Zeltgr\u00f6\u00dfe) etwa 5 Personen f\u00fcr den Auf- und Abbau organisierst. Wir unterst\u00fctzen dich dann mit einem Zeltbauer beim Aufbau des Zeltes. Dies kannst du bei der Variante \u201ekostenlose Auf- und Abbauhilfe\u201c ausw\u00e4hlen.<\/p>\n<p>Wir k\u00f6nnen den Auf- und Abbau des Zeltes auch vollst\u00e4ndig f\u00fcr dich \u00fcbernehmen; in diesem Fall berechnen wir die angegebenen Kosten f\u00fcr den Auf- und Abbau der Zelte. Dies kannst du bei der Variante \u201eAuf- und Abbau durch Tentenwerk\u201c ausw\u00e4hlen.<\/p>\n<p>M\u00fcssen viele Zelte in kurzer Zeit aufgebaut werden und ben\u00f6tigen wir daher ein gr\u00f6\u00dferes Team? Dann denken wir gerne mit dir dar\u00fcber nach, wie wir das organisieren k\u00f6nnen. Nimm daf\u00fcr Kontakt mit uns auf.<\/p>\n<p>Achtung: Die Verankerung des Zeltes mit ca. 1,20 m langen Erdankern im Untergrund muss m\u00f6glich sein!<\/p>","protected":false},"excerpt":{"rendered":"<p>Een pracht van een (mega!)tent, deze stretchtent van 10 x 30 meter. Deze tent bestaat uit een koppeling van twee [&hellip;]<\/p>\n","protected":false},"featured_media":1323,"template":"","meta":{"_uag_custom_page_level_css":"","site-sidebar-layout":"default","site-content-layout":"","ast-site-content-layout":"default","site-content-style":"default","site-sidebar-style":"default","ast-global-header-display":"","ast-banner-title-visibility":"","ast-main-header-display":"","ast-hfb-above-header-display":"","ast-hfb-below-header-display":"","ast-hfb-mobile-header-display":"","site-post-title":"","ast-breadcrumbs-content":"","ast-featured-img":"","footer-sml-layout":"","ast-disable-related-posts":"","theme-transparent-header-meta":"default","adv-header-id-meta":"","stick-header-meta":"","header-above-stick-meta":"","header-main-stick-meta":"","header-below-stick-meta":"","astra-migrate-meta-layouts":"set","ast-page-background-enabled":"default","ast-page-background-meta":{"desktop":{"background-color":"var(--ast-global-color-4)","background-image":"","background-repeat":"repeat","background-position":"center center","background-size":"auto","background-attachment":"scroll","background-type":"","background-media":"","overlay-type":"","overlay-color":"","overlay-opacity":"","overlay-gradient":""},"tablet":{"background-color":"","background-image":"","background-repeat":"repeat","background-position":"center center","background-size":"auto","background-attachment":"scroll","background-type":"","background-media":"","overlay-type":"","overlay-color":"","overlay-opacity":"","overlay-gradient":""},"mobile":{"background-color":"","background-image":"","background-repeat":"repeat","background-position":"center center","background-size":"auto","background-attachment":"scroll","background-type":"","background-media":"","overlay-type":"","overlay-color":"","overlay-opacity":"","overlay-gradient":""}},"ast-content-background-meta":{"desktop":{"background-color":"var(--ast-global-color-5)","background-image":"","background-repeat":"repeat","background-position":"center center","background-size":"auto","background-attachment":"scroll","background-type":"","background-media":"","overlay-type":"","overlay-color":"","overlay-opacity":"","overlay-gradient":""},"tablet":{"background-color":"var(--ast-global-color-5)","background-image":"","background-repeat":"repeat","background-position":"center center","background-size":"auto","background-attachment":"scroll","background-type":"","background-media":"","overlay-type":"","overlay-color":"","overlay-opacity":"","overlay-gradient":""},"mobile":{"background-color":"var(--ast-global-color-5)","background-image":"","background-repeat":"repeat","background-position":"center center","background-size":"auto","background-attachment":"scroll","background-type":"","background-media":"","overlay-type":"","overlay-color":"","overlay-opacity":"","overlay-gradient":""}}},"product_brand":[],"product_cat":[45,19],"product_tag":[30],"class_list":{"0":"post-1434","1":"product","2":"type-product","3":"status-publish","4":"has-post-thumbnail","6":"product_cat-stretchtenten","7":"product_cat-tenten","8":"product_tag-stretchtent","9":"desktop-align-left","10":"tablet-align-left","11":"mobile-align-left","13":"first","14":"instock","15":"taxable","16":"shipping-taxable","17":"purchasable","18":"product-type-simple"},"yoast_head":"<!-- This site is optimized with the Yoast SEO plugin v27.2 - https:\/\/yoast.com\/product\/yoast-seo-wordpress\/ -->\n<title>Huur stretchtent 10x30 meter (gekoppeld) - Tentenwerk<\/title>\n<meta name=\"robots\" content=\"index, follow, max-snippet:-1, max-image-preview:large, max-video-preview:-1\" \/>\n<link rel=\"canonical\" href=\"https:\/\/tentenwerk.nl\/de\/produkt\/huur-stretchtent-10x30-meter\/\" \/>\n<meta property=\"og:locale\" content=\"de_DE\" \/>\n<meta property=\"og:type\" content=\"article\" \/>\n<meta property=\"og:title\" content=\"Huur stretchtent 10x30 meter (gekoppeld) - Tentenwerk\" \/>\n<meta property=\"og:description\" content=\"Een pracht van een (mega!)tent, deze stretchtent van 10 x 30 meter. Deze tent bestaat uit een koppeling van twee [&hellip;]\" \/>\n<meta property=\"og:url\" content=\"https:\/\/tentenwerk.nl\/de\/produkt\/huur-stretchtent-10x30-meter\/\" \/>\n<meta property=\"og:site_name\" content=\"Tentenwerk\" \/>\n<meta property=\"article:publisher\" content=\"https:\/\/www.facebook.com\/tentenwerk\" \/>\n<meta property=\"article:modified_time\" content=\"2026-01-13T16:14:05+00:00\" \/>\n<meta property=\"og:image\" content=\"https:\/\/tentenwerk.nl\/wp-content\/uploads\/2026\/01\/25659350-E64C-4580-B041-4F8C0195FF37-scaled.jpg\" \/>\n\t<meta property=\"og:image:width\" content=\"2560\" \/>\n\t<meta property=\"og:image:height\" content=\"2560\" \/>\n\t<meta property=\"og:image:type\" content=\"image\/jpeg\" \/>\n<meta name=\"twitter:card\" content=\"summary_large_image\" \/>\n<meta name=\"twitter:label1\" content=\"Gesch\u00e4tzte Lesezeit\" \/>\n\t<meta name=\"twitter:data1\" content=\"1\u00a0Minute\" \/>\n<script type=\"application\/ld+json\" class=\"yoast-schema-graph\">{\"@context\":\"https:\/\/schema.org\",\"@graph\":[{\"@type\":\"WebPage\",\"@id\":\"https:\/\/tentenwerk.nl\/product\/huur-stretchtent-10x30-meter\/\",\"url\":\"https:\/\/tentenwerk.nl\/product\/huur-stretchtent-10x30-meter\/\",\"name\":\"Huur stretchtent 10x30 meter (gekoppeld) - Tentenwerk\",\"isPartOf\":{\"@id\":\"https:\/\/tentenwerk.nl\/#website\"},\"primaryImageOfPage\":{\"@id\":\"https:\/\/tentenwerk.nl\/product\/huur-stretchtent-10x30-meter\/#primaryimage\"},\"image\":{\"@id\":\"https:\/\/tentenwerk.nl\/product\/huur-stretchtent-10x30-meter\/#primaryimage\"},\"thumbnailUrl\":\"https:\/\/tentenwerk.nl\/wp-content\/uploads\/2026\/01\/25659350-E64C-4580-B041-4F8C0195FF37-scaled.jpg\",\"datePublished\":\"2026-01-12T15:37:43+00:00\",\"dateModified\":\"2026-01-13T16:14:05+00:00\",\"breadcrumb\":{\"@id\":\"https:\/\/tentenwerk.nl\/product\/huur-stretchtent-10x30-meter\/#breadcrumb\"},\"inLanguage\":\"de\",\"potentialAction\":[{\"@type\":\"ReadAction\",\"target\":[\"https:\/\/tentenwerk.nl\/product\/huur-stretchtent-10x30-meter\/\"]}]},{\"@type\":\"ImageObject\",\"inLanguage\":\"de\",\"@id\":\"https:\/\/tentenwerk.nl\/product\/huur-stretchtent-10x30-meter\/#primaryimage\",\"url\":\"https:\/\/tentenwerk.nl\/wp-content\/uploads\/2026\/01\/25659350-E64C-4580-B041-4F8C0195FF37-scaled.jpg\",\"contentUrl\":\"https:\/\/tentenwerk.nl\/wp-content\/uploads\/2026\/01\/25659350-E64C-4580-B041-4F8C0195FF37-scaled.jpg\",\"width\":2560,\"height\":2560,\"caption\":\"huur bolletjesverlichting transparant (per meter)\"},{\"@type\":\"BreadcrumbList\",\"@id\":\"https:\/\/tentenwerk.nl\/product\/huur-stretchtent-10x30-meter\/#breadcrumb\",\"itemListElement\":[{\"@type\":\"ListItem\",\"position\":1,\"name\":\"Home\",\"item\":\"https:\/\/tentenwerk.nl\/\"},{\"@type\":\"ListItem\",\"position\":2,\"name\":\"offerteaanvraag\",\"item\":\"https:\/\/tentenwerk.nl\/offerteaanvraag-2\/\"},{\"@type\":\"ListItem\",\"position\":3,\"name\":\"Huur stretchtent 10&#215;30 meter (gekoppeld)\"}]},{\"@type\":\"WebSite\",\"@id\":\"https:\/\/tentenwerk.nl\/#website\",\"url\":\"https:\/\/tentenwerk.nl\/\",\"name\":\"Tentenwerk\",\"description\":\"verhuur van stijlvolle tenten en toebehoren\",\"publisher\":{\"@id\":\"https:\/\/tentenwerk.nl\/#organization\"},\"potentialAction\":[{\"@type\":\"SearchAction\",\"target\":{\"@type\":\"EntryPoint\",\"urlTemplate\":\"https:\/\/tentenwerk.nl\/?s={search_term_string}\"},\"query-input\":{\"@type\":\"PropertyValueSpecification\",\"valueRequired\":true,\"valueName\":\"search_term_string\"}}],\"inLanguage\":\"de\"},{\"@type\":\"Organization\",\"@id\":\"https:\/\/tentenwerk.nl\/#organization\",\"name\":\"Tentenwerk\",\"url\":\"https:\/\/tentenwerk.nl\/\",\"logo\":{\"@type\":\"ImageObject\",\"inLanguage\":\"de\",\"@id\":\"https:\/\/tentenwerk.nl\/#\/schema\/logo\/image\/\",\"url\":\"https:\/\/tentenwerk.nl\/wp-content\/uploads\/2025\/09\/cropped-Tentenwerk-logo.png\",\"contentUrl\":\"https:\/\/tentenwerk.nl\/wp-content\/uploads\/2025\/09\/cropped-Tentenwerk-logo.png\",\"width\":369,\"height\":299,\"caption\":\"Tentenwerk\"},\"image\":{\"@id\":\"https:\/\/tentenwerk.nl\/#\/schema\/logo\/image\/\"},\"sameAs\":[\"https:\/\/www.facebook.com\/tentenwerk\",\"https:\/\/www.instagram.com\/tentenwerk\",\"https:\/\/www.linkedin.com\/company\/tentenwerk\"]}]}<\/script>\n<!-- \/ Yoast SEO plugin. -->","yoast_head_json":{"title":"Huur stretchtent 10x30 meter (gekoppeld) - Tentenwerk","robots":{"index":"index","follow":"follow","max-snippet":"max-snippet:-1","max-image-preview":"max-image-preview:large","max-video-preview":"max-video-preview:-1"},"canonical":"https:\/\/tentenwerk.nl\/de\/produkt\/huur-stretchtent-10x30-meter\/","og_locale":"de_DE","og_type":"article","og_title":"Huur stretchtent 10x30 meter (gekoppeld) - Tentenwerk","og_description":"Een pracht van een (mega!)tent, deze stretchtent van 10 x 30 meter. Deze tent bestaat uit een koppeling van twee [&hellip;]","og_url":"https:\/\/tentenwerk.nl\/de\/produkt\/huur-stretchtent-10x30-meter\/","og_site_name":"Tentenwerk","article_publisher":"https:\/\/www.facebook.com\/tentenwerk","article_modified_time":"2026-01-13T16:14:05+00:00","og_image":[{"width":2560,"height":2560,"url":"https:\/\/tentenwerk.nl\/wp-content\/uploads\/2026\/01\/25659350-E64C-4580-B041-4F8C0195FF37-scaled.jpg","type":"image\/jpeg"}],"twitter_card":"summary_large_image","twitter_misc":{"Gesch\u00e4tzte Lesezeit":"1\u00a0Minute"},"schema":{"@context":"https:\/\/schema.org","@graph":[{"@type":"WebPage","@id":"https:\/\/tentenwerk.nl\/product\/huur-stretchtent-10x30-meter\/","url":"https:\/\/tentenwerk.nl\/product\/huur-stretchtent-10x30-meter\/","name":"Huur stretchtent 10x30 meter (gekoppeld) - Tentenwerk","isPartOf":{"@id":"https:\/\/tentenwerk.nl\/#website"},"primaryImageOfPage":{"@id":"https:\/\/tentenwerk.nl\/product\/huur-stretchtent-10x30-meter\/#primaryimage"},"image":{"@id":"https:\/\/tentenwerk.nl\/product\/huur-stretchtent-10x30-meter\/#primaryimage"},"thumbnailUrl":"https:\/\/tentenwerk.nl\/wp-content\/uploads\/2026\/01\/25659350-E64C-4580-B041-4F8C0195FF37-scaled.jpg","datePublished":"2026-01-12T15:37:43+00:00","dateModified":"2026-01-13T16:14:05+00:00","breadcrumb":{"@id":"https:\/\/tentenwerk.nl\/product\/huur-stretchtent-10x30-meter\/#breadcrumb"},"inLanguage":"de","potentialAction":[{"@type":"ReadAction","target":["https:\/\/tentenwerk.nl\/product\/huur-stretchtent-10x30-meter\/"]}]},{"@type":"ImageObject","inLanguage":"de","@id":"https:\/\/tentenwerk.nl\/product\/huur-stretchtent-10x30-meter\/#primaryimage","url":"https:\/\/tentenwerk.nl\/wp-content\/uploads\/2026\/01\/25659350-E64C-4580-B041-4F8C0195FF37-scaled.jpg","contentUrl":"https:\/\/tentenwerk.nl\/wp-content\/uploads\/2026\/01\/25659350-E64C-4580-B041-4F8C0195FF37-scaled.jpg","width":2560,"height":2560,"caption":"huur bolletjesverlichting transparant (per meter)"},{"@type":"BreadcrumbList","@id":"https:\/\/tentenwerk.nl\/product\/huur-stretchtent-10x30-meter\/#breadcrumb","itemListElement":[{"@type":"ListItem","position":1,"name":"Home","item":"https:\/\/tentenwerk.nl\/"},{"@type":"ListItem","position":2,"name":"offerteaanvraag","item":"https:\/\/tentenwerk.nl\/offerteaanvraag-2\/"},{"@type":"ListItem","position":3,"name":"Huur stretchtent 10&#215;30 meter (gekoppeld)"}]},{"@type":"WebSite","@id":"https:\/\/tentenwerk.nl\/#website","url":"https:\/\/tentenwerk.nl\/","name":"Tentenwerk","description":"verhuur van stijlvolle tenten en toebehoren","publisher":{"@id":"https:\/\/tentenwerk.nl\/#organization"},"potentialAction":[{"@type":"SearchAction","target":{"@type":"EntryPoint","urlTemplate":"https:\/\/tentenwerk.nl\/?s={search_term_string}"},"query-input":{"@type":"PropertyValueSpecification","valueRequired":true,"valueName":"search_term_string"}}],"inLanguage":"de"},{"@type":"Organization","@id":"https:\/\/tentenwerk.nl\/#organization","name":"Tentenwerk","url":"https:\/\/tentenwerk.nl\/","logo":{"@type":"ImageObject","inLanguage":"de","@id":"https:\/\/tentenwerk.nl\/#\/schema\/logo\/image\/","url":"https:\/\/tentenwerk.nl\/wp-content\/uploads\/2025\/09\/cropped-Tentenwerk-logo.png","contentUrl":"https:\/\/tentenwerk.nl\/wp-content\/uploads\/2025\/09\/cropped-Tentenwerk-logo.png","width":369,"height":299,"caption":"Tentenwerk"},"image":{"@id":"https:\/\/tentenwerk.nl\/#\/schema\/logo\/image\/"},"sameAs":["https:\/\/www.facebook.com\/tentenwerk","https:\/\/www.instagram.com\/tentenwerk","https:\/\/www.linkedin.com\/company\/tentenwerk"]}]}},"uagb_featured_image_src":{"full":["https:\/\/tentenwerk.nl\/wp-content\/uploads\/2026\/01\/25659350-E64C-4580-B041-4F8C0195FF37-scaled.jpg",2560,2560,false],"thumbnail":["https:\/\/tentenwerk.nl\/wp-content\/uploads\/2026\/01\/25659350-E64C-4580-B041-4F8C0195FF37-150x150.jpg",150,150,true],"medium":["https:\/\/tentenwerk.nl\/wp-content\/uploads\/2026\/01\/25659350-E64C-4580-B041-4F8C0195FF37-300x300.jpg",300,300,true],"medium_large":["https:\/\/tentenwerk.nl\/wp-content\/uploads\/2026\/01\/25659350-E64C-4580-B041-4F8C0195FF37-768x768.jpg",768,768,true],"large":["https:\/\/tentenwerk.nl\/wp-content\/uploads\/2026\/01\/25659350-E64C-4580-B041-4F8C0195FF37-1024x1024.jpg",1024,1024,true],"1536x1536":["https:\/\/tentenwerk.nl\/wp-content\/uploads\/2026\/01\/25659350-E64C-4580-B041-4F8C0195FF37-1536x1536.jpg",1536,1536,true],"2048x2048":["https:\/\/tentenwerk.nl\/wp-content\/uploads\/2026\/01\/25659350-E64C-4580-B041-4F8C0195FF37-2048x2048.jpg",2048,2048,true],"trp-custom-language-flag":["https:\/\/tentenwerk.nl\/wp-content\/uploads\/2026\/01\/25659350-E64C-4580-B041-4F8C0195FF37-scaled.jpg",12,12,false],"mailpoet_newsletter_max":["https:\/\/tentenwerk.nl\/wp-content\/uploads\/2026\/01\/25659350-E64C-4580-B041-4F8C0195FF37-scaled.jpg",1320,1320,false],"woocommerce_thumbnail":["https:\/\/tentenwerk.nl\/wp-content\/uploads\/2026\/01\/25659350-E64C-4580-B041-4F8C0195FF37-300x300.jpg",300,300,true],"woocommerce_single":["https:\/\/tentenwerk.nl\/wp-content\/uploads\/2026\/01\/25659350-E64C-4580-B041-4F8C0195FF37-600x600.jpg",600,600,true],"woocommerce_gallery_thumbnail":["https:\/\/tentenwerk.nl\/wp-content\/uploads\/2026\/01\/25659350-E64C-4580-B041-4F8C0195FF37-100x100.jpg",100,100,true]},"uagb_author_info":{"display_name":"admin","author_link":"https:\/\/tentenwerk.nl\/de\/author\/"},"uagb_comment_info":0,"uagb_excerpt":"Een pracht van een (mega!)tent, deze stretchtent van 10 x 30 meter. Deze tent bestaat uit een koppeling van twee [&hellip;]","_links":{"self":[{"href":"https:\/\/tentenwerk.nl\/de\/wp-json\/wp\/v2\/product\/1434","targetHints":{"allow":["GET"]}}],"collection":[{"href":"https:\/\/tentenwerk.nl\/de\/wp-json\/wp\/v2\/product"}],"about":[{"href":"https:\/\/tentenwerk.nl\/de\/wp-json\/wp\/v2\/types\/product"}],"wp:featuredmedia":[{"embeddable":true,"href":"https:\/\/tentenwerk.nl\/de\/wp-json\/wp\/v2\/media\/1323"}],"wp:attachment":[{"href":"https:\/\/tentenwerk.nl\/de\/wp-json\/wp\/v2\/media?parent=1434"}],"wp:term":[{"taxonomy":"product_brand","embeddable":true,"href":"https:\/\/tentenwerk.nl\/de\/wp-json\/wp\/v2\/product_brand?post=1434"},{"taxonomy":"product_cat","embeddable":true,"href":"https:\/\/tentenwerk.nl\/de\/wp-json\/wp\/v2\/product_cat?post=1434"},{"taxonomy":"product_tag","embeddable":true,"href":"https:\/\/tentenwerk.nl\/de\/wp-json\/wp\/v2\/product_tag?post=1434"}],"curies":[{"name":"wp","href":"https:\/\/api.w.org\/{rel}","templated":true}]}}