{"id":1152,"date":"2026-01-12T15:32:06","date_gmt":"2026-01-12T15:32:06","guid":{"rendered":"http:\/\/tentenwerk.nl\/?post_type=product&#038;p=1152"},"modified":"2026-01-13T16:41:31","modified_gmt":"2026-01-13T16:41:31","slug":"huur-bolletjesverlichting-transparant-per-meter","status":"publish","type":"product","link":"https:\/\/tentenwerk.nl\/de\/produkt\/huur-bolletjesverlichting-transparant-per-meter\/","title":{"rendered":"Transparente Lichterkette (pro Meter) mieten"},"content":{"rendered":"<p>Der Preis gilt pro Meter. Es ist sehr sch\u00f6n, damit zum Beispiel den Umfang von Stretchzelten zu beleuchten. Diese Beleuchtung kann auch diagonal oder horizontal in den Zelten aufgeh\u00e4ngt werden. Pro Meter Kabel befinden sich 2 oder mehr transparent-wei\u00dfe Kugellampen. Auch sch\u00f6n zu kombinieren mit <a href=\"https:\/\/tentenwerk.nl\/de\/produkt\/solar-lampion-wit\/\">wei\u00dfe Lampions<\/a>!<\/p>","protected":false},"excerpt":{"rendered":"<p>Prijs is per meter. Het is heel mooi om de omtrek van bijvoorbeeld stretchtenten te verlichten. Ook kan deze verlichting [&hellip;]<\/p>\n","protected":false},"featured_media":1319,"template":"","meta":{"_uag_custom_page_level_css":"","site-sidebar-layout":"default","site-content-layout":"","ast-site-content-layout":"default","site-content-style":"default","site-sidebar-style":"default","ast-global-header-display":"","ast-banner-title-visibility":"","ast-main-header-display":"","ast-hfb-above-header-display":"","ast-hfb-below-header-display":"","ast-hfb-mobile-header-display":"","site-post-title":"","ast-breadcrumbs-content":"","ast-featured-img":"","footer-sml-layout":"","ast-disable-related-posts":"","theme-transparent-header-meta":"","adv-header-id-meta":"","stick-header-meta":"","header-above-stick-meta":"","header-main-stick-meta":"","header-below-stick-meta":"","astra-migrate-meta-layouts":"default","ast-page-background-enabled":"default","ast-page-background-meta":{"desktop":{"background-color":"var(--ast-global-color-4)","background-image":"","background-repeat":"repeat","background-position":"center center","background-size":"auto","background-attachment":"scroll","background-type":"","background-media":"","overlay-type":"","overlay-color":"","overlay-opacity":"","overlay-gradient":""},"tablet":{"background-color":"","background-image":"","background-repeat":"repeat","background-position":"center center","background-size":"auto","background-attachment":"scroll","background-type":"","background-media":"","overlay-type":"","overlay-color":"","overlay-opacity":"","overlay-gradient":""},"mobile":{"background-color":"","background-image":"","background-repeat":"repeat","background-position":"center center","background-size":"auto","background-attachment":"scroll","background-type":"","background-media":"","overlay-type":"","overlay-color":"","overlay-opacity":"","overlay-gradient":""}},"ast-content-background-meta":{"desktop":{"background-color":"var(--ast-global-color-5)","background-image":"","background-repeat":"repeat","background-position":"center center","background-size":"auto","background-attachment":"scroll","background-type":"","background-media":"","overlay-type":"","overlay-color":"","overlay-opacity":"","overlay-gradient":""},"tablet":{"background-color":"var(--ast-global-color-5)","background-image":"","background-repeat":"repeat","background-position":"center center","background-size":"auto","background-attachment":"scroll","background-type":"","background-media":"","overlay-type":"","overlay-color":"","overlay-opacity":"","overlay-gradient":""},"mobile":{"background-color":"var(--ast-global-color-5)","background-image":"","background-repeat":"repeat","background-position":"center center","background-size":"auto","background-attachment":"scroll","background-type":"","background-media":"","overlay-type":"","overlay-color":"","overlay-opacity":"","overlay-gradient":""}}},"product_brand":[],"product_cat":[50,21],"product_tag":[],"class_list":{"0":"post-1152","1":"product","2":"type-product","3":"status-publish","4":"has-post-thumbnail","6":"product_cat-prikkabel","7":"product_cat-verlichting","8":"desktop-align-left","9":"tablet-align-left","10":"mobile-align-left","12":"first","13":"instock","14":"taxable","15":"shipping-taxable","16":"purchasable","17":"product-type-simple"},"yoast_head":"<!-- This site is optimized with the Yoast SEO plugin v27.4 - https:\/\/yoast.com\/product\/yoast-seo-wordpress\/ -->\n<title>Huur bolletjesverlichting transparant (per meter) - Tentenwerk<\/title>\n<meta name=\"robots\" content=\"index, follow, max-snippet:-1, max-image-preview:large, max-video-preview:-1\" \/>\n<link rel=\"canonical\" href=\"https:\/\/tentenwerk.nl\/de\/produkt\/huur-bolletjesverlichting-transparant-per-meter\/\" \/>\n<meta property=\"og:locale\" content=\"de_DE\" \/>\n<meta property=\"og:type\" content=\"article\" \/>\n<meta property=\"og:title\" content=\"Huur bolletjesverlichting transparant (per meter) - Tentenwerk\" \/>\n<meta property=\"og:description\" content=\"Prijs is per meter. Het is heel mooi om de omtrek van bijvoorbeeld stretchtenten te verlichten. Ook kan deze verlichting [&hellip;]\" \/>\n<meta property=\"og:url\" content=\"https:\/\/tentenwerk.nl\/de\/produkt\/huur-bolletjesverlichting-transparant-per-meter\/\" \/>\n<meta property=\"og:site_name\" content=\"Tentenwerk\" \/>\n<meta property=\"article:publisher\" content=\"https:\/\/www.facebook.com\/tentenwerk\" \/>\n<meta property=\"article:modified_time\" content=\"2026-01-13T16:41:31+00:00\" \/>\n<meta property=\"og:image\" content=\"https:\/\/tentenwerk.nl\/wp-content\/uploads\/2026\/01\/bolletjesverlichting-tentenwerk.jpeg\" \/>\n\t<meta property=\"og:image:width\" content=\"1557\" \/>\n\t<meta property=\"og:image:height\" content=\"1490\" \/>\n\t<meta property=\"og:image:type\" content=\"image\/jpeg\" \/>\n<meta name=\"twitter:card\" content=\"summary_large_image\" \/>\n<script type=\"application\/ld+json\" class=\"yoast-schema-graph\">{\"@context\":\"https:\\\/\\\/schema.org\",\"@graph\":[{\"@type\":\"WebPage\",\"@id\":\"https:\\\/\\\/tentenwerk.nl\\\/product\\\/huur-bolletjesverlichting-transparant-per-meter\\\/\",\"url\":\"https:\\\/\\\/tentenwerk.nl\\\/product\\\/huur-bolletjesverlichting-transparant-per-meter\\\/\",\"name\":\"Huur bolletjesverlichting transparant (per meter) - Tentenwerk\",\"isPartOf\":{\"@id\":\"https:\\\/\\\/tentenwerk.nl\\\/#website\"},\"primaryImageOfPage\":{\"@id\":\"https:\\\/\\\/tentenwerk.nl\\\/product\\\/huur-bolletjesverlichting-transparant-per-meter\\\/#primaryimage\"},\"image\":{\"@id\":\"https:\\\/\\\/tentenwerk.nl\\\/product\\\/huur-bolletjesverlichting-transparant-per-meter\\\/#primaryimage\"},\"thumbnailUrl\":\"https:\\\/\\\/tentenwerk.nl\\\/wp-content\\\/uploads\\\/2026\\\/01\\\/bolletjesverlichting-tentenwerk.jpeg\",\"datePublished\":\"2026-01-12T15:32:06+00:00\",\"dateModified\":\"2026-01-13T16:41:31+00:00\",\"breadcrumb\":{\"@id\":\"https:\\\/\\\/tentenwerk.nl\\\/product\\\/huur-bolletjesverlichting-transparant-per-meter\\\/#breadcrumb\"},\"inLanguage\":\"de\",\"potentialAction\":[{\"@type\":\"ReadAction\",\"target\":[\"https:\\\/\\\/tentenwerk.nl\\\/product\\\/huur-bolletjesverlichting-transparant-per-meter\\\/\"]}]},{\"@type\":\"ImageObject\",\"inLanguage\":\"de\",\"@id\":\"https:\\\/\\\/tentenwerk.nl\\\/product\\\/huur-bolletjesverlichting-transparant-per-meter\\\/#primaryimage\",\"url\":\"https:\\\/\\\/tentenwerk.nl\\\/wp-content\\\/uploads\\\/2026\\\/01\\\/bolletjesverlichting-tentenwerk.jpeg\",\"contentUrl\":\"https:\\\/\\\/tentenwerk.nl\\\/wp-content\\\/uploads\\\/2026\\\/01\\\/bolletjesverlichting-tentenwerk.jpeg\",\"width\":1557,\"height\":1490,\"caption\":\"import placeholder for 479\"},{\"@type\":\"BreadcrumbList\",\"@id\":\"https:\\\/\\\/tentenwerk.nl\\\/product\\\/huur-bolletjesverlichting-transparant-per-meter\\\/#breadcrumb\",\"itemListElement\":[{\"@type\":\"ListItem\",\"position\":1,\"name\":\"Home\",\"item\":\"https:\\\/\\\/tentenwerk.nl\\\/\"},{\"@type\":\"ListItem\",\"position\":2,\"name\":\"offerteaanvraag\",\"item\":\"https:\\\/\\\/tentenwerk.nl\\\/offerteaanvraag-2\\\/\"},{\"@type\":\"ListItem\",\"position\":3,\"name\":\"Huur bolletjesverlichting transparant (per meter)\"}]},{\"@type\":\"WebSite\",\"@id\":\"https:\\\/\\\/tentenwerk.nl\\\/#website\",\"url\":\"https:\\\/\\\/tentenwerk.nl\\\/\",\"name\":\"Tentenwerk\",\"description\":\"verhuur van stijlvolle tenten en toebehoren\",\"publisher\":{\"@id\":\"https:\\\/\\\/tentenwerk.nl\\\/#organization\"},\"potentialAction\":[{\"@type\":\"SearchAction\",\"target\":{\"@type\":\"EntryPoint\",\"urlTemplate\":\"https:\\\/\\\/tentenwerk.nl\\\/?s={search_term_string}\"},\"query-input\":{\"@type\":\"PropertyValueSpecification\",\"valueRequired\":true,\"valueName\":\"search_term_string\"}}],\"inLanguage\":\"de\"},{\"@type\":\"Organization\",\"@id\":\"https:\\\/\\\/tentenwerk.nl\\\/#organization\",\"name\":\"Tentenwerk\",\"url\":\"https:\\\/\\\/tentenwerk.nl\\\/\",\"logo\":{\"@type\":\"ImageObject\",\"inLanguage\":\"de\",\"@id\":\"https:\\\/\\\/tentenwerk.nl\\\/#\\\/schema\\\/logo\\\/image\\\/\",\"url\":\"https:\\\/\\\/tentenwerk.nl\\\/wp-content\\\/uploads\\\/2025\\\/09\\\/cropped-Tentenwerk-logo.png\",\"contentUrl\":\"https:\\\/\\\/tentenwerk.nl\\\/wp-content\\\/uploads\\\/2025\\\/09\\\/cropped-Tentenwerk-logo.png\",\"width\":369,\"height\":299,\"caption\":\"Tentenwerk\"},\"image\":{\"@id\":\"https:\\\/\\\/tentenwerk.nl\\\/#\\\/schema\\\/logo\\\/image\\\/\"},\"sameAs\":[\"https:\\\/\\\/www.facebook.com\\\/tentenwerk\",\"https:\\\/\\\/www.instagram.com\\\/tentenwerk\",\"https:\\\/\\\/www.linkedin.com\\\/company\\\/tentenwerk\"]}]}<\/script>\n<!-- \/ Yoast SEO plugin. -->","yoast_head_json":{"title":"Huur bolletjesverlichting transparant (per meter) - Tentenwerk","robots":{"index":"index","follow":"follow","max-snippet":"max-snippet:-1","max-image-preview":"max-image-preview:large","max-video-preview":"max-video-preview:-1"},"canonical":"https:\/\/tentenwerk.nl\/de\/produkt\/huur-bolletjesverlichting-transparant-per-meter\/","og_locale":"de_DE","og_type":"article","og_title":"Huur bolletjesverlichting transparant (per meter) - Tentenwerk","og_description":"Prijs is per meter. Het is heel mooi om de omtrek van bijvoorbeeld stretchtenten te verlichten. Ook kan deze verlichting [&hellip;]","og_url":"https:\/\/tentenwerk.nl\/de\/produkt\/huur-bolletjesverlichting-transparant-per-meter\/","og_site_name":"Tentenwerk","article_publisher":"https:\/\/www.facebook.com\/tentenwerk","article_modified_time":"2026-01-13T16:41:31+00:00","og_image":[{"width":1557,"height":1490,"url":"https:\/\/tentenwerk.nl\/wp-content\/uploads\/2026\/01\/bolletjesverlichting-tentenwerk.jpeg","type":"image\/jpeg"}],"twitter_card":"summary_large_image","schema":{"@context":"https:\/\/schema.org","@graph":[{"@type":"WebPage","@id":"https:\/\/tentenwerk.nl\/product\/huur-bolletjesverlichting-transparant-per-meter\/","url":"https:\/\/tentenwerk.nl\/product\/huur-bolletjesverlichting-transparant-per-meter\/","name":"Huur bolletjesverlichting transparant (per meter) - Tentenwerk","isPartOf":{"@id":"https:\/\/tentenwerk.nl\/#website"},"primaryImageOfPage":{"@id":"https:\/\/tentenwerk.nl\/product\/huur-bolletjesverlichting-transparant-per-meter\/#primaryimage"},"image":{"@id":"https:\/\/tentenwerk.nl\/product\/huur-bolletjesverlichting-transparant-per-meter\/#primaryimage"},"thumbnailUrl":"https:\/\/tentenwerk.nl\/wp-content\/uploads\/2026\/01\/bolletjesverlichting-tentenwerk.jpeg","datePublished":"2026-01-12T15:32:06+00:00","dateModified":"2026-01-13T16:41:31+00:00","breadcrumb":{"@id":"https:\/\/tentenwerk.nl\/product\/huur-bolletjesverlichting-transparant-per-meter\/#breadcrumb"},"inLanguage":"de","potentialAction":[{"@type":"ReadAction","target":["https:\/\/tentenwerk.nl\/product\/huur-bolletjesverlichting-transparant-per-meter\/"]}]},{"@type":"ImageObject","inLanguage":"de","@id":"https:\/\/tentenwerk.nl\/product\/huur-bolletjesverlichting-transparant-per-meter\/#primaryimage","url":"https:\/\/tentenwerk.nl\/wp-content\/uploads\/2026\/01\/bolletjesverlichting-tentenwerk.jpeg","contentUrl":"https:\/\/tentenwerk.nl\/wp-content\/uploads\/2026\/01\/bolletjesverlichting-tentenwerk.jpeg","width":1557,"height":1490,"caption":"import placeholder for 479"},{"@type":"BreadcrumbList","@id":"https:\/\/tentenwerk.nl\/product\/huur-bolletjesverlichting-transparant-per-meter\/#breadcrumb","itemListElement":[{"@type":"ListItem","position":1,"name":"Home","item":"https:\/\/tentenwerk.nl\/"},{"@type":"ListItem","position":2,"name":"offerteaanvraag","item":"https:\/\/tentenwerk.nl\/offerteaanvraag-2\/"},{"@type":"ListItem","position":3,"name":"Huur bolletjesverlichting transparant (per meter)"}]},{"@type":"WebSite","@id":"https:\/\/tentenwerk.nl\/#website","url":"https:\/\/tentenwerk.nl\/","name":"Tentenwerk","description":"verhuur van stijlvolle tenten en toebehoren","publisher":{"@id":"https:\/\/tentenwerk.nl\/#organization"},"potentialAction":[{"@type":"SearchAction","target":{"@type":"EntryPoint","urlTemplate":"https:\/\/tentenwerk.nl\/?s={search_term_string}"},"query-input":{"@type":"PropertyValueSpecification","valueRequired":true,"valueName":"search_term_string"}}],"inLanguage":"de"},{"@type":"Organization","@id":"https:\/\/tentenwerk.nl\/#organization","name":"Tentenwerk","url":"https:\/\/tentenwerk.nl\/","logo":{"@type":"ImageObject","inLanguage":"de","@id":"https:\/\/tentenwerk.nl\/#\/schema\/logo\/image\/","url":"https:\/\/tentenwerk.nl\/wp-content\/uploads\/2025\/09\/cropped-Tentenwerk-logo.png","contentUrl":"https:\/\/tentenwerk.nl\/wp-content\/uploads\/2025\/09\/cropped-Tentenwerk-logo.png","width":369,"height":299,"caption":"Tentenwerk"},"image":{"@id":"https:\/\/tentenwerk.nl\/#\/schema\/logo\/image\/"},"sameAs":["https:\/\/www.facebook.com\/tentenwerk","https:\/\/www.instagram.com\/tentenwerk","https:\/\/www.linkedin.com\/company\/tentenwerk"]}]}},"uagb_featured_image_src":{"full":["https:\/\/tentenwerk.nl\/wp-content\/uploads\/2026\/01\/bolletjesverlichting-tentenwerk.jpeg",1557,1490,false],"thumbnail":["https:\/\/tentenwerk.nl\/wp-content\/uploads\/2026\/01\/bolletjesverlichting-tentenwerk-150x150.jpeg",150,150,true],"medium":["https:\/\/tentenwerk.nl\/wp-content\/uploads\/2026\/01\/bolletjesverlichting-tentenwerk-300x287.jpeg",300,287,true],"medium_large":["https:\/\/tentenwerk.nl\/wp-content\/uploads\/2026\/01\/bolletjesverlichting-tentenwerk-768x735.jpeg",768,735,true],"large":["https:\/\/tentenwerk.nl\/wp-content\/uploads\/2026\/01\/bolletjesverlichting-tentenwerk-1024x980.jpeg",1024,980,true],"1536x1536":["https:\/\/tentenwerk.nl\/wp-content\/uploads\/2026\/01\/bolletjesverlichting-tentenwerk-1536x1470.jpeg",1536,1470,true],"2048x2048":["https:\/\/tentenwerk.nl\/wp-content\/uploads\/2026\/01\/bolletjesverlichting-tentenwerk.jpeg",1557,1490,false],"trp-custom-language-flag":["https:\/\/tentenwerk.nl\/wp-content\/uploads\/2026\/01\/bolletjesverlichting-tentenwerk.jpeg",13,12,false],"mailpoet_newsletter_max":["https:\/\/tentenwerk.nl\/wp-content\/uploads\/2026\/01\/bolletjesverlichting-tentenwerk.jpeg",1320,1263,false],"woocommerce_thumbnail":["https:\/\/tentenwerk.nl\/wp-content\/uploads\/2026\/01\/bolletjesverlichting-tentenwerk-300x300.jpeg",300,300,true],"woocommerce_single":["https:\/\/tentenwerk.nl\/wp-content\/uploads\/2026\/01\/bolletjesverlichting-tentenwerk-600x574.jpeg",600,574,true],"woocommerce_gallery_thumbnail":["https:\/\/tentenwerk.nl\/wp-content\/uploads\/2026\/01\/bolletjesverlichting-tentenwerk-100x100.jpeg",100,100,true]},"uagb_author_info":{"display_name":"admin","author_link":"https:\/\/tentenwerk.nl\/de\/author\/"},"uagb_comment_info":0,"uagb_excerpt":"Prijs is per meter. Het is heel mooi om de omtrek van bijvoorbeeld stretchtenten te verlichten. Ook kan deze verlichting [&hellip;]","_links":{"self":[{"href":"https:\/\/tentenwerk.nl\/de\/wp-json\/wp\/v2\/product\/1152","targetHints":{"allow":["GET"]}}],"collection":[{"href":"https:\/\/tentenwerk.nl\/de\/wp-json\/wp\/v2\/product"}],"about":[{"href":"https:\/\/tentenwerk.nl\/de\/wp-json\/wp\/v2\/types\/product"}],"wp:featuredmedia":[{"embeddable":true,"href":"https:\/\/tentenwerk.nl\/de\/wp-json\/wp\/v2\/media\/1319"}],"wp:attachment":[{"href":"https:\/\/tentenwerk.nl\/de\/wp-json\/wp\/v2\/media?parent=1152"}],"wp:term":[{"taxonomy":"product_brand","embeddable":true,"href":"https:\/\/tentenwerk.nl\/de\/wp-json\/wp\/v2\/product_brand?post=1152"},{"taxonomy":"product_cat","embeddable":true,"href":"https:\/\/tentenwerk.nl\/de\/wp-json\/wp\/v2\/product_cat?post=1152"},{"taxonomy":"product_tag","embeddable":true,"href":"https:\/\/tentenwerk.nl\/de\/wp-json\/wp\/v2\/product_tag?post=1152"}],"curies":[{"name":"wp","href":"https:\/\/api.w.org\/{rel}","templated":true}]}}