{"id":1143,"date":"2026-01-12T15:32:03","date_gmt":"2026-01-12T15:32:03","guid":{"rendered":"http:\/\/tentenwerk.nl\/?post_type=product&#038;p=1143"},"modified":"2026-01-13T16:42:26","modified_gmt":"2026-01-13T16:42:26","slug":"huur-houten-vlondervloer-1m2","status":"publish","type":"product","link":"https:\/\/tentenwerk.nl\/de\/produkt\/huur-houten-vlondervloer-1m2\/","title":{"rendered":"Holz-Podestboden (1 m\u00b2) mieten"},"content":{"rendered":"<p>Dieser Boden passt perfekt unter unsere Zelte. F\u00fcr jedes Zelt haben wir einen Boden in passender Gr\u00f6\u00dfe. Du kannst nat\u00fcrlich auch zus\u00e4tzlichen Boden bestellen, zum Beispiel wenn du eine Terrasse vor oder neben dem Zelt anlegen m\u00f6chtest.<\/p>\n<p>Die Douglas-Holzbodendielen sind 5 Meter lang und 40 Zentimeter breit und lassen sich sauber ineinanderschieben, sodass eine durchgehende Fl\u00e4che entsteht. F\u00fcr das Verlegen ist ein ebener (oder zumindest nicht allzu unebener \u2026) Untergrund ohne Hindernisse erforderlich: Die Dielen liegen direkt auf dem Boden, kleinere Unebenheiten k\u00f6nnen ausgeglichen werden.<\/p>\n<p>Bist du dir unsicher, ob der Untergrund ausreichend eben f\u00fcr einen Terrassenboden ist? Bei uns kannst du auch ein <a href=\"https:\/\/tentenwerk.nl\/de\/produkt\/huur-houten-vlondervloer-1m2-waterpas-gelegd\/\">waagerecht verlegte Terrassenbodenfl\u00e4che<\/a> mieten.<\/p>","protected":false},"excerpt":{"rendered":"<p>Deze vloer past perfect onder onze tenten. We hebben voor iedere tent een vloer die qua maatvoering passend is. Je [&hellip;]<\/p>\n","protected":false},"featured_media":1244,"template":"","meta":{"_uag_custom_page_level_css":"","site-sidebar-layout":"default","site-content-layout":"","ast-site-content-layout":"default","site-content-style":"default","site-sidebar-style":"default","ast-global-header-display":"","ast-banner-title-visibility":"","ast-main-header-display":"","ast-hfb-above-header-display":"","ast-hfb-below-header-display":"","ast-hfb-mobile-header-display":"","site-post-title":"","ast-breadcrumbs-content":"","ast-featured-img":"","footer-sml-layout":"","ast-disable-related-posts":"","theme-transparent-header-meta":"","adv-header-id-meta":"","stick-header-meta":"","header-above-stick-meta":"","header-main-stick-meta":"","header-below-stick-meta":"","astra-migrate-meta-layouts":"default","ast-page-background-enabled":"default","ast-page-background-meta":{"desktop":{"background-color":"var(--ast-global-color-4)","background-image":"","background-repeat":"repeat","background-position":"center center","background-size":"auto","background-attachment":"scroll","background-type":"","background-media":"","overlay-type":"","overlay-color":"","overlay-opacity":"","overlay-gradient":""},"tablet":{"background-color":"","background-image":"","background-repeat":"repeat","background-position":"center center","background-size":"auto","background-attachment":"scroll","background-type":"","background-media":"","overlay-type":"","overlay-color":"","overlay-opacity":"","overlay-gradient":""},"mobile":{"background-color":"","background-image":"","background-repeat":"repeat","background-position":"center center","background-size":"auto","background-attachment":"scroll","background-type":"","background-media":"","overlay-type":"","overlay-color":"","overlay-opacity":"","overlay-gradient":""}},"ast-content-background-meta":{"desktop":{"background-color":"var(--ast-global-color-5)","background-image":"","background-repeat":"repeat","background-position":"center center","background-size":"auto","background-attachment":"scroll","background-type":"","background-media":"","overlay-type":"","overlay-color":"","overlay-opacity":"","overlay-gradient":""},"tablet":{"background-color":"var(--ast-global-color-5)","background-image":"","background-repeat":"repeat","background-position":"center center","background-size":"auto","background-attachment":"scroll","background-type":"","background-media":"","overlay-type":"","overlay-color":"","overlay-opacity":"","overlay-gradient":""},"mobile":{"background-color":"var(--ast-global-color-5)","background-image":"","background-repeat":"repeat","background-position":"center center","background-size":"auto","background-attachment":"scroll","background-type":"","background-media":"","overlay-type":"","overlay-color":"","overlay-opacity":"","overlay-gradient":""}}},"product_brand":[],"product_cat":[37,58,57,56,54],"product_tag":[],"class_list":{"0":"post-1143","1":"product","2":"type-product","3":"status-publish","4":"has-post-thumbnail","6":"product_cat-vloeren","7":"product_cat-vloeren-pagodes","8":"product_cat-vloeren-saillcoth-ivory","9":"product_cat-vloeren-stretchtenten","10":"product_cat-vlondervloeren","11":"desktop-align-left","12":"tablet-align-left","13":"mobile-align-left","15":"first","16":"instock","17":"taxable","18":"shipping-taxable","19":"purchasable","20":"product-type-simple"},"yoast_head":"<!-- This site is optimized with the Yoast SEO plugin v27.4 - https:\/\/yoast.com\/product\/yoast-seo-wordpress\/ -->\n<title>Huur houten vlondervloer (per 1m2) - Tentenwerk<\/title>\n<meta name=\"robots\" content=\"index, follow, max-snippet:-1, max-image-preview:large, max-video-preview:-1\" \/>\n<link rel=\"canonical\" href=\"https:\/\/tentenwerk.nl\/de\/produkt\/huur-houten-vlondervloer-1m2\/\" \/>\n<meta property=\"og:locale\" content=\"de_DE\" \/>\n<meta property=\"og:type\" content=\"article\" \/>\n<meta property=\"og:title\" content=\"Huur houten vlondervloer (per 1m2) - Tentenwerk\" \/>\n<meta property=\"og:description\" content=\"Deze vloer past perfect onder onze tenten. We hebben voor iedere tent een vloer die qua maatvoering passend is. Je [&hellip;]\" \/>\n<meta property=\"og:url\" content=\"https:\/\/tentenwerk.nl\/de\/produkt\/huur-houten-vlondervloer-1m2\/\" \/>\n<meta property=\"og:site_name\" content=\"Tentenwerk\" \/>\n<meta property=\"article:publisher\" content=\"https:\/\/www.facebook.com\/tentenwerk\" \/>\n<meta property=\"article:modified_time\" content=\"2026-01-13T16:42:26+00:00\" \/>\n<meta property=\"og:image\" content=\"https:\/\/tentenwerk.nl\/wp-content\/uploads\/2026\/01\/LustngVFToJFE1LiA6eeQ-scaled.jpg\" \/>\n\t<meta property=\"og:image:width\" content=\"2560\" \/>\n\t<meta property=\"og:image:height\" content=\"1920\" \/>\n\t<meta property=\"og:image:type\" content=\"image\/jpeg\" \/>\n<meta name=\"twitter:card\" content=\"summary_large_image\" \/>\n<meta name=\"twitter:label1\" content=\"Gesch\u00e4tzte Lesezeit\" \/>\n\t<meta name=\"twitter:data1\" content=\"1\u00a0Minute\" \/>\n<script type=\"application\/ld+json\" class=\"yoast-schema-graph\">{\"@context\":\"https:\\\/\\\/schema.org\",\"@graph\":[{\"@type\":\"WebPage\",\"@id\":\"https:\\\/\\\/tentenwerk.nl\\\/de\\\/produkt\\\/huur-houten-vlondervloer-1m2\\\/\",\"url\":\"https:\\\/\\\/tentenwerk.nl\\\/de\\\/produkt\\\/huur-houten-vlondervloer-1m2\\\/\",\"name\":\"Huur houten vlondervloer (per 1m2) - Tentenwerk\",\"isPartOf\":{\"@id\":\"https:\\\/\\\/tentenwerk.nl\\\/#website\"},\"primaryImageOfPage\":{\"@id\":\"https:\\\/\\\/tentenwerk.nl\\\/de\\\/produkt\\\/huur-houten-vlondervloer-1m2\\\/#primaryimage\"},\"image\":{\"@id\":\"https:\\\/\\\/tentenwerk.nl\\\/de\\\/produkt\\\/huur-houten-vlondervloer-1m2\\\/#primaryimage\"},\"thumbnailUrl\":\"https:\\\/\\\/tentenwerk.nl\\\/wp-content\\\/uploads\\\/2026\\\/01\\\/LustngVFToJFE1LiA6eeQ-scaled.jpg\",\"datePublished\":\"2026-01-12T15:32:03+00:00\",\"dateModified\":\"2026-01-13T16:42:26+00:00\",\"breadcrumb\":{\"@id\":\"https:\\\/\\\/tentenwerk.nl\\\/de\\\/produkt\\\/huur-houten-vlondervloer-1m2\\\/#breadcrumb\"},\"inLanguage\":\"de\",\"potentialAction\":[{\"@type\":\"ReadAction\",\"target\":[\"https:\\\/\\\/tentenwerk.nl\\\/de\\\/produkt\\\/huur-houten-vlondervloer-1m2\\\/\"]}]},{\"@type\":\"ImageObject\",\"inLanguage\":\"de\",\"@id\":\"https:\\\/\\\/tentenwerk.nl\\\/de\\\/produkt\\\/huur-houten-vlondervloer-1m2\\\/#primaryimage\",\"url\":\"https:\\\/\\\/tentenwerk.nl\\\/wp-content\\\/uploads\\\/2026\\\/01\\\/LustngVFToJFE1LiA6eeQ-scaled.jpg\",\"contentUrl\":\"https:\\\/\\\/tentenwerk.nl\\\/wp-content\\\/uploads\\\/2026\\\/01\\\/LustngVFToJFE1LiA6eeQ-scaled.jpg\",\"width\":2560,\"height\":1920,\"caption\":\"import placeholder for 451\"},{\"@type\":\"BreadcrumbList\",\"@id\":\"https:\\\/\\\/tentenwerk.nl\\\/de\\\/produkt\\\/huur-houten-vlondervloer-1m2\\\/#breadcrumb\",\"itemListElement\":[{\"@type\":\"ListItem\",\"position\":1,\"name\":\"Home\",\"item\":\"https:\\\/\\\/tentenwerk.nl\\\/\"},{\"@type\":\"ListItem\",\"position\":2,\"name\":\"offerteaanvraag\",\"item\":\"https:\\\/\\\/tentenwerk.nl\\\/offerteaanvraag-2\\\/\"},{\"@type\":\"ListItem\",\"position\":3,\"name\":\"Huur houten vlondervloer (per 1m2)\"}]},{\"@type\":\"WebSite\",\"@id\":\"https:\\\/\\\/tentenwerk.nl\\\/#website\",\"url\":\"https:\\\/\\\/tentenwerk.nl\\\/\",\"name\":\"Tentenwerk\",\"description\":\"verhuur van stijlvolle tenten en toebehoren\",\"publisher\":{\"@id\":\"https:\\\/\\\/tentenwerk.nl\\\/#organization\"},\"potentialAction\":[{\"@type\":\"SearchAction\",\"target\":{\"@type\":\"EntryPoint\",\"urlTemplate\":\"https:\\\/\\\/tentenwerk.nl\\\/?s={search_term_string}\"},\"query-input\":{\"@type\":\"PropertyValueSpecification\",\"valueRequired\":true,\"valueName\":\"search_term_string\"}}],\"inLanguage\":\"de\"},{\"@type\":\"Organization\",\"@id\":\"https:\\\/\\\/tentenwerk.nl\\\/#organization\",\"name\":\"Tentenwerk\",\"url\":\"https:\\\/\\\/tentenwerk.nl\\\/\",\"logo\":{\"@type\":\"ImageObject\",\"inLanguage\":\"de\",\"@id\":\"https:\\\/\\\/tentenwerk.nl\\\/#\\\/schema\\\/logo\\\/image\\\/\",\"url\":\"https:\\\/\\\/tentenwerk.nl\\\/wp-content\\\/uploads\\\/2025\\\/09\\\/cropped-Tentenwerk-logo.png\",\"contentUrl\":\"https:\\\/\\\/tentenwerk.nl\\\/wp-content\\\/uploads\\\/2025\\\/09\\\/cropped-Tentenwerk-logo.png\",\"width\":369,\"height\":299,\"caption\":\"Tentenwerk\"},\"image\":{\"@id\":\"https:\\\/\\\/tentenwerk.nl\\\/#\\\/schema\\\/logo\\\/image\\\/\"},\"sameAs\":[\"https:\\\/\\\/www.facebook.com\\\/tentenwerk\",\"https:\\\/\\\/www.instagram.com\\\/tentenwerk\",\"https:\\\/\\\/www.linkedin.com\\\/company\\\/tentenwerk\"]}]}<\/script>\n<!-- \/ Yoast SEO plugin. -->","yoast_head_json":{"title":"Huur houten vlondervloer (per 1m2) - Tentenwerk","robots":{"index":"index","follow":"follow","max-snippet":"max-snippet:-1","max-image-preview":"max-image-preview:large","max-video-preview":"max-video-preview:-1"},"canonical":"https:\/\/tentenwerk.nl\/de\/produkt\/huur-houten-vlondervloer-1m2\/","og_locale":"de_DE","og_type":"article","og_title":"Huur houten vlondervloer (per 1m2) - Tentenwerk","og_description":"Deze vloer past perfect onder onze tenten. We hebben voor iedere tent een vloer die qua maatvoering passend is. Je [&hellip;]","og_url":"https:\/\/tentenwerk.nl\/de\/produkt\/huur-houten-vlondervloer-1m2\/","og_site_name":"Tentenwerk","article_publisher":"https:\/\/www.facebook.com\/tentenwerk","article_modified_time":"2026-01-13T16:42:26+00:00","og_image":[{"width":2560,"height":1920,"url":"https:\/\/tentenwerk.nl\/wp-content\/uploads\/2026\/01\/LustngVFToJFE1LiA6eeQ-scaled.jpg","type":"image\/jpeg"}],"twitter_card":"summary_large_image","twitter_misc":{"Gesch\u00e4tzte Lesezeit":"1\u00a0Minute"},"schema":{"@context":"https:\/\/schema.org","@graph":[{"@type":"WebPage","@id":"https:\/\/tentenwerk.nl\/de\/produkt\/huur-houten-vlondervloer-1m2\/","url":"https:\/\/tentenwerk.nl\/de\/produkt\/huur-houten-vlondervloer-1m2\/","name":"Huur houten vlondervloer (per 1m2) - Tentenwerk","isPartOf":{"@id":"https:\/\/tentenwerk.nl\/#website"},"primaryImageOfPage":{"@id":"https:\/\/tentenwerk.nl\/de\/produkt\/huur-houten-vlondervloer-1m2\/#primaryimage"},"image":{"@id":"https:\/\/tentenwerk.nl\/de\/produkt\/huur-houten-vlondervloer-1m2\/#primaryimage"},"thumbnailUrl":"https:\/\/tentenwerk.nl\/wp-content\/uploads\/2026\/01\/LustngVFToJFE1LiA6eeQ-scaled.jpg","datePublished":"2026-01-12T15:32:03+00:00","dateModified":"2026-01-13T16:42:26+00:00","breadcrumb":{"@id":"https:\/\/tentenwerk.nl\/de\/produkt\/huur-houten-vlondervloer-1m2\/#breadcrumb"},"inLanguage":"de","potentialAction":[{"@type":"ReadAction","target":["https:\/\/tentenwerk.nl\/de\/produkt\/huur-houten-vlondervloer-1m2\/"]}]},{"@type":"ImageObject","inLanguage":"de","@id":"https:\/\/tentenwerk.nl\/de\/produkt\/huur-houten-vlondervloer-1m2\/#primaryimage","url":"https:\/\/tentenwerk.nl\/wp-content\/uploads\/2026\/01\/LustngVFToJFE1LiA6eeQ-scaled.jpg","contentUrl":"https:\/\/tentenwerk.nl\/wp-content\/uploads\/2026\/01\/LustngVFToJFE1LiA6eeQ-scaled.jpg","width":2560,"height":1920,"caption":"import placeholder for 451"},{"@type":"BreadcrumbList","@id":"https:\/\/tentenwerk.nl\/de\/produkt\/huur-houten-vlondervloer-1m2\/#breadcrumb","itemListElement":[{"@type":"ListItem","position":1,"name":"Home","item":"https:\/\/tentenwerk.nl\/"},{"@type":"ListItem","position":2,"name":"offerteaanvraag","item":"https:\/\/tentenwerk.nl\/offerteaanvraag-2\/"},{"@type":"ListItem","position":3,"name":"Huur houten vlondervloer (per 1m2)"}]},{"@type":"WebSite","@id":"https:\/\/tentenwerk.nl\/#website","url":"https:\/\/tentenwerk.nl\/","name":"Tentenwerk","description":"verhuur van stijlvolle tenten en toebehoren","publisher":{"@id":"https:\/\/tentenwerk.nl\/#organization"},"potentialAction":[{"@type":"SearchAction","target":{"@type":"EntryPoint","urlTemplate":"https:\/\/tentenwerk.nl\/?s={search_term_string}"},"query-input":{"@type":"PropertyValueSpecification","valueRequired":true,"valueName":"search_term_string"}}],"inLanguage":"de"},{"@type":"Organization","@id":"https:\/\/tentenwerk.nl\/#organization","name":"Tentenwerk","url":"https:\/\/tentenwerk.nl\/","logo":{"@type":"ImageObject","inLanguage":"de","@id":"https:\/\/tentenwerk.nl\/#\/schema\/logo\/image\/","url":"https:\/\/tentenwerk.nl\/wp-content\/uploads\/2025\/09\/cropped-Tentenwerk-logo.png","contentUrl":"https:\/\/tentenwerk.nl\/wp-content\/uploads\/2025\/09\/cropped-Tentenwerk-logo.png","width":369,"height":299,"caption":"Tentenwerk"},"image":{"@id":"https:\/\/tentenwerk.nl\/#\/schema\/logo\/image\/"},"sameAs":["https:\/\/www.facebook.com\/tentenwerk","https:\/\/www.instagram.com\/tentenwerk","https:\/\/www.linkedin.com\/company\/tentenwerk"]}]}},"uagb_featured_image_src":{"full":["https:\/\/tentenwerk.nl\/wp-content\/uploads\/2026\/01\/LustngVFToJFE1LiA6eeQ-scaled.jpg",2560,1920,false],"thumbnail":["https:\/\/tentenwerk.nl\/wp-content\/uploads\/2026\/01\/LustngVFToJFE1LiA6eeQ-150x150.jpg",150,150,true],"medium":["https:\/\/tentenwerk.nl\/wp-content\/uploads\/2026\/01\/LustngVFToJFE1LiA6eeQ-300x225.jpg",300,225,true],"medium_large":["https:\/\/tentenwerk.nl\/wp-content\/uploads\/2026\/01\/LustngVFToJFE1LiA6eeQ-768x576.jpg",768,576,true],"large":["https:\/\/tentenwerk.nl\/wp-content\/uploads\/2026\/01\/LustngVFToJFE1LiA6eeQ-1024x768.jpg",1024,768,true],"1536x1536":["https:\/\/tentenwerk.nl\/wp-content\/uploads\/2026\/01\/LustngVFToJFE1LiA6eeQ-1536x1152.jpg",1536,1152,true],"2048x2048":["https:\/\/tentenwerk.nl\/wp-content\/uploads\/2026\/01\/LustngVFToJFE1LiA6eeQ-2048x1536.jpg",2048,1536,true],"trp-custom-language-flag":["https:\/\/tentenwerk.nl\/wp-content\/uploads\/2026\/01\/LustngVFToJFE1LiA6eeQ-scaled.jpg",16,12,false],"mailpoet_newsletter_max":["https:\/\/tentenwerk.nl\/wp-content\/uploads\/2026\/01\/LustngVFToJFE1LiA6eeQ-scaled.jpg",1320,990,false],"woocommerce_thumbnail":["https:\/\/tentenwerk.nl\/wp-content\/uploads\/2026\/01\/LustngVFToJFE1LiA6eeQ-300x300.jpg",300,300,true],"woocommerce_single":["https:\/\/tentenwerk.nl\/wp-content\/uploads\/2026\/01\/LustngVFToJFE1LiA6eeQ-600x450.jpg",600,450,true],"woocommerce_gallery_thumbnail":["https:\/\/tentenwerk.nl\/wp-content\/uploads\/2026\/01\/LustngVFToJFE1LiA6eeQ-100x100.jpg",100,100,true]},"uagb_author_info":{"display_name":"admin","author_link":"https:\/\/tentenwerk.nl\/de\/author\/"},"uagb_comment_info":0,"uagb_excerpt":"Deze vloer past perfect onder onze tenten. We hebben voor iedere tent een vloer die qua maatvoering passend is. Je [&hellip;]","_links":{"self":[{"href":"https:\/\/tentenwerk.nl\/de\/wp-json\/wp\/v2\/product\/1143","targetHints":{"allow":["GET"]}}],"collection":[{"href":"https:\/\/tentenwerk.nl\/de\/wp-json\/wp\/v2\/product"}],"about":[{"href":"https:\/\/tentenwerk.nl\/de\/wp-json\/wp\/v2\/types\/product"}],"wp:featuredmedia":[{"embeddable":true,"href":"https:\/\/tentenwerk.nl\/de\/wp-json\/wp\/v2\/media\/1244"}],"wp:attachment":[{"href":"https:\/\/tentenwerk.nl\/de\/wp-json\/wp\/v2\/media?parent=1143"}],"wp:term":[{"taxonomy":"product_brand","embeddable":true,"href":"https:\/\/tentenwerk.nl\/de\/wp-json\/wp\/v2\/product_brand?post=1143"},{"taxonomy":"product_cat","embeddable":true,"href":"https:\/\/tentenwerk.nl\/de\/wp-json\/wp\/v2\/product_cat?post=1143"},{"taxonomy":"product_tag","embeddable":true,"href":"https:\/\/tentenwerk.nl\/de\/wp-json\/wp\/v2\/product_tag?post=1143"}],"curies":[{"name":"wp","href":"https:\/\/api.w.org\/{rel}","templated":true}]}}