{"id":1079,"date":"2026-01-08T15:15:01","date_gmt":"2026-01-08T15:15:01","guid":{"rendered":"http:\/\/tentenwerk.nl\/?page_id=1079"},"modified":"2026-02-05T13:38:20","modified_gmt":"2026-02-05T13:38:20","slug":"tentverkoop","status":"publish","type":"page","link":"https:\/\/tentenwerk.nl\/de\/onze-tenten\/tentverkoop\/","title":{"rendered":"Zeltverkauf"},"content":{"rendered":"<div class=\"wp-block-uagb-container uagb-block-66urxl6y alignfull uagb-is-root-container\"><div class=\"uagb-container-inner-blocks-wrap\">\n<div class=\"wp-block-uagb-container uagb-block-yjyt4gj1\">\n<div class=\"wp-block-uagb-info-box uagb-block-fm3vethd uagb-infobox__content-wrap  uagb-infobox-icon-above-title uagb-infobox-image-valign-top\"><div class=\"uagb-ifb-content\"><div class=\"uagb-ifb-title-wrap\"><p class=\"uagb-ifb-title-prefix\">neu oder gebraucht<\/p><h1 class=\"uagb-ifb-title\">Zelt f\u00fcr deinen Standort kaufen?<\/h1><\/div><p class=\"uagb-ifb-desc\">M\u00f6chtest du <strong>ein Zelt kaufen<\/strong> statt es zu mieten? Das kann eine kluge Wahl sein, wenn du f\u00fcr l\u00e4ngere Zeit eine \u00dcberdachung ben\u00f6tigst. Denk zum Beispiel an ein. <strong>semipermanentes Zelt<\/strong> f\u00fcr deine Gastronomieterrasse, deinen Sportverein, eine Eventlocation oder dein Privatgel\u00e4nde.<br><br>Bei <strong>Tentenwerk<\/strong> denken wir gerne mit dir mit und stellen mit Freude ein <strong>passendes Angebot<\/strong> f\u00fcr dich zusammen. Bei uns kannst du sowohl <strong>neue Zelte<\/strong> als <strong>auch gebrauchte Zelte<\/strong> aus unserer eigenen Vermietflotte erhalten.<br><br><\/p><\/div><\/div>\n<\/div>\n\n\n\n<div class=\"wp-block-uagb-image alignleft uagb-block-fbpwxkpn wp-block-uagb-image--layout-default wp-block-uagb-image--effect-static wp-block-uagb-image--align-left\"><figure class=\"wp-block-uagb-image__figure\"><img decoding=\"async\" srcset=\"https:\/\/tentenwerk.nl\/wp-content\/uploads\/2026\/01\/Tentenwerk-stretchtent-verkoop-zijwanden-en-nieuwe-vloer.jpeg ,https:\/\/tentenwerk.nl\/wp-content\/uploads\/2026\/01\/Tentenwerk-stretchtent-verkoop-zijwanden-en-nieuwe-vloer.jpeg 780w, https:\/\/tentenwerk.nl\/wp-content\/uploads\/2026\/01\/Tentenwerk-stretchtent-verkoop-zijwanden-en-nieuwe-vloer.jpeg 360w\" sizes=\"auto, (max-width: 480px) 150px\" src=\"https:\/\/tentenwerk.nl\/wp-content\/uploads\/2026\/01\/Tentenwerk-stretchtent-verkoop-zijwanden-en-nieuwe-vloer.jpeg\" alt=\"tentenwerk stretchtent verkoop zijwanden en nieuwe vloer\" class=\"uag-image-1081\" width=\"564\" height=\"450\" title=\"tentenwerk stretchtent verkoop zijwanden en nieuwe vloer\" loading=\"lazy\" role=\"img\"\/><\/figure><\/div>\n<\/div><\/div>\n\n\n\n<div style=\"height:19px\" aria-hidden=\"true\" class=\"wp-block-spacer\"><\/div>\n\n\n\n<div class=\"wp-block-uagb-container uagb-block-5dnwvgft alignfull uagb-is-root-container\"><div class=\"uagb-container-inner-blocks-wrap\">\n<div class=\"wp-block-uagb-info-box uagb-block-gmhn3e6r uagb-infobox__content-wrap  uagb-infobox-icon-above-title uagb-infobox-image-valign-top\"><div class=\"uagb-ifb-content\"><div class=\"uagb-ifb-title-wrap\"><h1 class=\"uagb-ifb-title\">ein neues Zelt kaufen<\/h1><\/div><p class=\"uagb-ifb-desc\">Wir liefern verschiedene Zelttypen, vollst\u00e4ndig auf deine Situation und Nutzung abgestimmt. Ob es sich um eine tempor\u00e4re oder langfristige Aufstellung handelt: Wir beraten dich zu Konstruktion, Sicherheit, Verankerung und Zubeh\u00f6r.<\/p><\/div><\/div>\n\n\n\n<p>Ein gebrauchtes Zelt bei Tentenwerk kaufen bedeutet:<\/p>\n\n\n\n<ul class=\"wp-block-list\">\n<li><strong>Stretchzelte<\/strong> (optional mit Seitenw\u00e4nden)<\/li>\n\n\n\n<li><strong>Sailcloth-Zelte<\/strong> (auch Segeltuchzelte genannt)<\/li>\n\n\n\n<li><strong>Pagodenzelte<\/strong> \u2013 ideal als Winter\u00fcberdachung f\u00fcr Terrassen<\/li>\n\n\n\n<li>Andere ma\u00dfgeschneiderte \u00dcberdachungen<\/li>\n<\/ul>\n\n\n\n<div class=\"wp-block-uagb-container uagb-block-5uhhp51i\">\n<div class=\"wp-block-uagb-image alignleft uagb-block-achpryjr wp-block-uagb-image--layout-default wp-block-uagb-image--effect-static wp-block-uagb-image--align-left\"><figure class=\"wp-block-uagb-image__figure\"><img decoding=\"async\" srcset=\"https:\/\/tentenwerk.nl\/wp-content\/uploads\/2026\/01\/Tentenwerk-stretchtent-verkoop-5x65-buitengebied.jpg ,https:\/\/tentenwerk.nl\/wp-content\/uploads\/2026\/01\/Tentenwerk-stretchtent-verkoop-5x65-buitengebied.jpg 780w, https:\/\/tentenwerk.nl\/wp-content\/uploads\/2026\/01\/Tentenwerk-stretchtent-verkoop-5x65-buitengebied.jpg 360w\" sizes=\"auto, (max-width: 480px) 150px\" src=\"https:\/\/tentenwerk.nl\/wp-content\/uploads\/2026\/01\/Tentenwerk-stretchtent-verkoop-5x65-buitengebied.jpg\" alt=\"tentenwerk stretchtent verkoop 5x6,5 buitengebied\" class=\"uag-image-1090\" width=\"282\" height=\"370\" title=\"tentenwerk stretchtent verkoop 5x6,5 buitengebied\" loading=\"lazy\" role=\"img\"\/><\/figure><\/div>\n\n\n\n<div class=\"wp-block-uagb-image alignleft uagb-block-mbxoopji wp-block-uagb-image--layout-default wp-block-uagb-image--effect-static wp-block-uagb-image--align-left\"><figure class=\"wp-block-uagb-image__figure\"><img decoding=\"async\" srcset=\"https:\/\/tentenwerk.nl\/wp-content\/uploads\/2026\/01\/Tentenwerk-stretchtent-10x10-verkoop-landelijk.jpeg ,https:\/\/tentenwerk.nl\/wp-content\/uploads\/2026\/01\/Tentenwerk-stretchtent-10x10-verkoop-landelijk.jpeg 780w, https:\/\/tentenwerk.nl\/wp-content\/uploads\/2026\/01\/Tentenwerk-stretchtent-10x10-verkoop-landelijk.jpeg 360w\" sizes=\"auto, (max-width: 480px) 150px\" src=\"https:\/\/tentenwerk.nl\/wp-content\/uploads\/2026\/01\/Tentenwerk-stretchtent-10x10-verkoop-landelijk.jpeg\" alt=\"tentenwerk stretchtent 10x10 verkoop landelijk\" class=\"uag-image-1091\" width=\"282\" height=\"420\" title=\"tentenwerk stretchtent 10x10 verkoop landelijk\" loading=\"lazy\" role=\"img\"\/><\/figure><\/div>\n\n\n\n<div class=\"wp-block-uagb-image alignleft uagb-block-nxdrunf9 wp-block-uagb-image--layout-default wp-block-uagb-image--effect-static wp-block-uagb-image--align-left\"><figure class=\"wp-block-uagb-image__figure\"><img decoding=\"async\" srcset=\"https:\/\/tentenwerk.nl\/wp-content\/uploads\/2026\/01\/Tentenwerk-stretchtent-verkoop-8x10-1-1024x1022.jpg ,https:\/\/tentenwerk.nl\/wp-content\/uploads\/2026\/01\/Tentenwerk-stretchtent-verkoop-8x10-1.jpg 780w, https:\/\/tentenwerk.nl\/wp-content\/uploads\/2026\/01\/Tentenwerk-stretchtent-verkoop-8x10-1.jpg 360w\" sizes=\"auto, (max-width: 480px) 150px\" src=\"https:\/\/tentenwerk.nl\/wp-content\/uploads\/2026\/01\/Tentenwerk-stretchtent-verkoop-8x10-1-1024x1022.jpg\" alt=\"tentenwerk stretchtent verkoop 8x10\" class=\"uag-image-1092\" width=\"282\" height=\"370\" title=\"tentenwerk stretchtent verkoop 8x10\" loading=\"lazy\" role=\"img\"\/><\/figure><\/div>\n\n\n\n<div class=\"wp-block-uagb-image alignleft uagb-block-pnupwxuo wp-block-uagb-image--layout-default wp-block-uagb-image--effect-static wp-block-uagb-image--align-left\"><figure class=\"wp-block-uagb-image__figure\"><img decoding=\"async\" srcset=\"https:\/\/tentenwerk.nl\/wp-content\/uploads\/2026\/01\/Tentenwerk-stretchtent-verkoop-zijwanden-en-nieuwe-vloer.jpeg ,https:\/\/tentenwerk.nl\/wp-content\/uploads\/2026\/01\/Tentenwerk-stretchtent-verkoop-zijwanden-en-nieuwe-vloer.jpeg 780w, https:\/\/tentenwerk.nl\/wp-content\/uploads\/2026\/01\/Tentenwerk-stretchtent-verkoop-zijwanden-en-nieuwe-vloer.jpeg 360w\" sizes=\"auto, (max-width: 480px) 150px\" src=\"https:\/\/tentenwerk.nl\/wp-content\/uploads\/2026\/01\/Tentenwerk-stretchtent-verkoop-zijwanden-en-nieuwe-vloer.jpeg\" alt=\"tentenwerk stretchtent verkoop zijwanden en nieuwe vloer\" class=\"uag-image-1081\" width=\"282\" height=\"420\" title=\"tentenwerk stretchtent verkoop zijwanden en nieuwe vloer\" loading=\"lazy\" role=\"img\"\/><\/figure><\/div>\n<\/div>\n\n\n\n<div class=\"wp-block-uagb-buttons uagb-buttons__outer-wrap uagb-btn__default-btn uagb-btn-tablet__default-btn uagb-btn-mobile__default-btn uagb-block-mheveer6\"><div class=\"uagb-buttons__wrap uagb-buttons-layout-wrap\">\n<div class=\"wp-block-uagb-buttons-child uagb-buttons__outer-wrap uagb-block-t2bqjyuw wp-block-button\"><div class=\"uagb-button__wrapper\"><a class=\"uagb-buttons-repeater wp-block-button__link\" aria-label=\"\" href=\"#\" rel=\"follow noopener\" target=\"_self\" role=\"button\"><div class=\"uagb-button__link\">Nimm Kontakt mit uns auf f\u00fcr mehr Informationen<\/div><\/a><\/div><\/div>\n<\/div><\/div>\n<\/div><\/div>\n\n\n\n<div class=\"wp-block-uagb-container uagb-block-6fea0242 alignfull uagb-is-root-container\"><div class=\"uagb-container-inner-blocks-wrap\">\n<div class=\"wp-block-uagb-info-box uagb-block-9ad54157 uagb-infobox__content-wrap  uagb-infobox-icon-above-title uagb-infobox-image-valign-top\"><div class=\"uagb-ifb-content\"><div class=\"uagb-ifb-title-wrap\"><h1 class=\"uagb-ifb-title\">Ein gebrauchtes Zelt kaufen \u2013 direkt aus unserer Vermietflotte<\/h1><\/div><p class=\"uagb-ifb-desc\">Um unsere Vermietqualit\u00e4t hoch zu halten, verkaufen wir regelm\u00e4\u00dfig einen Teil unserer Zelte. Diese <strong>auch gebrauchte Zelte<\/strong> sind technisch noch in gutem Zustand und k\u00f6nnen anderswo oft noch jahrelang eingesetzt werden.<\/p><\/div><\/div>\n\n\n\n<ul class=\"wp-block-list\">\n<li>Zelt aus <strong>professioneller Nutzung<\/strong><\/li>\n\n\n\n<li>Auf Wunsch <strong>mit oder ohne Zubeh\u00f6r geliefert<\/strong><\/li>\n\n\n\n<li><strong>Optional<\/strong> inklusive Boden und Unterplane<\/li>\n\n\n\n<li><strong>Immer mit Auf- und Abbauanleitung<\/strong> durch einen erfahrenen Tentenwerker versehen<\/li>\n\n\n\n<li>Fokus auf <strong>Sicherheit und Lebensdauer<\/strong><\/li>\n<\/ul>\n\n\n\n<div class=\"wp-block-uagb-buttons uagb-buttons__outer-wrap uagb-btn__default-btn uagb-btn-tablet__default-btn uagb-btn-mobile__default-btn uagb-block-b192f5a8\"><div class=\"uagb-buttons__wrap uagb-buttons-layout-wrap\">\n<div class=\"wp-block-uagb-buttons-child uagb-buttons__outer-wrap uagb-block-5236430d wp-block-button\"><div class=\"uagb-button__wrapper\"><a class=\"uagb-buttons-repeater wp-block-button__link\" aria-label=\"\" href=\"#\" rel=\"follow noopener\" target=\"_self\" role=\"button\"><div class=\"uagb-button__link\">Nimm Kontakt mit uns auf f\u00fcr mehr Informationen<\/div><\/a><\/div><\/div>\n<\/div><\/div>\n<\/div><\/div>\n\n\n\n<h2 class=\"wp-block-heading\">Aktuelles Angebot gebrauchter Stretchzelte<\/h2>\n\n\n\n<p>Derzeit sind die folgenden Stretchzelte zum Verkauf verf\u00fcgbar:<\/p>\n\n\n\n<ul class=\"wp-block-list\">\n<li>Stretchzelt 10 \u00d7 10 Meter<\/li>\n\n\n\n<li>Stretchzelt 10 \u00d7 15 Meter (2 mal)<\/li>\n\n\n\n<li>Andere Gr\u00f6\u00dfen auf Anfrage<\/li>\n<\/ul>\n\n\n\n<p>Alle Zelte haben eine cremefarbene Innenseite und eine sandfarbene Au\u00dfenseite und sind auf Wunsch mit oder ohne Zubeh\u00f6r erh\u00e4ltlich (zum Beispiel mit einer Unterplane, aber auch mit allen Stangen, Leinen und Heringen).<\/p>\n\n\n\n<p><\/p>","protected":false},"excerpt":{"rendered":"<p>Een gebruikte tent kopen bij Tentenwerk betekent: Huidig aanbod gebruikte stretchtenten Op dit moment zijn de volgende stretchtenten beschikbaar voor [&hellip;]<\/p>\n","protected":false},"author":1,"featured_media":0,"parent":257,"menu_order":0,"comment_status":"closed","ping_status":"closed","template":"","meta":{"_uag_custom_page_level_css":"","site-sidebar-layout":"default","site-content-layout":"","ast-site-content-layout":"default","site-content-style":"default","site-sidebar-style":"default","ast-global-header-display":"","ast-banner-title-visibility":"","ast-main-header-display":"","ast-hfb-above-header-display":"","ast-hfb-below-header-display":"","ast-hfb-mobile-header-display":"","site-post-title":"disabled","ast-breadcrumbs-content":"","ast-featured-img":"","footer-sml-layout":"","ast-disable-related-posts":"","theme-transparent-header-meta":"","adv-header-id-meta":"","stick-header-meta":"","header-above-stick-meta":"","header-main-stick-meta":"","header-below-stick-meta":"","astra-migrate-meta-layouts":"default","ast-page-background-enabled":"default","ast-page-background-meta":{"desktop":{"background-color":"var(--ast-global-color-4)","background-image":"","background-repeat":"repeat","background-position":"center center","background-size":"auto","background-attachment":"scroll","background-type":"","background-media":"","overlay-type":"","overlay-color":"","overlay-opacity":"","overlay-gradient":""},"tablet":{"background-color":"","background-image":"","background-repeat":"repeat","background-position":"center center","background-size":"auto","background-attachment":"scroll","background-type":"","background-media":"","overlay-type":"","overlay-color":"","overlay-opacity":"","overlay-gradient":""},"mobile":{"background-color":"","background-image":"","background-repeat":"repeat","background-position":"center center","background-size":"auto","background-attachment":"scroll","background-type":"","background-media":"","overlay-type":"","overlay-color":"","overlay-opacity":"","overlay-gradient":""}},"ast-content-background-meta":{"desktop":{"background-color":"var(--ast-global-color-5)","background-image":"","background-repeat":"repeat","background-position":"center center","background-size":"auto","background-attachment":"scroll","background-type":"","background-media":"","overlay-type":"","overlay-color":"","overlay-opacity":"","overlay-gradient":""},"tablet":{"background-color":"var(--ast-global-color-5)","background-image":"","background-repeat":"repeat","background-position":"center center","background-size":"auto","background-attachment":"scroll","background-type":"","background-media":"","overlay-type":"","overlay-color":"","overlay-opacity":"","overlay-gradient":""},"mobile":{"background-color":"var(--ast-global-color-5)","background-image":"","background-repeat":"repeat","background-position":"center center","background-size":"auto","background-attachment":"scroll","background-type":"","background-media":"","overlay-type":"","overlay-color":"","overlay-opacity":"","overlay-gradient":""}},"footnotes":""},"class_list":["post-1079","page","type-page","status-publish","hentry"],"yoast_head":"<!-- This site is optimized with the Yoast SEO plugin v27.4 - https:\/\/yoast.com\/product\/yoast-seo-wordpress\/ -->\n<title>tentverkoop - Tentenwerk<\/title>\n<meta name=\"robots\" content=\"index, follow, max-snippet:-1, max-image-preview:large, max-video-preview:-1\" \/>\n<link rel=\"canonical\" href=\"https:\/\/tentenwerk.nl\/de\/onze-tenten\/tentverkoop\/\" \/>\n<meta property=\"og:locale\" content=\"de_DE\" \/>\n<meta property=\"og:type\" content=\"article\" \/>\n<meta property=\"og:title\" content=\"tentverkoop - Tentenwerk\" \/>\n<meta property=\"og:description\" content=\"Een gebruikte tent kopen bij Tentenwerk betekent: Huidig aanbod gebruikte stretchtenten Op dit moment zijn de volgende stretchtenten beschikbaar voor [&hellip;]\" \/>\n<meta property=\"og:url\" content=\"https:\/\/tentenwerk.nl\/de\/onze-tenten\/tentverkoop\/\" \/>\n<meta property=\"og:site_name\" content=\"Tentenwerk\" \/>\n<meta property=\"article:publisher\" content=\"https:\/\/www.facebook.com\/tentenwerk\" \/>\n<meta property=\"article:modified_time\" content=\"2026-02-05T13:38:20+00:00\" \/>\n<meta property=\"og:image\" content=\"http:\/\/tentenwerk.nl\/wp-content\/uploads\/2026\/01\/Tentenwerk-stretchtent-verkoop-zijwanden-en-nieuwe-vloer.jpeg\" \/>\n<meta name=\"twitter:card\" content=\"summary_large_image\" \/>\n<meta name=\"twitter:label1\" content=\"Gesch\u00e4tzte Lesezeit\" \/>\n\t<meta name=\"twitter:data1\" content=\"3\u00a0Minuten\" \/>\n<script type=\"application\/ld+json\" class=\"yoast-schema-graph\">{\"@context\":\"https:\\\/\\\/schema.org\",\"@graph\":[{\"@type\":\"WebPage\",\"@id\":\"https:\\\/\\\/tentenwerk.nl\\\/onze-tenten\\\/tentverkoop\\\/\",\"url\":\"https:\\\/\\\/tentenwerk.nl\\\/onze-tenten\\\/tentverkoop\\\/\",\"name\":\"tentverkoop - Tentenwerk\",\"isPartOf\":{\"@id\":\"https:\\\/\\\/tentenwerk.nl\\\/#website\"},\"primaryImageOfPage\":{\"@id\":\"https:\\\/\\\/tentenwerk.nl\\\/onze-tenten\\\/tentverkoop\\\/#primaryimage\"},\"image\":{\"@id\":\"https:\\\/\\\/tentenwerk.nl\\\/onze-tenten\\\/tentverkoop\\\/#primaryimage\"},\"thumbnailUrl\":\"http:\\\/\\\/tentenwerk.nl\\\/wp-content\\\/uploads\\\/2026\\\/01\\\/Tentenwerk-stretchtent-verkoop-zijwanden-en-nieuwe-vloer.jpeg\",\"datePublished\":\"2026-01-08T15:15:01+00:00\",\"dateModified\":\"2026-02-05T13:38:20+00:00\",\"breadcrumb\":{\"@id\":\"https:\\\/\\\/tentenwerk.nl\\\/onze-tenten\\\/tentverkoop\\\/#breadcrumb\"},\"inLanguage\":\"de\",\"potentialAction\":[{\"@type\":\"ReadAction\",\"target\":[\"https:\\\/\\\/tentenwerk.nl\\\/onze-tenten\\\/tentverkoop\\\/\"]}]},{\"@type\":\"ImageObject\",\"inLanguage\":\"de\",\"@id\":\"https:\\\/\\\/tentenwerk.nl\\\/onze-tenten\\\/tentverkoop\\\/#primaryimage\",\"url\":\"http:\\\/\\\/tentenwerk.nl\\\/wp-content\\\/uploads\\\/2026\\\/01\\\/Tentenwerk-stretchtent-verkoop-zijwanden-en-nieuwe-vloer.jpeg\",\"contentUrl\":\"http:\\\/\\\/tentenwerk.nl\\\/wp-content\\\/uploads\\\/2026\\\/01\\\/Tentenwerk-stretchtent-verkoop-zijwanden-en-nieuwe-vloer.jpeg\"},{\"@type\":\"BreadcrumbList\",\"@id\":\"https:\\\/\\\/tentenwerk.nl\\\/onze-tenten\\\/tentverkoop\\\/#breadcrumb\",\"itemListElement\":[{\"@type\":\"ListItem\",\"position\":1,\"name\":\"Home\",\"item\":\"https:\\\/\\\/tentenwerk.nl\\\/\"},{\"@type\":\"ListItem\",\"position\":2,\"name\":\"onze tenten\",\"item\":\"https:\\\/\\\/tentenwerk.nl\\\/onze-tenten\\\/\"},{\"@type\":\"ListItem\",\"position\":3,\"name\":\"tentverkoop\"}]},{\"@type\":\"WebSite\",\"@id\":\"https:\\\/\\\/tentenwerk.nl\\\/#website\",\"url\":\"https:\\\/\\\/tentenwerk.nl\\\/\",\"name\":\"Tentenwerk\",\"description\":\"verhuur van stijlvolle tenten en toebehoren\",\"publisher\":{\"@id\":\"https:\\\/\\\/tentenwerk.nl\\\/#organization\"},\"potentialAction\":[{\"@type\":\"SearchAction\",\"target\":{\"@type\":\"EntryPoint\",\"urlTemplate\":\"https:\\\/\\\/tentenwerk.nl\\\/?s={search_term_string}\"},\"query-input\":{\"@type\":\"PropertyValueSpecification\",\"valueRequired\":true,\"valueName\":\"search_term_string\"}}],\"inLanguage\":\"de\"},{\"@type\":\"Organization\",\"@id\":\"https:\\\/\\\/tentenwerk.nl\\\/#organization\",\"name\":\"Tentenwerk\",\"url\":\"https:\\\/\\\/tentenwerk.nl\\\/\",\"logo\":{\"@type\":\"ImageObject\",\"inLanguage\":\"de\",\"@id\":\"https:\\\/\\\/tentenwerk.nl\\\/#\\\/schema\\\/logo\\\/image\\\/\",\"url\":\"https:\\\/\\\/tentenwerk.nl\\\/wp-content\\\/uploads\\\/2025\\\/09\\\/cropped-Tentenwerk-logo.png\",\"contentUrl\":\"https:\\\/\\\/tentenwerk.nl\\\/wp-content\\\/uploads\\\/2025\\\/09\\\/cropped-Tentenwerk-logo.png\",\"width\":369,\"height\":299,\"caption\":\"Tentenwerk\"},\"image\":{\"@id\":\"https:\\\/\\\/tentenwerk.nl\\\/#\\\/schema\\\/logo\\\/image\\\/\"},\"sameAs\":[\"https:\\\/\\\/www.facebook.com\\\/tentenwerk\",\"https:\\\/\\\/www.instagram.com\\\/tentenwerk\",\"https:\\\/\\\/www.linkedin.com\\\/company\\\/tentenwerk\"]}]}<\/script>\n<!-- \/ Yoast SEO plugin. -->","yoast_head_json":{"title":"tentverkoop - Tentenwerk","robots":{"index":"index","follow":"follow","max-snippet":"max-snippet:-1","max-image-preview":"max-image-preview:large","max-video-preview":"max-video-preview:-1"},"canonical":"https:\/\/tentenwerk.nl\/de\/onze-tenten\/tentverkoop\/","og_locale":"de_DE","og_type":"article","og_title":"tentverkoop - Tentenwerk","og_description":"Een gebruikte tent kopen bij Tentenwerk betekent: Huidig aanbod gebruikte stretchtenten Op dit moment zijn de volgende stretchtenten beschikbaar voor [&hellip;]","og_url":"https:\/\/tentenwerk.nl\/de\/onze-tenten\/tentverkoop\/","og_site_name":"Tentenwerk","article_publisher":"https:\/\/www.facebook.com\/tentenwerk","article_modified_time":"2026-02-05T13:38:20+00:00","og_image":[{"url":"http:\/\/tentenwerk.nl\/wp-content\/uploads\/2026\/01\/Tentenwerk-stretchtent-verkoop-zijwanden-en-nieuwe-vloer.jpeg","type":"","width":"","height":""}],"twitter_card":"summary_large_image","twitter_misc":{"Gesch\u00e4tzte Lesezeit":"3\u00a0Minuten"},"schema":{"@context":"https:\/\/schema.org","@graph":[{"@type":"WebPage","@id":"https:\/\/tentenwerk.nl\/onze-tenten\/tentverkoop\/","url":"https:\/\/tentenwerk.nl\/onze-tenten\/tentverkoop\/","name":"tentverkoop - Tentenwerk","isPartOf":{"@id":"https:\/\/tentenwerk.nl\/#website"},"primaryImageOfPage":{"@id":"https:\/\/tentenwerk.nl\/onze-tenten\/tentverkoop\/#primaryimage"},"image":{"@id":"https:\/\/tentenwerk.nl\/onze-tenten\/tentverkoop\/#primaryimage"},"thumbnailUrl":"http:\/\/tentenwerk.nl\/wp-content\/uploads\/2026\/01\/Tentenwerk-stretchtent-verkoop-zijwanden-en-nieuwe-vloer.jpeg","datePublished":"2026-01-08T15:15:01+00:00","dateModified":"2026-02-05T13:38:20+00:00","breadcrumb":{"@id":"https:\/\/tentenwerk.nl\/onze-tenten\/tentverkoop\/#breadcrumb"},"inLanguage":"de","potentialAction":[{"@type":"ReadAction","target":["https:\/\/tentenwerk.nl\/onze-tenten\/tentverkoop\/"]}]},{"@type":"ImageObject","inLanguage":"de","@id":"https:\/\/tentenwerk.nl\/onze-tenten\/tentverkoop\/#primaryimage","url":"http:\/\/tentenwerk.nl\/wp-content\/uploads\/2026\/01\/Tentenwerk-stretchtent-verkoop-zijwanden-en-nieuwe-vloer.jpeg","contentUrl":"http:\/\/tentenwerk.nl\/wp-content\/uploads\/2026\/01\/Tentenwerk-stretchtent-verkoop-zijwanden-en-nieuwe-vloer.jpeg"},{"@type":"BreadcrumbList","@id":"https:\/\/tentenwerk.nl\/onze-tenten\/tentverkoop\/#breadcrumb","itemListElement":[{"@type":"ListItem","position":1,"name":"Home","item":"https:\/\/tentenwerk.nl\/"},{"@type":"ListItem","position":2,"name":"onze tenten","item":"https:\/\/tentenwerk.nl\/onze-tenten\/"},{"@type":"ListItem","position":3,"name":"tentverkoop"}]},{"@type":"WebSite","@id":"https:\/\/tentenwerk.nl\/#website","url":"https:\/\/tentenwerk.nl\/","name":"Tentenwerk","description":"verhuur van stijlvolle tenten en toebehoren","publisher":{"@id":"https:\/\/tentenwerk.nl\/#organization"},"potentialAction":[{"@type":"SearchAction","target":{"@type":"EntryPoint","urlTemplate":"https:\/\/tentenwerk.nl\/?s={search_term_string}"},"query-input":{"@type":"PropertyValueSpecification","valueRequired":true,"valueName":"search_term_string"}}],"inLanguage":"de"},{"@type":"Organization","@id":"https:\/\/tentenwerk.nl\/#organization","name":"Tentenwerk","url":"https:\/\/tentenwerk.nl\/","logo":{"@type":"ImageObject","inLanguage":"de","@id":"https:\/\/tentenwerk.nl\/#\/schema\/logo\/image\/","url":"https:\/\/tentenwerk.nl\/wp-content\/uploads\/2025\/09\/cropped-Tentenwerk-logo.png","contentUrl":"https:\/\/tentenwerk.nl\/wp-content\/uploads\/2025\/09\/cropped-Tentenwerk-logo.png","width":369,"height":299,"caption":"Tentenwerk"},"image":{"@id":"https:\/\/tentenwerk.nl\/#\/schema\/logo\/image\/"},"sameAs":["https:\/\/www.facebook.com\/tentenwerk","https:\/\/www.instagram.com\/tentenwerk","https:\/\/www.linkedin.com\/company\/tentenwerk"]}]}},"uagb_featured_image_src":{"full":false,"thumbnail":false,"medium":false,"medium_large":false,"large":false,"1536x1536":false,"2048x2048":false,"trp-custom-language-flag":false,"mailpoet_newsletter_max":false,"woocommerce_thumbnail":false,"woocommerce_single":false,"woocommerce_gallery_thumbnail":false},"uagb_author_info":{"display_name":"admin","author_link":"https:\/\/tentenwerk.nl\/de\/author\/admin\/"},"uagb_comment_info":0,"uagb_excerpt":"Een gebruikte tent kopen bij Tentenwerk betekent: Huidig aanbod gebruikte stretchtenten Op dit moment zijn de volgende stretchtenten beschikbaar voor [&hellip;]","_links":{"self":[{"href":"https:\/\/tentenwerk.nl\/de\/wp-json\/wp\/v2\/pages\/1079","targetHints":{"allow":["GET"]}}],"collection":[{"href":"https:\/\/tentenwerk.nl\/de\/wp-json\/wp\/v2\/pages"}],"about":[{"href":"https:\/\/tentenwerk.nl\/de\/wp-json\/wp\/v2\/types\/page"}],"author":[{"embeddable":true,"href":"https:\/\/tentenwerk.nl\/de\/wp-json\/wp\/v2\/users\/1"}],"replies":[{"embeddable":true,"href":"https:\/\/tentenwerk.nl\/de\/wp-json\/wp\/v2\/comments?post=1079"}],"version-history":[{"count":5,"href":"https:\/\/tentenwerk.nl\/de\/wp-json\/wp\/v2\/pages\/1079\/revisions"}],"predecessor-version":[{"id":1115,"href":"https:\/\/tentenwerk.nl\/de\/wp-json\/wp\/v2\/pages\/1079\/revisions\/1115"}],"up":[{"embeddable":true,"href":"https:\/\/tentenwerk.nl\/de\/wp-json\/wp\/v2\/pages\/257"}],"wp:attachment":[{"href":"https:\/\/tentenwerk.nl\/de\/wp-json\/wp\/v2\/media?parent=1079"}],"curies":[{"name":"wp","href":"https:\/\/api.w.org\/{rel}","templated":true}]}}