{"id":1078,"date":"2026-01-08T15:26:49","date_gmt":"2026-01-08T15:26:49","guid":{"rendered":"http:\/\/tentenwerk.nl\/?page_id=1078"},"modified":"2026-02-05T13:20:00","modified_gmt":"2026-02-05T13:20:00","slug":"magazine","status":"publish","type":"page","link":"https:\/\/tentenwerk.nl\/de\/inspiratie\/magazine\/","title":{"rendered":"Magazin"},"content":{"rendered":"<div class=\"wp-block-uagb-container uagb-block-a3pwbwkt alignfull uagb-is-root-container\"><div class=\"uagb-container-inner-blocks-wrap\">\n<div class=\"wp-block-uagb-container uagb-block-xoav0iiv\">\n<div class=\"wp-block-uagb-info-box uagb-block-ufrt6t0t uagb-infobox__content-wrap  uagb-infobox-icon-above-title uagb-infobox-image-valign-top\"><div class=\"uagb-ifb-content\"><div class=\"uagb-ifb-title-wrap\"><h1 class=\"uagb-ifb-title\">Tentenwerk Magazin<\/h1><\/div><p class=\"uagb-ifb-desc\">Wir haben ein sehr sch\u00f6nes Magazin mit (fast) dem gesamten Tentenwerk-Angebot. M\u00f6chtest du gerne ein hochwertiges Exemplar auf Papier erhalten? Dann nimm gerne Kontakt mit uns auf.<\/p><\/div><\/div>\n\n\n\n<div class=\"wp-block-uagb-buttons uagb-buttons__outer-wrap uagb-btn__default-btn uagb-btn-tablet__default-btn uagb-btn-mobile__default-btn uagb-block-7rximwf1\"><div class=\"uagb-buttons__wrap uagb-buttons-layout-wrap\">\n<div class=\"wp-block-uagb-buttons-child uagb-buttons__outer-wrap uagb-block-dbgkneib wp-block-button\"><div class=\"uagb-button__wrapper\"><a class=\"uagb-buttons-repeater wp-block-button__link\" aria-label=\"\" href=\"\/de\/contact\/\" rel=\"follow noopener\" target=\"_self\" role=\"button\"><div class=\"uagb-button__link\">Fordere unser Magazin an!<\/div><\/a><\/div><\/div>\n<\/div><\/div>\n<\/div>\n\n\n\n<div class=\"wp-block-uagb-container uagb-block-bj2psnoi\">\n<div class=\"wp-block-uagb-image alignleft uagb-block-y7fykvpp wp-block-uagb-image--layout-default wp-block-uagb-image--effect-static wp-block-uagb-image--align-left\"><figure class=\"wp-block-uagb-image__figure\"><img decoding=\"async\" srcset=\"https:\/\/tentenwerk.nl\/wp-content\/uploads\/2026\/01\/Tentenwerk-magazine-cover-740x1024.png ,https:\/\/tentenwerk.nl\/wp-content\/uploads\/2026\/01\/Tentenwerk-magazine-cover.png 780w, https:\/\/tentenwerk.nl\/wp-content\/uploads\/2026\/01\/Tentenwerk-magazine-cover.png 360w\" sizes=\"auto, (max-width: 480px) 150px\" src=\"https:\/\/tentenwerk.nl\/wp-content\/uploads\/2026\/01\/Tentenwerk-magazine-cover-740x1024.png\" alt=\"tentenwerk magazine cover\" class=\"uag-image-1085\" width=\"270\" height=\"360\" title=\"tentenwerk magazine cover\" loading=\"lazy\" role=\"img\"\/><\/figure><\/div>\n\n\n\n<div class=\"wp-block-uagb-image alignleft uagb-block-nu2hcntd wp-block-uagb-image--layout-default wp-block-uagb-image--effect-static wp-block-uagb-image--align-left\"><figure class=\"wp-block-uagb-image__figure\"><img decoding=\"async\" srcset=\"https:\/\/tentenwerk.nl\/wp-content\/uploads\/2026\/01\/Tentenwerk-magazine-inhoud-sailcloth-710x1024.png ,https:\/\/tentenwerk.nl\/wp-content\/uploads\/2026\/01\/Tentenwerk-magazine-inhoud-sailcloth.png 780w, https:\/\/tentenwerk.nl\/wp-content\/uploads\/2026\/01\/Tentenwerk-magazine-inhoud-sailcloth.png 360w\" sizes=\"auto, (max-width: 480px) 150px\" src=\"https:\/\/tentenwerk.nl\/wp-content\/uploads\/2026\/01\/Tentenwerk-magazine-inhoud-sailcloth-710x1024.png\" alt=\"tentenwerk magazine inhoud sailcloth\" class=\"uag-image-1083\" width=\"270\" height=\"360\" title=\"tentenwerk magazine inhoud sailcloth\" loading=\"lazy\" role=\"img\"\/><\/figure><\/div>\n<\/div>\n<\/div><\/div>\n\n\n\n<div class=\"wp-block-uagb-container uagb-block-8c1a0f29 alignfull uagb-is-root-container\"><div class=\"uagb-container-inner-blocks-wrap\">\n<div class=\"real3dflipbook\" id=\"1_69f339e2702ca\" style=\"position:absolute;\"><\/div>\n<\/div><\/div>\n\n\n\n<div class=\"wp-block-uagb-container uagb-block-kwesplkq alignfull uagb-is-root-container\"><div class=\"uagb-container-inner-blocks-wrap\">\n<div class=\"wp-block-uagb-container uagb-block-xgmynr8o alignfull uagb-is-root-container\"><div class=\"uagb-container-inner-blocks-wrap\">\n<div class=\"wp-block-uagb-image alignleft uagb-block-hez41rqs wp-block-uagb-image--layout-default wp-block-uagb-image--effect-static wp-block-uagb-image--align-left\"><figure class=\"wp-block-uagb-image__figure\"><img decoding=\"async\" srcset=\"https:\/\/tentenwerk.nl\/wp-content\/uploads\/2026\/01\/Tentenwerk-magazine-inhoud-725x1024.png ,https:\/\/tentenwerk.nl\/wp-content\/uploads\/2026\/01\/Tentenwerk-magazine-inhoud.png 780w, https:\/\/tentenwerk.nl\/wp-content\/uploads\/2026\/01\/Tentenwerk-magazine-inhoud.png 360w\" sizes=\"auto, (max-width: 480px) 150px\" src=\"https:\/\/tentenwerk.nl\/wp-content\/uploads\/2026\/01\/Tentenwerk-magazine-inhoud-725x1024.png\" alt=\"tentenwerk magazine inhoud\" class=\"uag-image-1084\" width=\"500\" height=\"660\" title=\"tentenwerk magazine inhoud\" loading=\"lazy\" role=\"img\"\/><\/figure><\/div>\n\n\n\n<div class=\"wp-block-uagb-container uagb-block-nm51nwm0\">\n<div class=\"wp-block-uagb-info-box uagb-block-o6twzwdp uagb-infobox__content-wrap  uagb-infobox-icon-above-title uagb-infobox-image-valign-top\"><div class=\"uagb-ifb-content\"><div class=\"uagb-ifb-title-wrap\"><h3 class=\"uagb-ifb-title\">Das Tentenwerk-Magazin: Inspiration aus der Praxis<\/h3><\/div><p class=\"uagb-ifb-desc\">Unser Magazin ist unsere eigene Inspirations- und Story-Plattform, speziell f\u00fcr Auftraggeber, Partner und alle, die sich f\u00fcr Zelte, \u00dcberdachungen und Outdoor-Erlebnisse interessieren. Im Magazin nehmen wir dich mit hinter die Kulissen von Tentenwerk und zeigen, woran wir t\u00e4glich arbeiten.<br><br>Das Magazin zeigt, was alles mit Stretchzelten, Sailcloth-Zelten, Pagodenzelten und ma\u00dfgefertigten \u00dcberdachungen m\u00f6glich ist  immer mit Blick auf Qualit\u00e4t, Sicherheit und Ausstrahlung.<br><br>Das Tentenwerk Magazin handelt nicht nur vom Endergebnis, sondern auch vom Handwerk, den Entscheidungen hinter den Kulissen und den Menschen, die die Arbeit m\u00f6glich machen. Von technischen Details bis zu stimmungsvollen Fotos: Das Magazin soll inspirieren und informieren zugleich.<\/p><\/div><\/div>\n<\/div>\n<\/div><\/div>\n<\/div><\/div>","protected":false},"excerpt":{"rendered":"","protected":false},"author":1,"featured_media":0,"parent":819,"menu_order":0,"comment_status":"closed","ping_status":"closed","template":"","meta":{"_uag_custom_page_level_css":"","site-sidebar-layout":"default","site-content-layout":"","ast-site-content-layout":"default","site-content-style":"default","site-sidebar-style":"default","ast-global-header-display":"","ast-banner-title-visibility":"","ast-main-header-display":"","ast-hfb-above-header-display":"","ast-hfb-below-header-display":"","ast-hfb-mobile-header-display":"","site-post-title":"disabled","ast-breadcrumbs-content":"","ast-featured-img":"","footer-sml-layout":"","ast-disable-related-posts":"","theme-transparent-header-meta":"","adv-header-id-meta":"","stick-header-meta":"","header-above-stick-meta":"","header-main-stick-meta":"","header-below-stick-meta":"","astra-migrate-meta-layouts":"default","ast-page-background-enabled":"default","ast-page-background-meta":{"desktop":{"background-color":"var(--ast-global-color-4)","background-image":"","background-repeat":"repeat","background-position":"center center","background-size":"auto","background-attachment":"scroll","background-type":"","background-media":"","overlay-type":"","overlay-color":"","overlay-opacity":"","overlay-gradient":""},"tablet":{"background-color":"","background-image":"","background-repeat":"repeat","background-position":"center center","background-size":"auto","background-attachment":"scroll","background-type":"","background-media":"","overlay-type":"","overlay-color":"","overlay-opacity":"","overlay-gradient":""},"mobile":{"background-color":"","background-image":"","background-repeat":"repeat","background-position":"center center","background-size":"auto","background-attachment":"scroll","background-type":"","background-media":"","overlay-type":"","overlay-color":"","overlay-opacity":"","overlay-gradient":""}},"ast-content-background-meta":{"desktop":{"background-color":"var(--ast-global-color-5)","background-image":"","background-repeat":"repeat","background-position":"center center","background-size":"auto","background-attachment":"scroll","background-type":"","background-media":"","overlay-type":"","overlay-color":"","overlay-opacity":"","overlay-gradient":""},"tablet":{"background-color":"var(--ast-global-color-5)","background-image":"","background-repeat":"repeat","background-position":"center center","background-size":"auto","background-attachment":"scroll","background-type":"","background-media":"","overlay-type":"","overlay-color":"","overlay-opacity":"","overlay-gradient":""},"mobile":{"background-color":"var(--ast-global-color-5)","background-image":"","background-repeat":"repeat","background-position":"center center","background-size":"auto","background-attachment":"scroll","background-type":"","background-media":"","overlay-type":"","overlay-color":"","overlay-opacity":"","overlay-gradient":""}},"footnotes":""},"class_list":["post-1078","page","type-page","status-publish","hentry"],"yoast_head":"<!-- This site is optimized with the Yoast SEO plugin v27.4 - https:\/\/yoast.com\/product\/yoast-seo-wordpress\/ -->\n<title>magazine - Tentenwerk<\/title>\n<meta name=\"robots\" content=\"index, follow, max-snippet:-1, max-image-preview:large, max-video-preview:-1\" \/>\n<link rel=\"canonical\" href=\"https:\/\/tentenwerk.nl\/de\/inspiratie\/magazine\/\" \/>\n<meta property=\"og:locale\" content=\"de_DE\" \/>\n<meta property=\"og:type\" content=\"article\" \/>\n<meta property=\"og:title\" content=\"magazine - Tentenwerk\" \/>\n<meta property=\"og:url\" content=\"https:\/\/tentenwerk.nl\/de\/inspiratie\/magazine\/\" \/>\n<meta property=\"og:site_name\" content=\"Tentenwerk\" \/>\n<meta property=\"article:publisher\" content=\"https:\/\/www.facebook.com\/tentenwerk\" \/>\n<meta property=\"article:modified_time\" content=\"2026-02-05T13:20:00+00:00\" \/>\n<meta property=\"og:image\" content=\"http:\/\/tentenwerk.nl\/wp-content\/uploads\/2026\/01\/Tentenwerk-magazine-cover-740x1024.png\" \/>\n<meta name=\"twitter:card\" content=\"summary_large_image\" \/>\n<meta name=\"twitter:label1\" content=\"Gesch\u00e4tzte Lesezeit\" \/>\n\t<meta name=\"twitter:data1\" content=\"2\u00a0Minuten\" \/>\n<script type=\"application\/ld+json\" class=\"yoast-schema-graph\">{\"@context\":\"https:\\\/\\\/schema.org\",\"@graph\":[{\"@type\":\"WebPage\",\"@id\":\"https:\\\/\\\/tentenwerk.nl\\\/inspiratie\\\/magazine\\\/\",\"url\":\"https:\\\/\\\/tentenwerk.nl\\\/inspiratie\\\/magazine\\\/\",\"name\":\"magazine - Tentenwerk\",\"isPartOf\":{\"@id\":\"https:\\\/\\\/tentenwerk.nl\\\/#website\"},\"primaryImageOfPage\":{\"@id\":\"https:\\\/\\\/tentenwerk.nl\\\/inspiratie\\\/magazine\\\/#primaryimage\"},\"image\":{\"@id\":\"https:\\\/\\\/tentenwerk.nl\\\/inspiratie\\\/magazine\\\/#primaryimage\"},\"thumbnailUrl\":\"http:\\\/\\\/tentenwerk.nl\\\/wp-content\\\/uploads\\\/2026\\\/01\\\/Tentenwerk-magazine-cover-740x1024.png\",\"datePublished\":\"2026-01-08T15:26:49+00:00\",\"dateModified\":\"2026-02-05T13:20:00+00:00\",\"breadcrumb\":{\"@id\":\"https:\\\/\\\/tentenwerk.nl\\\/inspiratie\\\/magazine\\\/#breadcrumb\"},\"inLanguage\":\"de\",\"potentialAction\":[{\"@type\":\"ReadAction\",\"target\":[\"https:\\\/\\\/tentenwerk.nl\\\/inspiratie\\\/magazine\\\/\"]}]},{\"@type\":\"ImageObject\",\"inLanguage\":\"de\",\"@id\":\"https:\\\/\\\/tentenwerk.nl\\\/inspiratie\\\/magazine\\\/#primaryimage\",\"url\":\"http:\\\/\\\/tentenwerk.nl\\\/wp-content\\\/uploads\\\/2026\\\/01\\\/Tentenwerk-magazine-cover-740x1024.png\",\"contentUrl\":\"http:\\\/\\\/tentenwerk.nl\\\/wp-content\\\/uploads\\\/2026\\\/01\\\/Tentenwerk-magazine-cover-740x1024.png\"},{\"@type\":\"BreadcrumbList\",\"@id\":\"https:\\\/\\\/tentenwerk.nl\\\/inspiratie\\\/magazine\\\/#breadcrumb\",\"itemListElement\":[{\"@type\":\"ListItem\",\"position\":1,\"name\":\"Home\",\"item\":\"https:\\\/\\\/tentenwerk.nl\\\/\"},{\"@type\":\"ListItem\",\"position\":2,\"name\":\"inspiratie\",\"item\":\"https:\\\/\\\/tentenwerk.nl\\\/inspiratie\\\/\"},{\"@type\":\"ListItem\",\"position\":3,\"name\":\"magazine\"}]},{\"@type\":\"WebSite\",\"@id\":\"https:\\\/\\\/tentenwerk.nl\\\/#website\",\"url\":\"https:\\\/\\\/tentenwerk.nl\\\/\",\"name\":\"Tentenwerk\",\"description\":\"verhuur van stijlvolle tenten en toebehoren\",\"publisher\":{\"@id\":\"https:\\\/\\\/tentenwerk.nl\\\/#organization\"},\"potentialAction\":[{\"@type\":\"SearchAction\",\"target\":{\"@type\":\"EntryPoint\",\"urlTemplate\":\"https:\\\/\\\/tentenwerk.nl\\\/?s={search_term_string}\"},\"query-input\":{\"@type\":\"PropertyValueSpecification\",\"valueRequired\":true,\"valueName\":\"search_term_string\"}}],\"inLanguage\":\"de\"},{\"@type\":\"Organization\",\"@id\":\"https:\\\/\\\/tentenwerk.nl\\\/#organization\",\"name\":\"Tentenwerk\",\"url\":\"https:\\\/\\\/tentenwerk.nl\\\/\",\"logo\":{\"@type\":\"ImageObject\",\"inLanguage\":\"de\",\"@id\":\"https:\\\/\\\/tentenwerk.nl\\\/#\\\/schema\\\/logo\\\/image\\\/\",\"url\":\"https:\\\/\\\/tentenwerk.nl\\\/wp-content\\\/uploads\\\/2025\\\/09\\\/cropped-Tentenwerk-logo.png\",\"contentUrl\":\"https:\\\/\\\/tentenwerk.nl\\\/wp-content\\\/uploads\\\/2025\\\/09\\\/cropped-Tentenwerk-logo.png\",\"width\":369,\"height\":299,\"caption\":\"Tentenwerk\"},\"image\":{\"@id\":\"https:\\\/\\\/tentenwerk.nl\\\/#\\\/schema\\\/logo\\\/image\\\/\"},\"sameAs\":[\"https:\\\/\\\/www.facebook.com\\\/tentenwerk\",\"https:\\\/\\\/www.instagram.com\\\/tentenwerk\",\"https:\\\/\\\/www.linkedin.com\\\/company\\\/tentenwerk\"]}]}<\/script>\n<!-- \/ Yoast SEO plugin. -->","yoast_head_json":{"title":"magazine - Tentenwerk","robots":{"index":"index","follow":"follow","max-snippet":"max-snippet:-1","max-image-preview":"max-image-preview:large","max-video-preview":"max-video-preview:-1"},"canonical":"https:\/\/tentenwerk.nl\/de\/inspiratie\/magazine\/","og_locale":"de_DE","og_type":"article","og_title":"magazine - Tentenwerk","og_url":"https:\/\/tentenwerk.nl\/de\/inspiratie\/magazine\/","og_site_name":"Tentenwerk","article_publisher":"https:\/\/www.facebook.com\/tentenwerk","article_modified_time":"2026-02-05T13:20:00+00:00","og_image":[{"url":"http:\/\/tentenwerk.nl\/wp-content\/uploads\/2026\/01\/Tentenwerk-magazine-cover-740x1024.png","type":"","width":"","height":""}],"twitter_card":"summary_large_image","twitter_misc":{"Gesch\u00e4tzte Lesezeit":"2\u00a0Minuten"},"schema":{"@context":"https:\/\/schema.org","@graph":[{"@type":"WebPage","@id":"https:\/\/tentenwerk.nl\/inspiratie\/magazine\/","url":"https:\/\/tentenwerk.nl\/inspiratie\/magazine\/","name":"magazine - Tentenwerk","isPartOf":{"@id":"https:\/\/tentenwerk.nl\/#website"},"primaryImageOfPage":{"@id":"https:\/\/tentenwerk.nl\/inspiratie\/magazine\/#primaryimage"},"image":{"@id":"https:\/\/tentenwerk.nl\/inspiratie\/magazine\/#primaryimage"},"thumbnailUrl":"http:\/\/tentenwerk.nl\/wp-content\/uploads\/2026\/01\/Tentenwerk-magazine-cover-740x1024.png","datePublished":"2026-01-08T15:26:49+00:00","dateModified":"2026-02-05T13:20:00+00:00","breadcrumb":{"@id":"https:\/\/tentenwerk.nl\/inspiratie\/magazine\/#breadcrumb"},"inLanguage":"de","potentialAction":[{"@type":"ReadAction","target":["https:\/\/tentenwerk.nl\/inspiratie\/magazine\/"]}]},{"@type":"ImageObject","inLanguage":"de","@id":"https:\/\/tentenwerk.nl\/inspiratie\/magazine\/#primaryimage","url":"http:\/\/tentenwerk.nl\/wp-content\/uploads\/2026\/01\/Tentenwerk-magazine-cover-740x1024.png","contentUrl":"http:\/\/tentenwerk.nl\/wp-content\/uploads\/2026\/01\/Tentenwerk-magazine-cover-740x1024.png"},{"@type":"BreadcrumbList","@id":"https:\/\/tentenwerk.nl\/inspiratie\/magazine\/#breadcrumb","itemListElement":[{"@type":"ListItem","position":1,"name":"Home","item":"https:\/\/tentenwerk.nl\/"},{"@type":"ListItem","position":2,"name":"inspiratie","item":"https:\/\/tentenwerk.nl\/inspiratie\/"},{"@type":"ListItem","position":3,"name":"magazine"}]},{"@type":"WebSite","@id":"https:\/\/tentenwerk.nl\/#website","url":"https:\/\/tentenwerk.nl\/","name":"Tentenwerk","description":"verhuur van stijlvolle tenten en toebehoren","publisher":{"@id":"https:\/\/tentenwerk.nl\/#organization"},"potentialAction":[{"@type":"SearchAction","target":{"@type":"EntryPoint","urlTemplate":"https:\/\/tentenwerk.nl\/?s={search_term_string}"},"query-input":{"@type":"PropertyValueSpecification","valueRequired":true,"valueName":"search_term_string"}}],"inLanguage":"de"},{"@type":"Organization","@id":"https:\/\/tentenwerk.nl\/#organization","name":"Tentenwerk","url":"https:\/\/tentenwerk.nl\/","logo":{"@type":"ImageObject","inLanguage":"de","@id":"https:\/\/tentenwerk.nl\/#\/schema\/logo\/image\/","url":"https:\/\/tentenwerk.nl\/wp-content\/uploads\/2025\/09\/cropped-Tentenwerk-logo.png","contentUrl":"https:\/\/tentenwerk.nl\/wp-content\/uploads\/2025\/09\/cropped-Tentenwerk-logo.png","width":369,"height":299,"caption":"Tentenwerk"},"image":{"@id":"https:\/\/tentenwerk.nl\/#\/schema\/logo\/image\/"},"sameAs":["https:\/\/www.facebook.com\/tentenwerk","https:\/\/www.instagram.com\/tentenwerk","https:\/\/www.linkedin.com\/company\/tentenwerk"]}]}},"uagb_featured_image_src":{"full":false,"thumbnail":false,"medium":false,"medium_large":false,"large":false,"1536x1536":false,"2048x2048":false,"trp-custom-language-flag":false,"mailpoet_newsletter_max":false,"woocommerce_thumbnail":false,"woocommerce_single":false,"woocommerce_gallery_thumbnail":false},"uagb_author_info":{"display_name":"admin","author_link":"https:\/\/tentenwerk.nl\/de\/author\/admin\/"},"uagb_comment_info":0,"uagb_excerpt":null,"_links":{"self":[{"href":"https:\/\/tentenwerk.nl\/de\/wp-json\/wp\/v2\/pages\/1078","targetHints":{"allow":["GET"]}}],"collection":[{"href":"https:\/\/tentenwerk.nl\/de\/wp-json\/wp\/v2\/pages"}],"about":[{"href":"https:\/\/tentenwerk.nl\/de\/wp-json\/wp\/v2\/types\/page"}],"author":[{"embeddable":true,"href":"https:\/\/tentenwerk.nl\/de\/wp-json\/wp\/v2\/users\/1"}],"replies":[{"embeddable":true,"href":"https:\/\/tentenwerk.nl\/de\/wp-json\/wp\/v2\/comments?post=1078"}],"version-history":[{"count":5,"href":"https:\/\/tentenwerk.nl\/de\/wp-json\/wp\/v2\/pages\/1078\/revisions"}],"predecessor-version":[{"id":2066,"href":"https:\/\/tentenwerk.nl\/de\/wp-json\/wp\/v2\/pages\/1078\/revisions\/2066"}],"up":[{"embeddable":true,"href":"https:\/\/tentenwerk.nl\/de\/wp-json\/wp\/v2\/pages\/819"}],"wp:attachment":[{"href":"https:\/\/tentenwerk.nl\/de\/wp-json\/wp\/v2\/media?parent=1078"}],"curies":[{"name":"wp","href":"https:\/\/api.w.org\/{rel}","templated":true}]}}